{"id":61140,"date":"2024-02-14T20:33:29","date_gmt":"2024-09-16T10:40:27","guid":{"rendered":"https:\/\/staging.nbg.eu\/product\/geissele-16-super-modular-rail-mk18-m-lok\/"},"modified":"2024-09-16T10:41:29","modified_gmt":"2024-09-16T10:41:29","slug":"geissele-16-super-modular-rail-mk18-m-lok","status":"publish","type":"product","link":"https:\/\/staging.nbg.eu\/pl\/produkt\/geissele-16-super-modular-rail-mk18-m-lok\/","title":{"rendered":"Geissele 16&#8243; Super Modular Rail MK18 M-LOK\u00ae"},"content":{"rendered":"<h2 style=\"text-align: center\"><b>16&#8243; Modu\u0142owa szyna MK18 M-LOK\u00ae<\/b><\/h2>\n<p>MK18 to najnowszy model szyn modu\u0142owych Geissele, zaprojektowany do wsp\u00f3\u0142pracy z systemem szybkiego monta\u017cu Arca-Swiss. Oparty na szynie MK16 M-LOK, oferuje ma\u0142y \u015brednic\u0119 i wysoko\u015b\u0107, tworz\u0105c smuk\u0142y profil. P\u0142aska podstawa MK18 ma 35 mm szeroko\u015bci z 45-stopniowym rowkiem, umo\u017cliwiaj\u0105cym szybki monta\u017c na bazie Arca-Swiss. MK18 posiada opatentowan\u0105 nakr\u0119tk\u0119 lufow\u0105 o d\u0142ugo\u015bci 2,25 cala, zapewniaj\u0105c\u0105 prostoliniowo\u015b\u0107 na ca\u0142ej d\u0142ugo\u015bci szyny. 16-calowy MK18 jest precyzyjnie frezowany z aluminium serii 7000.<\/p>\n<p>Wykorzystuje technologi\u0119 M-LOK firmy Magpul na trzech g\u0142\u00f3wnych kwadrantach (lewy, prawy i dolny) oraz g\u00f3rnych 45\u00b0. MK18 jest wyko\u0144czony trwa\u0142\u0105 anodyzacj\u0105 typu 3, dost\u0119pn\u0105 w kolorze czarnym lub DDC.<\/p>\n<p>Szyna modu\u0142owa Geissele MK18 jest kompatybilna z karabinami AR15 zgodnych z mil-spec.<\/p>\n<h2 style=\"text-align: center\"><strong>SPECYFIKACJA<\/strong><\/h2>\n<hr \/>\n<table border=\"1\">\n<tbody>\n<tr>\n<td><strong>WYSOKO\u015a\u0106: <\/strong><\/td>\n<td> 2,08<\/td>\n<\/tr>\n<tr>\n<td><strong>KOLOR: <\/strong><\/td>\n<td> DDC \/ Czarny<\/td>\n<\/tr>\n<tr>\n<td><strong>MATERIA\u0141: <\/strong><\/td>\n<td> Aluminium serii 7000<\/td>\n<\/tr>\n<tr>\n<td><strong>WYKO\u0143CZENIE: <\/strong><\/td>\n<td> Anodyzacja typu 3<\/td>\n<\/tr>\n<tr>\n<td><strong>D\u0141UGO\u015a\u0106: <\/strong><\/td>\n<td> 16,5&#8243;<\/td>\n<\/tr>\n<tr>\n<td><strong>\u015aREDNICA WEWN\u0118TRZNA: <\/strong><\/td>\n<td> 1,26&#8243;<\/td>\n<\/tr>\n<tr>\n<td><strong>\u015aREDNICA ZEWN\u0118TRZNA (DAQ*): <\/strong><\/td>\n<td> 1,59&#8243;<\/td>\n<\/tr>\n<tr>\n<td><strong>WAGA MK18: <\/strong><\/td>\n<td> 482 g (521 g z nakr\u0119tk\u0105 lufow\u0105)<\/td>\n<\/tr>\n<\/tbody>\n<\/table>\n<p>&nbsp;<\/p>\n<p><em>*DAQ &#8211; Odleg\u0142o\u015b\u0107 mi\u0119dzy kwadrantami<\/em><\/p>\n","protected":false},"excerpt":{"rendered":"<p><strong>Zaprojektowany do wsp\u00f3\u0142pracy z systemem szybkiego mocowania Arca-Swiss<\/strong><\/p>\n","protected":false},"featured_media":61141,"template":"","meta":{"_acf_changed":false},"product_brand":[11392],"product_cat":[12623,12571,12572],"product_tag":[],"class_list":{"0":"post-61140","1":"product","2":"type-product","3":"status-publish","4":"has-post-thumbnail","6":"product_brand-geissele","7":"product_cat-karabin","8":"product_cat-szyny","9":"product_cat-tuning-karabinowy","11":"first","12":"outofstock","13":"taxable","14":"shipping-taxable","15":"product-type-variable","16":"wvs-archive-product-wrapper"},"acf":[],"_links":{"self":[{"href":"https:\/\/staging.nbg.eu\/pl\/wp-json\/wp\/v2\/product\/61140","targetHints":{"allow":["GET"]}}],"collection":[{"href":"https:\/\/staging.nbg.eu\/pl\/wp-json\/wp\/v2\/product"}],"about":[{"href":"https:\/\/staging.nbg.eu\/pl\/wp-json\/wp\/v2\/types\/product"}],"wp:featuredmedia":[{"embeddable":true,"href":"https:\/\/staging.nbg.eu\/pl\/wp-json\/wp\/v2\/media\/61141"}],"wp:attachment":[{"href":"https:\/\/staging.nbg.eu\/pl\/wp-json\/wp\/v2\/media?parent=61140"}],"wp:term":[{"taxonomy":"product_brand","embeddable":true,"href":"https:\/\/staging.nbg.eu\/pl\/wp-json\/wp\/v2\/product_brand?post=61140"},{"taxonomy":"product_cat","embeddable":true,"href":"https:\/\/staging.nbg.eu\/pl\/wp-json\/wp\/v2\/product_cat?post=61140"},{"taxonomy":"product_tag","embeddable":true,"href":"https:\/\/staging.nbg.eu\/pl\/wp-json\/wp\/v2\/product_tag?post=61140"}],"curies":[{"name":"wp","href":"https:\/\/api.w.org\/{rel}","templated":true}]}}