{"id":60438,"date":"2024-02-15T07:17:14","date_gmt":"2024-02-15T07:17:14","guid":{"rendered":"https:\/\/staging.nbg.eu\/product\/geissele-super-42-rifle-length-spring\/"},"modified":"2024-09-13T16:16:50","modified_gmt":"2024-09-13T16:16:50","slug":"geissele-super-42-sprezyna-o-dlugosci-karabinowej","status":"publish","type":"product","link":"https:\/\/staging.nbg.eu\/pl\/produkt\/geissele-super-42-sprezyna-o-dlugosci-karabinowej\/","title":{"rendered":"Geissele Super 42 Spr\u0119\u017cyna o D\u0142ugo\u015bci Karabinowej"},"content":{"rendered":"<p>\nGeissele Super 42 spr\u0119\u017cyna o d\u0142ugo\u015bci karabinowej do M-16\/AR-15. Posiada konstrukcj\u0119 z potr\u00f3jnego drutu, kt\u00f3ra dzia\u0142a jak t\u0142umik harmoniczny, poch\u0142aniaj\u0105c energi\u0119 i zmniejszaj\u0105c ryzyko uszkodzenia spr\u0119\u017cyny. Zapewnia lepsz\u0105 niezawodno\u015b\u0107, redukuje d\u017awi\u0119k &#8222;twang&#8221; i jest kompatybilna ze standardowymi buforami i rurami o d\u0142ugo\u015bci karabinowej.<\/p>\n","protected":false},"excerpt":{"rendered":"<p>Popraw wydajno\u015b\u0107 AR-15 dzi\u0119ki innowacyjnej tr\u00f3jpasmowej spr\u0119\u017cynie Geissele.<\/p>\n","protected":false},"featured_media":60439,"template":"","meta":{"_acf_changed":false},"product_brand":[11392],"product_cat":[12623,12634,12572],"product_tag":[],"class_list":{"0":"post-60438","1":"product","2":"type-product","3":"status-publish","4":"has-post-thumbnail","6":"product_brand-geissele","7":"product_cat-karabin","8":"product_cat-sprezyny","9":"product_cat-tuning-karabinowy","11":"first","12":"instock","13":"taxable","14":"shipping-taxable","15":"product-type-simple"},"acf":[],"_links":{"self":[{"href":"https:\/\/staging.nbg.eu\/pl\/wp-json\/wp\/v2\/product\/60438","targetHints":{"allow":["GET"]}}],"collection":[{"href":"https:\/\/staging.nbg.eu\/pl\/wp-json\/wp\/v2\/product"}],"about":[{"href":"https:\/\/staging.nbg.eu\/pl\/wp-json\/wp\/v2\/types\/product"}],"wp:featuredmedia":[{"embeddable":true,"href":"https:\/\/staging.nbg.eu\/pl\/wp-json\/wp\/v2\/media\/60439"}],"wp:attachment":[{"href":"https:\/\/staging.nbg.eu\/pl\/wp-json\/wp\/v2\/media?parent=60438"}],"wp:term":[{"taxonomy":"product_brand","embeddable":true,"href":"https:\/\/staging.nbg.eu\/pl\/wp-json\/wp\/v2\/product_brand?post=60438"},{"taxonomy":"product_cat","embeddable":true,"href":"https:\/\/staging.nbg.eu\/pl\/wp-json\/wp\/v2\/product_cat?post=60438"},{"taxonomy":"product_tag","embeddable":true,"href":"https:\/\/staging.nbg.eu\/pl\/wp-json\/wp\/v2\/product_tag?post=60438"}],"curies":[{"name":"wp","href":"https:\/\/api.w.org\/{rel}","templated":true}]}}