{"id":60307,"date":"2024-02-15T07:27:09","date_gmt":"2024-09-13T16:11:06","guid":{"rendered":"https:\/\/staging.nbg.eu\/product\/geissele-super-charging-handle-sch-5-56\/"},"modified":"2024-09-13T16:12:03","modified_gmt":"2024-09-13T16:12:03","slug":"geissele-super-charging-handle-sch-5-56","status":"publish","type":"product","link":"https:\/\/staging.nbg.eu\/pl\/produkt\/geissele-super-charging-handle-sch-5-56\/","title":{"rendered":"Geissele Super Charging Handle (SCH\u00ae) 5.56"},"content":{"rendered":"<div class=\"product-description\">\n<h2>Geissele Super Charging Handle (SCH\u00ae) 5.56<\/h2>\n<p>Precyzyjnie wykonany z aluminium 7075-T6, ten obustronny uchwyt do prze\u0142adowania posiada:<\/p>\n<ul>\n<li>Podw\u00f3jnie wyprofilowane d\u017awignie z fakturowanym uchwytem<\/li>\n<li>Ulepszone odprowadzanie gaz\u00f3w dla system\u00f3w z t\u0142umikiem<\/li>\n<li>Wyko\u0144czenie anodowane typu 3<\/li>\n<li>Dost\u0119pny w kolorze czarnym i DDC<\/li>\n<\/ul>\n<p>Popraw wydajno\u015b\u0107 swojego AR-15 dzi\u0119ki lepszej ergonomii i trwa\u0142o\u015bci.<\/p>\n<\/div>\n","protected":false},"excerpt":{"rendered":"<p>Obur\u0119czna d\u017awignia prze\u0142adowania z aluminium 7075-T6. Konstrukcja ograniczaj\u0105ca wydostawanie si\u0119 gaz\u00f3w.<\/p>\n","protected":false},"featured_media":60308,"template":"","meta":{"_acf_changed":false},"product_brand":[11392],"product_cat":[12578,12623,12572],"product_tag":[],"class_list":{"0":"post-60307","1":"product","2":"type-product","3":"status-publish","4":"has-post-thumbnail","6":"product_brand-geissele","7":"product_cat-dzwignie-przeladowania","8":"product_cat-karabin","9":"product_cat-tuning-karabinowy","11":"first","12":"instock","13":"taxable","14":"shipping-taxable","15":"product-type-variable","16":"wvs-archive-product-wrapper"},"acf":[],"_links":{"self":[{"href":"https:\/\/staging.nbg.eu\/pl\/wp-json\/wp\/v2\/product\/60307","targetHints":{"allow":["GET"]}}],"collection":[{"href":"https:\/\/staging.nbg.eu\/pl\/wp-json\/wp\/v2\/product"}],"about":[{"href":"https:\/\/staging.nbg.eu\/pl\/wp-json\/wp\/v2\/types\/product"}],"wp:featuredmedia":[{"embeddable":true,"href":"https:\/\/staging.nbg.eu\/pl\/wp-json\/wp\/v2\/media\/60308"}],"wp:attachment":[{"href":"https:\/\/staging.nbg.eu\/pl\/wp-json\/wp\/v2\/media?parent=60307"}],"wp:term":[{"taxonomy":"product_brand","embeddable":true,"href":"https:\/\/staging.nbg.eu\/pl\/wp-json\/wp\/v2\/product_brand?post=60307"},{"taxonomy":"product_cat","embeddable":true,"href":"https:\/\/staging.nbg.eu\/pl\/wp-json\/wp\/v2\/product_cat?post=60307"},{"taxonomy":"product_tag","embeddable":true,"href":"https:\/\/staging.nbg.eu\/pl\/wp-json\/wp\/v2\/product_tag?post=60307"}],"curies":[{"name":"wp","href":"https:\/\/api.w.org\/{rel}","templated":true}]}}