{"id":60081,"date":"2024-02-15T07:54:43","date_gmt":"2024-09-13T16:09:27","guid":{"rendered":"https:\/\/staging.nbg.eu\/product\/geissele-super-charging-handle-sch-7-62\/"},"modified":"2024-09-13T16:10:23","modified_gmt":"2024-09-13T16:10:23","slug":"geissele-super-charging-handle-sch-7-62","status":"publish","type":"product","link":"https:\/\/staging.nbg.eu\/pl\/produkt\/geissele-super-charging-handle-sch-7-62\/","title":{"rendered":"Geissele Super Charging Handle (SCH\u00ae) 7.62"},"content":{"rendered":"<div class=\"product-description\">\n<h2>Geissele Super Charging Handle (SCH\u00ae) 7.62<\/h2>\n<p>SCH\u00ae 7.62 to obur\u0119czna r\u0105czka prze\u0142adowania wykonana z aluminium 7075-T6. Posiada d\u017awignie z chropowat\u0105 powierzchni\u0105, zapewniaj\u0105ce obs\u0142ug\u0119 w r\u0119kawicach. Podwy\u017cszona tylna kraw\u0119d\u017a zmniejsza wydmuch gaz\u00f3w. Anodowana, dost\u0119pna w kolorze czarnym i pustynnym.<\/p>\n<p>Kompatybilna z wi\u0119kszo\u015bci\u0105 broni typu SR25, DPMS\/LR308 i AR10. Przed instalacj\u0105 nale\u017cy sprawdzi\u0107 zgodno\u015b\u0107 z producentem broni.<\/p>\n<p><strong>Niekompatybilna z:<\/strong> HK 762, Colt 901, DPMS GII, Adams Arms .308 Patrol Rifle, Daniel Defense DD5, Sig 716, BPM Long Range Marksman .308, Smith &amp; Wesson MP-10, Bushmaster BAR-10, Rock River Arms LAR-8.<\/p>\n<\/div>\n","protected":false},"excerpt":{"rendered":"<p>Obur\u0119czna r\u0105czka prze\u0142adowania z aluminium 7075-T6 do karabin\u00f3w kalibru 7,62 mm.<\/p>\n","protected":false},"featured_media":60082,"template":"","meta":{"_acf_changed":false},"product_brand":[11392],"product_cat":[12578,12623,12572],"product_tag":[],"class_list":{"0":"post-60081","1":"product","2":"type-product","3":"status-publish","4":"has-post-thumbnail","6":"product_brand-geissele","7":"product_cat-dzwignie-przeladowania","8":"product_cat-karabin","9":"product_cat-tuning-karabinowy","11":"first","12":"instock","13":"taxable","14":"shipping-taxable","15":"product-type-variable","16":"wvs-archive-product-wrapper"},"acf":[],"_links":{"self":[{"href":"https:\/\/staging.nbg.eu\/pl\/wp-json\/wp\/v2\/product\/60081","targetHints":{"allow":["GET"]}}],"collection":[{"href":"https:\/\/staging.nbg.eu\/pl\/wp-json\/wp\/v2\/product"}],"about":[{"href":"https:\/\/staging.nbg.eu\/pl\/wp-json\/wp\/v2\/types\/product"}],"wp:featuredmedia":[{"embeddable":true,"href":"https:\/\/staging.nbg.eu\/pl\/wp-json\/wp\/v2\/media\/60082"}],"wp:attachment":[{"href":"https:\/\/staging.nbg.eu\/pl\/wp-json\/wp\/v2\/media?parent=60081"}],"wp:term":[{"taxonomy":"product_brand","embeddable":true,"href":"https:\/\/staging.nbg.eu\/pl\/wp-json\/wp\/v2\/product_brand?post=60081"},{"taxonomy":"product_cat","embeddable":true,"href":"https:\/\/staging.nbg.eu\/pl\/wp-json\/wp\/v2\/product_cat?post=60081"},{"taxonomy":"product_tag","embeddable":true,"href":"https:\/\/staging.nbg.eu\/pl\/wp-json\/wp\/v2\/product_tag?post=60081"}],"curies":[{"name":"wp","href":"https:\/\/api.w.org\/{rel}","templated":true}]}}