{"id":59897,"date":"2024-02-15T10:31:20","date_gmt":"2024-09-13T16:05:45","guid":{"rendered":"https:\/\/staging.nbg.eu\/product\/geissele-super-configurable-safety-selector-black\/"},"modified":"2024-09-13T16:06:38","modified_gmt":"2024-09-13T16:06:38","slug":"geissele-super-configurable-safety-selector-black","status":"publish","type":"product","link":"https:\/\/staging.nbg.eu\/pl\/produkt\/geissele-super-configurable-safety-selector-black\/","title":{"rendered":"Geissele Super Configurable Safety Selector &#8211; Black"},"content":{"rendered":"<div class=\"product-description\">\n<h2>Geissele Konfigurowalny Selektor Bezpiecze\u0144stwa &#8211; Czarny<\/h2>\n<p>Selektor bezpiecze\u0144stwa obur\u0119czny. Posiada wymienne d\u017awignie umo\u017cliwiaj\u0105ce dostosowanie. Wyposa\u017cony w spr\u0119\u017cynowy mechanizm zapobiegaj\u0105cy zgubieniu podczas czyszczenia. Lufa wykonana ze stali nierdzewnej odpornej na korozj\u0119. S\u0142u\u017cy do poprawy bezpiecze\u0144stwa i u\u017cyteczno\u015bci broni palnej.<\/p>\n<\/div>\n","protected":false},"excerpt":{"rendered":"<p>Obur\u0119czny, konfigurowalny selektor bezpiecze\u0144stwa do AR-15. Wytrzyma\u0142a stal.<\/p>\n","protected":false},"featured_media":59898,"template":"","meta":{"_acf_changed":false},"product_brand":[11392],"product_cat":[12623,12572],"product_tag":[],"class_list":{"0":"post-59897","1":"product","2":"type-product","3":"status-publish","4":"has-post-thumbnail","6":"product_brand-geissele","7":"product_cat-karabin","8":"product_cat-tuning-karabinowy","10":"first","11":"instock","12":"taxable","13":"shipping-taxable","14":"product-type-simple"},"acf":[],"_links":{"self":[{"href":"https:\/\/staging.nbg.eu\/pl\/wp-json\/wp\/v2\/product\/59897","targetHints":{"allow":["GET"]}}],"collection":[{"href":"https:\/\/staging.nbg.eu\/pl\/wp-json\/wp\/v2\/product"}],"about":[{"href":"https:\/\/staging.nbg.eu\/pl\/wp-json\/wp\/v2\/types\/product"}],"wp:featuredmedia":[{"embeddable":true,"href":"https:\/\/staging.nbg.eu\/pl\/wp-json\/wp\/v2\/media\/59898"}],"wp:attachment":[{"href":"https:\/\/staging.nbg.eu\/pl\/wp-json\/wp\/v2\/media?parent=59897"}],"wp:term":[{"taxonomy":"product_brand","embeddable":true,"href":"https:\/\/staging.nbg.eu\/pl\/wp-json\/wp\/v2\/product_brand?post=59897"},{"taxonomy":"product_cat","embeddable":true,"href":"https:\/\/staging.nbg.eu\/pl\/wp-json\/wp\/v2\/product_cat?post=59897"},{"taxonomy":"product_tag","embeddable":true,"href":"https:\/\/staging.nbg.eu\/pl\/wp-json\/wp\/v2\/product_tag?post=59897"}],"curies":[{"name":"wp","href":"https:\/\/api.w.org\/{rel}","templated":true}]}}