{"id":59767,"date":"2024-02-15T10:48:43","date_gmt":"2024-09-13T16:02:07","guid":{"rendered":"https:\/\/staging.nbg.eu\/product\/geissele-maritime-bolt-catch\/"},"modified":"2024-09-13T16:03:01","modified_gmt":"2024-09-13T16:03:01","slug":"geissele-maritime-bolt-catch","status":"publish","type":"product","link":"https:\/\/staging.nbg.eu\/pl\/produkt\/geissele-maritime-bolt-catch\/","title":{"rendered":"Geissele Maritime Bolt Catch"},"content":{"rendered":"<p>\nGeissele Maritime Bolt Catch poprawia funkcjonalno\u015b\u0107 AR-15:<\/p>\n<ul>\n<li>Kompatybilny z dolnymi odbiornikami M16\/M4 zgodnych z normami wojskowymi<\/li>\n<li>Zwi\u0119kszona powierzchnia dla \u0142atwiejszej obs\u0142ugi<\/li>\n<li>Rozszerzone elementy steruj\u0105ce dla strzelc\u00f3w lewor\u0119cznych<\/li>\n<li>Wyra\u017ane karbowanie dla pewnego chwytu<\/li>\n<li>Odpowiedni do u\u017cytku w r\u0119kawicach lub w warunkach s\u0142abego o\u015bwietlenia<\/li>\n<\/ul>\n<p>Ten bolt catch jest przeznaczony dla u\u017cytkownik\u00f3w wojskowych i cywilnych.<\/p>\n","protected":false},"excerpt":{"rendered":"<p>Ulepszony zatrzask zamka z wi\u0119ksz\u0105 powierzchni\u0105 dla \u0142atwiejszej obs\u0142ugi.<\/p>\n","protected":false},"featured_media":59768,"template":"","meta":{"_acf_changed":false},"product_brand":[11392],"product_cat":[12623,12572],"product_tag":[],"class_list":{"0":"post-59767","1":"product","2":"type-product","3":"status-publish","4":"has-post-thumbnail","6":"product_brand-geissele","7":"product_cat-karabin","8":"product_cat-tuning-karabinowy","10":"first","11":"instock","12":"taxable","13":"shipping-taxable","14":"product-type-simple"},"acf":[],"_links":{"self":[{"href":"https:\/\/staging.nbg.eu\/pl\/wp-json\/wp\/v2\/product\/59767","targetHints":{"allow":["GET"]}}],"collection":[{"href":"https:\/\/staging.nbg.eu\/pl\/wp-json\/wp\/v2\/product"}],"about":[{"href":"https:\/\/staging.nbg.eu\/pl\/wp-json\/wp\/v2\/types\/product"}],"wp:featuredmedia":[{"embeddable":true,"href":"https:\/\/staging.nbg.eu\/pl\/wp-json\/wp\/v2\/media\/59768"}],"wp:attachment":[{"href":"https:\/\/staging.nbg.eu\/pl\/wp-json\/wp\/v2\/media?parent=59767"}],"wp:term":[{"taxonomy":"product_brand","embeddable":true,"href":"https:\/\/staging.nbg.eu\/pl\/wp-json\/wp\/v2\/product_brand?post=59767"},{"taxonomy":"product_cat","embeddable":true,"href":"https:\/\/staging.nbg.eu\/pl\/wp-json\/wp\/v2\/product_cat?post=59767"},{"taxonomy":"product_tag","embeddable":true,"href":"https:\/\/staging.nbg.eu\/pl\/wp-json\/wp\/v2\/product_tag?post=59767"}],"curies":[{"name":"wp","href":"https:\/\/api.w.org\/{rel}","templated":true}]}}