{"id":59578,"date":"2024-02-15T11:08:39","date_gmt":"2024-09-13T15:58:23","guid":{"rendered":"https:\/\/staging.nbg.eu\/product\/geissele-picatinny-rail-for-m-lok-7-slots\/"},"modified":"2024-09-13T15:59:22","modified_gmt":"2024-09-13T15:59:22","slug":"geissele-picatinny-rail-for-m-lok-7-slots","status":"publish","type":"product","link":"https:\/\/staging.nbg.eu\/pl\/produkt\/geissele-picatinny-rail-for-m-lok-7-slots\/","title":{"rendered":"Geissele Picatinny Rail for M-LOK, 7 Slots"},"content":{"rendered":"<div class=\"product-description\">\n<h2>Szyna Picatinny Geissele do M-LOK, 7 Slot\u00f3w<\/h2>\n<p>Szyna Picatinny Geissele do AR-15. Ta 7-slotowa szyna jest wykonana z aluminium 7075-T6 z anodowan\u0105 pow\u0142ok\u0105. Zapewnia mocowanie dla r\u00f3\u017cnych akcesori\u00f3w. Zaprojektowana zgodnie ze specyfikacjami, pasuje do os\u0142ony M-LOK.<\/p>\n<\/div>\n","protected":false},"excerpt":{"rendered":"<p>Precyzyjna 7-slotowa szyna Picatinny do systemu M-LOK. Bezpieczny monta\u017c akcesori\u00f3w dla AR-15.<\/p>\n","protected":false},"featured_media":59579,"template":"","meta":{"_acf_changed":false},"product_brand":[11392],"product_cat":[12623,12571],"product_tag":[],"class_list":{"0":"post-59578","1":"product","2":"type-product","3":"status-publish","4":"has-post-thumbnail","6":"product_brand-geissele","7":"product_cat-karabin","8":"product_cat-szyny","10":"first","11":"instock","12":"taxable","13":"shipping-taxable","14":"product-type-variable","15":"wvs-archive-product-wrapper"},"acf":[],"_links":{"self":[{"href":"https:\/\/staging.nbg.eu\/pl\/wp-json\/wp\/v2\/product\/59578","targetHints":{"allow":["GET"]}}],"collection":[{"href":"https:\/\/staging.nbg.eu\/pl\/wp-json\/wp\/v2\/product"}],"about":[{"href":"https:\/\/staging.nbg.eu\/pl\/wp-json\/wp\/v2\/types\/product"}],"wp:featuredmedia":[{"embeddable":true,"href":"https:\/\/staging.nbg.eu\/pl\/wp-json\/wp\/v2\/media\/59579"}],"wp:attachment":[{"href":"https:\/\/staging.nbg.eu\/pl\/wp-json\/wp\/v2\/media?parent=59578"}],"wp:term":[{"taxonomy":"product_brand","embeddable":true,"href":"https:\/\/staging.nbg.eu\/pl\/wp-json\/wp\/v2\/product_brand?post=59578"},{"taxonomy":"product_cat","embeddable":true,"href":"https:\/\/staging.nbg.eu\/pl\/wp-json\/wp\/v2\/product_cat?post=59578"},{"taxonomy":"product_tag","embeddable":true,"href":"https:\/\/staging.nbg.eu\/pl\/wp-json\/wp\/v2\/product_tag?post=59578"}],"curies":[{"name":"wp","href":"https:\/\/api.w.org\/{rel}","templated":true}]}}