{"id":59251,"date":"2024-02-15T11:15:35","date_gmt":"2024-09-13T15:20:31","guid":{"rendered":"https:\/\/staging.nbg.eu\/product\/geissele-rail-panels-black-ddc\/"},"modified":"2024-09-13T15:21:30","modified_gmt":"2024-09-13T15:21:30","slug":"geissele-rail-panels-black-ddc","status":"publish","type":"product","link":"https:\/\/staging.nbg.eu\/pl\/produkt\/geissele-rail-panels-black-ddc\/","title":{"rendered":"Geissele Rail Panels (Black\/DDC)"},"content":{"rendered":"<div class=\"product-description\">\n<h2>Panele szynowe Geissele M-Lok (Czarne\/DDC)<\/h2>\n<p>Panele szynowe Geissele M-Lok do szyny URGI. Cechy:<\/p>\n<ul>\n<li>Teksturowana powierzchnia dla lepszego chwytu<\/li>\n<li>Wykonane z polimeru stosowanego w obronno\u015bci<\/li>\n<li>Wytrzyma\u0142o\u015b\u0107 przy intensywnym u\u017cytkowaniu<\/li>\n<li>W\u0142a\u015bciwo\u015bci ochrony przed ciep\u0142em<\/li>\n<li>Dost\u0119pne w kolorze czarnym i DDC<\/li>\n<\/ul>\n<p>Panele poprawiaj\u0105 obs\u0142ug\u0119 karabinu i chroni\u0105 d\u0142onie.<\/p>\n<\/div>\n","protected":false},"excerpt":{"rendered":"<p>Wytrzyma\u0142e, teksturowane panele szyn M-LOK zapewniaj\u0105ce lepsz\u0105 przyczepno\u015b\u0107 i ochron\u0119 przed ciep\u0142em.<\/p>\n","protected":false},"featured_media":59252,"template":"","meta":{"_acf_changed":false},"product_brand":[11392],"product_cat":[12623,12571],"product_tag":[],"class_list":{"0":"post-59251","1":"product","2":"type-product","3":"status-publish","4":"has-post-thumbnail","6":"product_brand-geissele","7":"product_cat-karabin","8":"product_cat-szyny","10":"first","11":"instock","12":"taxable","13":"shipping-taxable","14":"product-type-variable","15":"wvs-archive-product-wrapper"},"acf":[],"_links":{"self":[{"href":"https:\/\/staging.nbg.eu\/pl\/wp-json\/wp\/v2\/product\/59251","targetHints":{"allow":["GET"]}}],"collection":[{"href":"https:\/\/staging.nbg.eu\/pl\/wp-json\/wp\/v2\/product"}],"about":[{"href":"https:\/\/staging.nbg.eu\/pl\/wp-json\/wp\/v2\/types\/product"}],"wp:featuredmedia":[{"embeddable":true,"href":"https:\/\/staging.nbg.eu\/pl\/wp-json\/wp\/v2\/media\/59252"}],"wp:attachment":[{"href":"https:\/\/staging.nbg.eu\/pl\/wp-json\/wp\/v2\/media?parent=59251"}],"wp:term":[{"taxonomy":"product_brand","embeddable":true,"href":"https:\/\/staging.nbg.eu\/pl\/wp-json\/wp\/v2\/product_brand?post=59251"},{"taxonomy":"product_cat","embeddable":true,"href":"https:\/\/staging.nbg.eu\/pl\/wp-json\/wp\/v2\/product_cat?post=59251"},{"taxonomy":"product_tag","embeddable":true,"href":"https:\/\/staging.nbg.eu\/pl\/wp-json\/wp\/v2\/product_tag?post=59251"}],"curies":[{"name":"wp","href":"https:\/\/api.w.org\/{rel}","templated":true}]}}