{"id":58866,"date":"2024-02-15T19:41:39","date_gmt":"2024-09-13T15:17:37","guid":{"rendered":"https:\/\/staging.nbg.eu\/product\/geissele-super-gas-block-black\/"},"modified":"2024-09-13T15:18:32","modified_gmt":"2024-09-13T15:18:32","slug":"geissele-super-gas-block-black","status":"publish","type":"product","link":"https:\/\/staging.nbg.eu\/pl\/produkt\/geissele-super-gas-block-black\/","title":{"rendered":"Geissele Super Gas Block &#8211; Black"},"content":{"rendered":"<div class=\"product-description\">\n<h2>Blok gazowy Geissele Super &#8211; Czarny<\/h2>\n<p>Blok gazowy Geissele Super to niskoprofilowy komponent zaprojektowany do monta\u017cu pod wi\u0119kszo\u015bci\u0105 swobodnie p\u0142ywaj\u0105cych \u0142o\u017cy. Wykonany ze stali nierdzewnej 17-4 utwardzanej wydzieleniowo, oferuje odporno\u015b\u0107 na korozj\u0119 i trwa\u0142o\u015b\u0107.<\/p>\n<ul>\n<li>Wytrzymuje tysi\u0105ce strza\u0142\u00f3w<\/li>\n<li>Zawiera standardow\u0105 \u015brub\u0119 ustalaj\u0105c\u0105 i metody &#8222;Bombproof Installation&#8221;<\/li>\n<li>Ko\u0142ek spr\u0119\u017cynowy blokuje blok gazowy na miejscu<\/li>\n<li>Ko\u0142ek ze stali nierdzewnej zapewnia wyr\u00f3wnanie z lufami Geissele CHF<\/li>\n<\/ul>\n<p>Blok gazowy Geissele Super zapewnia niezawodno\u015b\u0107 i wydajno\u015b\u0107 w r\u00f3\u017cnych warunkach operacyjnych.<\/p>\n<\/div>\n","protected":false},"excerpt":{"rendered":"<p>Niskoprofilowy, wytrzyma\u0142y gazowy blok ze stali nierdzewnej do karabin\u00f3w AR-15.<\/p>\n","protected":false},"featured_media":58867,"template":"","meta":{"_acf_changed":false},"product_brand":[11392],"product_cat":[12623,12572],"product_tag":[],"class_list":{"0":"post-58866","1":"product","2":"type-product","3":"status-publish","4":"has-post-thumbnail","6":"product_brand-geissele","7":"product_cat-karabin","8":"product_cat-tuning-karabinowy","10":"first","11":"instock","12":"taxable","13":"shipping-taxable","14":"product-type-simple"},"acf":[],"_links":{"self":[{"href":"https:\/\/staging.nbg.eu\/pl\/wp-json\/wp\/v2\/product\/58866","targetHints":{"allow":["GET"]}}],"collection":[{"href":"https:\/\/staging.nbg.eu\/pl\/wp-json\/wp\/v2\/product"}],"about":[{"href":"https:\/\/staging.nbg.eu\/pl\/wp-json\/wp\/v2\/types\/product"}],"wp:featuredmedia":[{"embeddable":true,"href":"https:\/\/staging.nbg.eu\/pl\/wp-json\/wp\/v2\/media\/58867"}],"wp:attachment":[{"href":"https:\/\/staging.nbg.eu\/pl\/wp-json\/wp\/v2\/media?parent=58866"}],"wp:term":[{"taxonomy":"product_brand","embeddable":true,"href":"https:\/\/staging.nbg.eu\/pl\/wp-json\/wp\/v2\/product_brand?post=58866"},{"taxonomy":"product_cat","embeddable":true,"href":"https:\/\/staging.nbg.eu\/pl\/wp-json\/wp\/v2\/product_cat?post=58866"},{"taxonomy":"product_tag","embeddable":true,"href":"https:\/\/staging.nbg.eu\/pl\/wp-json\/wp\/v2\/product_tag?post=58866"}],"curies":[{"name":"wp","href":"https:\/\/api.w.org\/{rel}","templated":true}]}}