{"id":584432,"date":"2025-09-05T18:16:13","date_gmt":"2025-09-05T15:16:13","guid":{"rendered":"https:\/\/staging.nbg.eu\/product\/mak-viper-fts-left\/"},"modified":"2025-10-16T16:00:55","modified_gmt":"2025-10-16T13:00:55","slug":"mak-viper-fts-lewy","status":"publish","type":"product","link":"https:\/\/staging.nbg.eu\/pl\/produkt\/mak-viper-fts-lewy\/","title":{"rendered":"MAK Viper FTS Lewy"},"content":{"rendered":"<div class=\"product-description\">\n<h2>MAK Viper FTS Left<\/h2>\n<p>MAK Viper FTS Left to uchwyt do lunety strzeleckiej zaprojektowany dla strzelc\u00f3w lewor\u0119cznych. Ten uchwyt oferuje:<\/p>\n<ul>\n<li>Konstrukcj\u0119 z aluminium zapewniaj\u0105c\u0105 lekko\u015b\u0107 i wytrzyma\u0142o\u015b\u0107<\/li>\n<li>System Fixed Torque System (FTS) dla powtarzalnego monta\u017cu<\/li>\n<li>D\u017awigni\u0119 szybkiego zwalniania do \u0142atwego zdejmowania i ponownego monta\u017cu lunety<\/li>\n<li>Konfiguracj\u0119 dla os\u00f3b lewor\u0119cznych<\/li>\n<li>Kompatybilno\u015b\u0107 z szynami Picatinny i Weaver<\/li>\n<li>Dost\u0119pno\u015b\u0107 w r\u00f3\u017cnych rozmiarach pier\u015bcieni do r\u00f3\u017cnych \u015brednic lunet<\/li>\n<\/ul>\n<p>MAK Viper FTS Left zapewnia stabilno\u015b\u0107 i utrzymuje ustawienia, nawet przy silnym odrzucie. Ten uchwyt do lunety jest przeznaczony dla lewor\u0119cznych strzelc\u00f3w.<\/p>\n<\/div>\n","protected":false},"excerpt":{"rendered":"<p>MAK Viper FTS Left: Precyzyjny celownik taktyczny dla strzelc\u00f3w lewor\u0119cznych.<\/p>\n","protected":false},"featured_media":0,"template":"","meta":{"_acf_changed":false},"product_brand":[],"product_cat":[],"product_tag":[],"class_list":{"0":"post-584432","1":"product","2":"type-product","3":"status-publish","6":"first","7":"instock","8":"taxable","9":"shipping-taxable","10":"purchasable","11":"product-type-simple"},"acf":[],"_links":{"self":[{"href":"https:\/\/staging.nbg.eu\/pl\/wp-json\/wp\/v2\/product\/584432","targetHints":{"allow":["GET"]}}],"collection":[{"href":"https:\/\/staging.nbg.eu\/pl\/wp-json\/wp\/v2\/product"}],"about":[{"href":"https:\/\/staging.nbg.eu\/pl\/wp-json\/wp\/v2\/types\/product"}],"wp:attachment":[{"href":"https:\/\/staging.nbg.eu\/pl\/wp-json\/wp\/v2\/media?parent=584432"}],"wp:term":[{"taxonomy":"product_brand","embeddable":true,"href":"https:\/\/staging.nbg.eu\/pl\/wp-json\/wp\/v2\/product_brand?post=584432"},{"taxonomy":"product_cat","embeddable":true,"href":"https:\/\/staging.nbg.eu\/pl\/wp-json\/wp\/v2\/product_cat?post=584432"},{"taxonomy":"product_tag","embeddable":true,"href":"https:\/\/staging.nbg.eu\/pl\/wp-json\/wp\/v2\/product_tag?post=584432"}],"curies":[{"name":"wp","href":"https:\/\/api.w.org\/{rel}","templated":true}]}}