{"id":583699,"date":"2025-10-10T23:40:13","date_gmt":"2025-10-10T20:40:13","guid":{"rendered":"https:\/\/staging.nbg.eu\/product\/dillon-4-pack-primer-pickup-tubes-small-primer\/"},"modified":"2025-10-16T15:28:42","modified_gmt":"2025-10-16T12:28:42","slug":"dillon-4-pak-rurki-do-pobierania-splonek-splonka-mala","status":"publish","type":"product","link":"https:\/\/staging.nbg.eu\/pl\/produkt\/dillon-4-pak-rurki-do-pobierania-splonek-splonka-mala\/","title":{"rendered":"Dillon 4-pak Rurki do pobierania sp\u0142onek &#8211; Sp\u0142onka ma\u0142a"},"content":{"rendered":"<div class=\"product-description\">\n<h2>Dillon zestaw 4 rurek do pobierania sp\u0142onek &#8211; ma\u0142e sp\u0142onki<\/h2>\n<p>Rurki do pobierania sp\u0142onek Dillon do ma\u0142ych sp\u0142onek, przeznaczone do przyspieszenia procesu prze\u0142adowywania.<\/p>\n<ul>\n<li>Zestaw 4 rurek do pobierania ma\u0142ych sp\u0142onek<\/li>\n<li>Mo\u017cliwo\u015b\u0107 wst\u0119pnego nape\u0142nienia rurek do szybkiego prze\u0142adowywania<\/li>\n<li>Kompatybilne z prasami do prze\u0142adowywania Dillon<\/li>\n<li>Zwi\u0119ksza wydajno\u015b\u0107 i oszcz\u0119dza czas<\/li>\n<\/ul>\n<p>Rurki mo\u017cna nape\u0142ni\u0107 i przygotowa\u0107 do ci\u0105g\u0142ego prze\u0142adowywania. Przeznaczone dla strzelc\u00f3w sportowych i os\u00f3b cz\u0119sto prze\u0142adowuj\u0105cych amunicj\u0119.<\/p>\n<\/div>\n","protected":false},"excerpt":{"rendered":"<p>4 ma\u0142e rurki do pobierania sp\u0142onek zapewniaj\u0105ce szybkie i efektywne prze\u0142adowanie.<\/p>\n","protected":false},"featured_media":583728,"template":"","meta":{"_acf_changed":false},"product_brand":[],"product_cat":[12573,12619],"product_tag":[],"class_list":{"0":"post-583699","1":"product","2":"type-product","3":"status-publish","4":"has-post-thumbnail","6":"product_cat-akcesoria-do-przeladunku","7":"product_cat-przeladowywanie","9":"first","10":"instock","11":"taxable","12":"shipping-taxable","13":"purchasable","14":"product-type-simple"},"acf":[],"_links":{"self":[{"href":"https:\/\/staging.nbg.eu\/pl\/wp-json\/wp\/v2\/product\/583699","targetHints":{"allow":["GET"]}}],"collection":[{"href":"https:\/\/staging.nbg.eu\/pl\/wp-json\/wp\/v2\/product"}],"about":[{"href":"https:\/\/staging.nbg.eu\/pl\/wp-json\/wp\/v2\/types\/product"}],"wp:featuredmedia":[{"embeddable":true,"href":"https:\/\/staging.nbg.eu\/pl\/wp-json\/wp\/v2\/media\/583728"}],"wp:attachment":[{"href":"https:\/\/staging.nbg.eu\/pl\/wp-json\/wp\/v2\/media?parent=583699"}],"wp:term":[{"taxonomy":"product_brand","embeddable":true,"href":"https:\/\/staging.nbg.eu\/pl\/wp-json\/wp\/v2\/product_brand?post=583699"},{"taxonomy":"product_cat","embeddable":true,"href":"https:\/\/staging.nbg.eu\/pl\/wp-json\/wp\/v2\/product_cat?post=583699"},{"taxonomy":"product_tag","embeddable":true,"href":"https:\/\/staging.nbg.eu\/pl\/wp-json\/wp\/v2\/product_tag?post=583699"}],"curies":[{"name":"wp","href":"https:\/\/api.w.org\/{rel}","templated":true}]}}