{"id":58297,"date":"2024-02-20T19:05:47","date_gmt":"2024-02-20T19:05:47","guid":{"rendered":"https:\/\/staging.nbg.eu\/product\/grovtec-heavy-duty-push-button-qd-sling-swivel\/"},"modified":"2024-09-13T15:05:14","modified_gmt":"2024-09-13T15:05:14","slug":"grovtec-heavy-duty-push-button-qd-sling-swivel","status":"publish","type":"product","link":"https:\/\/staging.nbg.eu\/pl\/produkt\/grovtec-heavy-duty-push-button-qd-sling-swivel\/","title":{"rendered":"GROVTEC Heavy Duty Push Button QD Sling Swivel"},"content":{"rendered":"<p>GROVTEC Heavy Duty Push Button QD Sling Swivel to akcesorium do pask\u00f3w o szeroko\u015bci 1-1\/4&#8243;. Ten pojedynczo pakowany element obrotowy posiada nast\u0119puj\u0105ce cechy:<\/p>\n<ul>\n<li>Testowany do obci\u0105\u017cenia 450 funt\u00f3w<\/li>\n<li>Wyko\u0144czenie fosforanem manganu o matowym wyko\u0144czeniu<\/li>\n<li>Mechanizm z przyciskiem do szybkiego od\u0142\u0105czania<\/li>\n<li>Trwa\u0142a konstrukcja<\/li>\n<\/ul>\n<p>Ten element obrotowy mo\u017ce by\u0107 u\u017cyty do ulepszenia broni palnej.<\/p>\n","protected":false},"excerpt":{"rendered":"<p>Wytrzyma\u0142y pier\u015bcie\u0144 do pasa o szeroko\u015bci 1,25 cala, testowany do 450 funt\u00f3w, z przyciskiem szybkiego od\u0142\u0105czania QD, wyko\u0144czenie matowe.<\/p>\n","protected":false},"featured_media":58298,"template":"","meta":{"_acf_changed":false},"product_brand":[],"product_cat":[12586,12623],"product_tag":[],"class_list":{"0":"post-58297","1":"product","2":"type-product","3":"status-publish","4":"has-post-thumbnail","6":"product_cat-chusty","7":"product_cat-karabin","9":"first","10":"instock","11":"taxable","12":"shipping-taxable","13":"product-type-simple"},"acf":[],"_links":{"self":[{"href":"https:\/\/staging.nbg.eu\/pl\/wp-json\/wp\/v2\/product\/58297","targetHints":{"allow":["GET"]}}],"collection":[{"href":"https:\/\/staging.nbg.eu\/pl\/wp-json\/wp\/v2\/product"}],"about":[{"href":"https:\/\/staging.nbg.eu\/pl\/wp-json\/wp\/v2\/types\/product"}],"wp:featuredmedia":[{"embeddable":true,"href":"https:\/\/staging.nbg.eu\/pl\/wp-json\/wp\/v2\/media\/58298"}],"wp:attachment":[{"href":"https:\/\/staging.nbg.eu\/pl\/wp-json\/wp\/v2\/media?parent=58297"}],"wp:term":[{"taxonomy":"product_brand","embeddable":true,"href":"https:\/\/staging.nbg.eu\/pl\/wp-json\/wp\/v2\/product_brand?post=58297"},{"taxonomy":"product_cat","embeddable":true,"href":"https:\/\/staging.nbg.eu\/pl\/wp-json\/wp\/v2\/product_cat?post=58297"},{"taxonomy":"product_tag","embeddable":true,"href":"https:\/\/staging.nbg.eu\/pl\/wp-json\/wp\/v2\/product_tag?post=58297"}],"curies":[{"name":"wp","href":"https:\/\/api.w.org\/{rel}","templated":true}]}}