{"id":582552,"date":"2025-10-10T18:10:11","date_gmt":"2025-10-10T15:10:11","guid":{"rendered":"https:\/\/staging.nbg.eu\/product\/daa-gripz-grip-enhancer-75-ml\/"},"modified":"2025-10-16T13:57:07","modified_gmt":"2025-10-16T10:57:07","slug":"daa-gripz-wzmacniacz-chwytu-75-ml","status":"publish","type":"product","link":"https:\/\/staging.nbg.eu\/pl\/produkt\/daa-gripz-wzmacniacz-chwytu-75-ml\/","title":{"rendered":"DAA GRIPZ &#8211; Wzmacniacz chwytu 75 ml"},"content":{"rendered":"<div class=\"product-description\">\n<h2>DAA GRIPZ &#8211; \u015arodek poprawiaj\u0105cy chwyt 75 ml<\/h2>\n<p>DAA GRIPZ to lotion poprawiaj\u0105cy chwyt, przeznaczony do strzelania z pistoletu w zawodach IPSC i USPSA. Ta 75 ml butelka zapewnia pewny chwyt w mokrych warunkach i przy wysokich temperaturach.<\/p>\n<ul>\n<li>Formu\u0142a na bazie krzemionki z alkoholem i stabilizatorami<\/li>\n<li>Zamkni\u0119cie &#8222;Snap-cap&#8221; umo\u017cliwiaj\u0105ce \u0142atwy dost\u0119p jedn\u0105 r\u0119k\u0105<\/li>\n<li>Nie wysycha na bia\u0142o i nie pozostawia \u015blad\u00f3w na ubraniach i chwycie pistoletu<\/li>\n<li>Utrzymuje suche d\u0142onie i pewny chwyt podczas szybkiego i precyzyjnego strzelania<\/li>\n<\/ul>\n<p>DAA GRIPZ mo\u017ce poprawi\u0107 jako\u015b\u0107 strzelania.<\/p>\n<\/div>\n","protected":false},"excerpt":{"rendered":"<p>DAA GRIPZ: Poprawa chwytu dla precyzyjnego strzelania. Butelka 75 ml.<\/p>\n","protected":false},"featured_media":582599,"template":"","meta":{"_acf_changed":false},"product_brand":[],"product_cat":[12639],"product_tag":[],"class_list":{"0":"post-582552","1":"product","2":"type-product","3":"status-publish","4":"has-post-thumbnail","6":"product_cat-bez-kategorii","8":"first","9":"instock","10":"taxable","11":"shipping-taxable","12":"purchasable","13":"product-type-simple"},"acf":[],"_links":{"self":[{"href":"https:\/\/staging.nbg.eu\/pl\/wp-json\/wp\/v2\/product\/582552","targetHints":{"allow":["GET"]}}],"collection":[{"href":"https:\/\/staging.nbg.eu\/pl\/wp-json\/wp\/v2\/product"}],"about":[{"href":"https:\/\/staging.nbg.eu\/pl\/wp-json\/wp\/v2\/types\/product"}],"wp:featuredmedia":[{"embeddable":true,"href":"https:\/\/staging.nbg.eu\/pl\/wp-json\/wp\/v2\/media\/582599"}],"wp:attachment":[{"href":"https:\/\/staging.nbg.eu\/pl\/wp-json\/wp\/v2\/media?parent=582552"}],"wp:term":[{"taxonomy":"product_brand","embeddable":true,"href":"https:\/\/staging.nbg.eu\/pl\/wp-json\/wp\/v2\/product_brand?post=582552"},{"taxonomy":"product_cat","embeddable":true,"href":"https:\/\/staging.nbg.eu\/pl\/wp-json\/wp\/v2\/product_cat?post=582552"},{"taxonomy":"product_tag","embeddable":true,"href":"https:\/\/staging.nbg.eu\/pl\/wp-json\/wp\/v2\/product_tag?post=582552"}],"curies":[{"name":"wp","href":"https:\/\/api.w.org\/{rel}","templated":true}]}}