{"id":58193,"date":"2024-02-20T19:21:46","date_gmt":"2024-09-13T15:01:42","guid":{"rendered":"https:\/\/staging.nbg.eu\/product\/geissele-super-precision-compm5s-series-optic-mounts-black-absolute-co-witness\/"},"modified":"2024-09-13T15:02:38","modified_gmt":"2024-09-13T15:02:38","slug":"geissele-super-precision-compm5s-series-optic-mounts-black-absolute-co-witness","status":"publish","type":"product","link":"https:\/\/staging.nbg.eu\/pl\/produkt\/geissele-super-precision-compm5s-series-optic-mounts-black-absolute-co-witness\/","title":{"rendered":"Geissele Super Precision\u00ae &#8211; CompM5s Series Optic Mounts, Black (Absolute Co-Witness)"},"content":{"rendered":"<h2>Geissele Super Precision\u00ae &#8211; Mocowania optyczne serii CompM5s<\/h2>\n<h3>Czarny (Pe\u0142na wsp\u00f3\u0142osiowo\u015b\u0107)<\/h3>\n<p>Mocowanie optyczne Geissele Super Precision\u00ae serii CompM5s. Zaprojektowane dla celownik\u00f3w Aimpoint CompM5s i podobnych celownik\u00f3w kolimatorowych, oferuje precyzj\u0119 i trwa\u0142o\u015b\u0107.<\/p>\n<ul>\n<li>Precyzyjnie obrobione z jednego kawa\u0142ka aluminium 7075-T6<\/li>\n<li>Opcja pe\u0142nej wsp\u00f3\u0142osiowo\u015bci<\/li>\n<li>Metoda mocowania na nakr\u0119tk\u0119 i \u015brub\u0119 z si\u0142\u0105 zacisku 1400 funt\u00f3w<\/li>\n<li>3 wyst\u0119py \u015bcinaj\u0105ce dla maksymalnej sztywno\u015bci i powrotu do zera<\/li>\n<li>Wyko\u0144czenie anodowane typu 3 w kolorze czarnym<\/li>\n<\/ul>\n<p>Geissele oferuje rozwi\u0105zania do monta\u017cu optyki, kt\u00f3re poprawiaj\u0105 wydajno\u015b\u0107 i niezawodno\u015b\u0107 broni.<\/p>\n","protected":false},"excerpt":{"rendered":"<p>Precyzyjnie obrobione mocowanie do Aimpoint CompM5s. Solidne, sztywne i niezawodne.<\/p>\n","protected":false},"featured_media":58194,"template":"","meta":{"_acf_changed":false},"product_brand":[11392],"product_cat":[12623,12561],"product_tag":[],"class_list":{"0":"post-58193","1":"product","2":"type-product","3":"status-publish","4":"has-post-thumbnail","6":"product_brand-geissele","7":"product_cat-karabin","8":"product_cat-montaze","10":"first","11":"instock","12":"taxable","13":"shipping-taxable","14":"product-type-simple"},"acf":[],"_links":{"self":[{"href":"https:\/\/staging.nbg.eu\/pl\/wp-json\/wp\/v2\/product\/58193","targetHints":{"allow":["GET"]}}],"collection":[{"href":"https:\/\/staging.nbg.eu\/pl\/wp-json\/wp\/v2\/product"}],"about":[{"href":"https:\/\/staging.nbg.eu\/pl\/wp-json\/wp\/v2\/types\/product"}],"wp:featuredmedia":[{"embeddable":true,"href":"https:\/\/staging.nbg.eu\/pl\/wp-json\/wp\/v2\/media\/58194"}],"wp:attachment":[{"href":"https:\/\/staging.nbg.eu\/pl\/wp-json\/wp\/v2\/media?parent=58193"}],"wp:term":[{"taxonomy":"product_brand","embeddable":true,"href":"https:\/\/staging.nbg.eu\/pl\/wp-json\/wp\/v2\/product_brand?post=58193"},{"taxonomy":"product_cat","embeddable":true,"href":"https:\/\/staging.nbg.eu\/pl\/wp-json\/wp\/v2\/product_cat?post=58193"},{"taxonomy":"product_tag","embeddable":true,"href":"https:\/\/staging.nbg.eu\/pl\/wp-json\/wp\/v2\/product_tag?post=58193"}],"curies":[{"name":"wp","href":"https:\/\/api.w.org\/{rel}","templated":true}]}}