{"id":581672,"date":"2025-10-10T18:09:59","date_gmt":"2025-10-10T15:09:59","guid":{"rendered":"https:\/\/staging.nbg.eu\/product\/daa-x-ray-polymer-pouch-black\/"},"modified":"2025-10-16T11:22:00","modified_gmt":"2025-10-16T08:22:00","slug":"daa-x-ray-kieszen-polimerowa-czarna","status":"publish","type":"product","link":"https:\/\/staging.nbg.eu\/pl\/produkt\/daa-x-ray-kieszen-polimerowa-czarna\/","title":{"rendered":"DAA X-Ray Kiesze\u0144 Polimerowa &#8211; Czarna"},"content":{"rendered":"<h2>Kabura polimerowa DAA X-Ray &#8211; Czarna<\/h2>\n<p>DAA X-Ray to kabura na magazynki do zawod\u00f3w. Cechy produktu:<\/p>\n<ul>\n<li>Konstrukcja z wyci\u0119ciami zmniejszaj\u0105ca wag\u0119<\/li>\n<li>8 punkt\u00f3w monta\u017cowych umo\u017cliwiaj\u0105cych uniwersalne pozycjonowanie<\/li>\n<li>3 zestawy przek\u0142adek pasuj\u0105ce do wi\u0119kszo\u015bci magazynk\u00f3w dwurz\u0119dowych<\/li>\n<li>Wykonana z polimeru wzmocnionego w\u0142\u00f3knem<\/li>\n<li>G\u00f3rna kraw\u0119d\u017a u\u0142atwiaj\u0105ca wk\u0142adanie magazynka<\/li>\n<li>\u015aruba zabezpieczaj\u0105ca przed przypadkowym odblokowaniem<\/li>\n<li>Powi\u0119kszone z\u0142\u0105cze kulowe 13 mm<\/li>\n<li>Regulacja napi\u0119cia bez u\u017cycia narz\u0119dzi za pomoc\u0105 pokr\u0119t\u0142a<\/li>\n<\/ul>\n<p>Kabura polimerowa DAA X-Ray jest przeznaczona do u\u017cytku na strzelnicy.<\/p>\n","protected":false},"excerpt":{"rendered":"<p>Poliestrowa kiesze\u0144 DAA X-Ray: Elegancki, wszechstronny i bezpieczny uchwyt na magazynek dla zawodnik\u00f3w.<\/p>\n","protected":false},"featured_media":581832,"template":"","meta":{"_acf_changed":false},"product_brand":[],"product_cat":[12615,12593,12581,12590],"product_tag":[],"class_list":{"0":"post-581672","1":"product","2":"type-product","3":"status-publish","4":"has-post-thumbnail","6":"product_cat-kabura-sportowa","7":"product_cat-paski-sportowe","8":"product_cat-sakwy","9":"product_cat-sprzet","11":"first","12":"instock","13":"taxable","14":"shipping-taxable","15":"purchasable","16":"product-type-simple"},"acf":[],"_links":{"self":[{"href":"https:\/\/staging.nbg.eu\/pl\/wp-json\/wp\/v2\/product\/581672","targetHints":{"allow":["GET"]}}],"collection":[{"href":"https:\/\/staging.nbg.eu\/pl\/wp-json\/wp\/v2\/product"}],"about":[{"href":"https:\/\/staging.nbg.eu\/pl\/wp-json\/wp\/v2\/types\/product"}],"wp:featuredmedia":[{"embeddable":true,"href":"https:\/\/staging.nbg.eu\/pl\/wp-json\/wp\/v2\/media\/581832"}],"wp:attachment":[{"href":"https:\/\/staging.nbg.eu\/pl\/wp-json\/wp\/v2\/media?parent=581672"}],"wp:term":[{"taxonomy":"product_brand","embeddable":true,"href":"https:\/\/staging.nbg.eu\/pl\/wp-json\/wp\/v2\/product_brand?post=581672"},{"taxonomy":"product_cat","embeddable":true,"href":"https:\/\/staging.nbg.eu\/pl\/wp-json\/wp\/v2\/product_cat?post=581672"},{"taxonomy":"product_tag","embeddable":true,"href":"https:\/\/staging.nbg.eu\/pl\/wp-json\/wp\/v2\/product_tag?post=581672"}],"curies":[{"name":"wp","href":"https:\/\/api.w.org\/{rel}","templated":true}]}}