{"id":581270,"date":"2025-10-10T18:09:52","date_gmt":"2025-10-10T15:09:52","guid":{"rendered":"https:\/\/staging.nbg.eu\/product\/jack-556x45mm-223-rem-polymer\/"},"modified":"2025-10-17T17:31:23","modified_gmt":"2025-10-17T14:31:23","slug":"jack-556x45mm223-rem-polimer","status":"publish","type":"product","link":"https:\/\/staging.nbg.eu\/pl\/produkt\/jack-556x45mm223-rem-polimer\/","title":{"rendered":"Jack 5,56x45mm\/.223 REM Polimer"},"content":{"rendered":"<div class=\"product-description\">\n<h2>Jack 5,56x45mm\/.223 REM Polymer<\/h2>\n<p>Jack 5,56x45mm\/.223 REM Polymer to nowoczesny karabin \u0142\u0105cz\u0105cy precyzyjn\u0105 in\u017cynieri\u0119, zaawansowane materia\u0142y i ergonomiczn\u0105 konstrukcj\u0119.<\/p>\n<h2>G\u0142\u00f3wne cechy:<\/h2>\n<ul>\n<li>Kaliber: 5.56x45mm \/.223 Rem<\/li>\n<li>D\u0142ugo\u015b\u0107 lufy: 415mm<\/li>\n<li>Skok gwintu: 1:8<\/li>\n<li>Gwint wylotowy: 14\u00d71 lewy<\/li>\n<li>Waga bez amunicji: 3,1kg<\/li>\n<li>Pr\u0119dko\u015b\u0107 wylotowa pocisku: 920 m\/s<\/li>\n<li>Dzia\u0142anie: Zamek obrotowy<\/li>\n<li>Typ: P\u00f3\u0142automatyczny<\/li>\n<\/ul>\n<h2>Konstrukcja:<\/h2>\n<ul>\n<li>Frezowana szyna boczna do monta\u017cu optyki<\/li>\n<li>Szyna nitowana do komory zamkowej<\/li>\n<li>\u0141o\u017ce polimerowe<\/li>\n<li>Ergonomiczna kolba polimerowa<\/li>\n<li>Polimerowa nak\u0142adka rury gazowej<\/li>\n<li>Powi\u0119kszony prze\u0142\u0105cznik selektora ognia<\/li>\n<li>Powi\u0119kszony zwalniacz magazynka<\/li>\n<li>Dolna szyna (jask\u00f3\u0142czy ogon) do monta\u017cu akcesori\u00f3w<\/li>\n<\/ul>\n<p>Jack 5,56x45mm\/.223 REM Polymer to karabin \u0142\u0105cz\u0105cy niezawodno\u015b\u0107, celno\u015b\u0107 i nowoczesn\u0105 konstrukcj\u0119.<\/p>\n<\/div>\n","protected":false},"excerpt":{"rendered":"<p>Kompaktowy, lekki karabin kalibru 5,56 mm z elementami polimerowymi. P\u00f3\u0142automatyczny. Mo\u017cliwo\u015b\u0107 dostosowania dzi\u0119ki szynie na optyk\u0119.<\/p>\n","protected":false},"featured_media":581353,"template":"","meta":{"_acf_changed":false},"product_brand":[],"product_cat":[12623],"product_tag":[],"class_list":{"0":"post-581270","1":"product","2":"type-product","3":"status-publish","4":"has-post-thumbnail","6":"product_cat-karabin","8":"first","9":"outofstock","10":"taxable","11":"shipping-taxable","12":"product-type-simple"},"acf":[],"_links":{"self":[{"href":"https:\/\/staging.nbg.eu\/pl\/wp-json\/wp\/v2\/product\/581270","targetHints":{"allow":["GET"]}}],"collection":[{"href":"https:\/\/staging.nbg.eu\/pl\/wp-json\/wp\/v2\/product"}],"about":[{"href":"https:\/\/staging.nbg.eu\/pl\/wp-json\/wp\/v2\/types\/product"}],"wp:featuredmedia":[{"embeddable":true,"href":"https:\/\/staging.nbg.eu\/pl\/wp-json\/wp\/v2\/media\/581353"}],"wp:attachment":[{"href":"https:\/\/staging.nbg.eu\/pl\/wp-json\/wp\/v2\/media?parent=581270"}],"wp:term":[{"taxonomy":"product_brand","embeddable":true,"href":"https:\/\/staging.nbg.eu\/pl\/wp-json\/wp\/v2\/product_brand?post=581270"},{"taxonomy":"product_cat","embeddable":true,"href":"https:\/\/staging.nbg.eu\/pl\/wp-json\/wp\/v2\/product_cat?post=581270"},{"taxonomy":"product_tag","embeddable":true,"href":"https:\/\/staging.nbg.eu\/pl\/wp-json\/wp\/v2\/product_tag?post=581270"}],"curies":[{"name":"wp","href":"https:\/\/api.w.org\/{rel}","templated":true}]}}