{"id":577952,"date":"2025-10-10T18:01:49","date_gmt":"2025-10-10T15:01:49","guid":{"rendered":"https:\/\/staging.nbg.eu\/product\/x-ray-pcc-spacer-rh\/"},"modified":"2025-10-15T12:42:36","modified_gmt":"2025-10-15T09:42:36","slug":"x-ray-pcc-podkladka-dystansowa-rh","status":"publish","type":"product","link":"https:\/\/staging.nbg.eu\/pl\/produkt\/x-ray-pcc-podkladka-dystansowa-rh\/","title":{"rendered":"X-Ray PCC Podk\u0142adka Dystansowa RH"},"content":{"rendered":"<h2>Przed\u0142u\u017cony dystans do magazynk\u00f3w PCC X-Ray dla prawor\u0119cznych<\/h2>\n<p>Dystans do u\u017cytku z przed\u0142u\u017conymi magazynkami Glock w szkieletowych kieszeniach DAA X-Ray. Zast\u0119puje standardow\u0105 wersj\u0119, umo\u017cliwiaj\u0105c d\u0142ugim magazynkom wystawanie przez d\u00f3\u0142 kieszeni dla lepszej r\u00f3wnowagi i bezpiecze\u0144stwa.<\/p>\n<h2>G\u0142\u00f3wne cechy:<\/h2>\n<ul>\n<li>Kompatybilny z aluminiowymi i polimerowymi kieszeniami DAA X-Ray<\/li>\n<li>Zaprojektowany dla przed\u0142u\u017conych magazynk\u00f3w Glock PCC<\/li>\n<li>Rami\u0119 podporowe umieszczone za magazynkiem<\/li>\n<li>Poprawia r\u00f3wnowag\u0119 i utrzymanie<\/li>\n<li>Szybka i \u0142atwa instalacja<\/li>\n<\/ul>\n<p>Uwaga: Zalecany \u015bredni element dystansowy (do\u0142\u0105czony do kieszeni X-Ray). Kiesze\u0144 na magazynek i magazynek nie s\u0105 do\u0142\u0105czone. Tylko jeden dystans w zestawie.<\/p>\n","protected":false},"excerpt":{"rendered":"<p>Zabezpiecz przed\u0142u\u017cone magazynki PCC w kieszeniach DAA X-Ray. Wersja prawor\u0119czna.<\/p>\n","protected":false},"featured_media":578042,"template":"","meta":{"_acf_changed":false},"product_brand":[],"product_cat":[12581,12590],"product_tag":[],"class_list":{"0":"post-577952","1":"product","2":"type-product","3":"status-publish","4":"has-post-thumbnail","6":"product_cat-sakwy","7":"product_cat-sprzet","9":"first","10":"instock","11":"taxable","12":"shipping-taxable","13":"purchasable","14":"product-type-simple"},"acf":[],"_links":{"self":[{"href":"https:\/\/staging.nbg.eu\/pl\/wp-json\/wp\/v2\/product\/577952","targetHints":{"allow":["GET"]}}],"collection":[{"href":"https:\/\/staging.nbg.eu\/pl\/wp-json\/wp\/v2\/product"}],"about":[{"href":"https:\/\/staging.nbg.eu\/pl\/wp-json\/wp\/v2\/types\/product"}],"wp:featuredmedia":[{"embeddable":true,"href":"https:\/\/staging.nbg.eu\/pl\/wp-json\/wp\/v2\/media\/578042"}],"wp:attachment":[{"href":"https:\/\/staging.nbg.eu\/pl\/wp-json\/wp\/v2\/media?parent=577952"}],"wp:term":[{"taxonomy":"product_brand","embeddable":true,"href":"https:\/\/staging.nbg.eu\/pl\/wp-json\/wp\/v2\/product_brand?post=577952"},{"taxonomy":"product_cat","embeddable":true,"href":"https:\/\/staging.nbg.eu\/pl\/wp-json\/wp\/v2\/product_cat?post=577952"},{"taxonomy":"product_tag","embeddable":true,"href":"https:\/\/staging.nbg.eu\/pl\/wp-json\/wp\/v2\/product_tag?post=577952"}],"curies":[{"name":"wp","href":"https:\/\/api.w.org\/{rel}","templated":true}]}}