{"id":577727,"date":"2025-10-10T16:07:00","date_gmt":"2025-10-10T13:07:00","guid":{"rendered":"https:\/\/staging.nbg.eu\/product\/polymer-magazine-762x39-mm-for-akm-rifle-10-rounds\/"},"modified":"2025-10-15T12:35:54","modified_gmt":"2025-10-15T09:35:54","slug":"magazynek-polimerowy-762x39-mm-do-karabinka-akm-10-naboi","status":"publish","type":"product","link":"https:\/\/staging.nbg.eu\/pl\/produkt\/magazynek-polimerowy-762x39-mm-do-karabinka-akm-10-naboi\/","title":{"rendered":"Magazynek polimerowy 7,62&#215;39 mm do karabinka AKM 10 naboi"},"content":{"rendered":"<h2>Magazynek Magpul PMAG 10 AK\/AKM MOE<\/h2>\n<h2>7.62x39mm | Pojemno\u015b\u0107 10 naboj\u00f3w<\/h2>\n<p>Magazynek <strong>Magpul PMAG 10 AK\/AKM MOE<\/strong> przeznaczony do karabin\u00f3w typu AK. Ten polimerowy magazynek jest zaprojektowany dla karabin\u00f3w Ka\u0142asznikowa w kalibrze 7.62x39mm, w tym AK-47, AKM, AKS i SIG556R.<\/p>\n<h3>G\u0142\u00f3wne cechy:<\/h3>\n<ul>\n<li>Konstrukcja z tworzywa sztucznego<\/li>\n<li>Pojemno\u015b\u0107 10 naboj\u00f3w<\/li>\n<li>Geometria sta\u0142ej krzywizny<\/li>\n<li>Spr\u0119\u017cyna ze stali nierdzewnej<\/li>\n<li>Niskotarciowy dono\u015bnik<\/li>\n<li>Zdejmowana stopka<\/li>\n<li>\u017bebrowana powierzchnia chwytna<\/li>\n<li>Matryca punktowa do identyfikacji<\/li>\n<li>Liczy si\u0119 jako trzy cz\u0119\u015bci zgodno\u015bci z US 922(r)<\/li>\n<\/ul>\n<p>Magazynek przeznaczony do strzelania w pozycji le\u017c\u0105cej i z podpory. Oferuje tak\u0105 sam\u0105 niezawodno\u015b\u0107 jak magazynki metalowe.<\/p>\n<p><em>Wyprodukowano w USA<\/em><\/p>\n","protected":false},"excerpt":{"rendered":"<p>Niezawodny 10-nabojowy magazynek 7,62x39mm do AKM. Lekki polimerowy, wyprodukowany w USA.<\/p>\n","protected":false},"featured_media":577803,"template":"","meta":{"_acf_changed":false},"product_brand":[],"product_cat":[12623,12606],"product_tag":[],"class_list":{"0":"post-577727","1":"product","2":"type-product","3":"status-publish","4":"has-post-thumbnail","6":"product_cat-karabin","7":"product_cat-magazynki-karabinowe","9":"first","10":"outofstock","11":"taxable","12":"shipping-taxable","13":"product-type-simple"},"acf":[],"_links":{"self":[{"href":"https:\/\/staging.nbg.eu\/pl\/wp-json\/wp\/v2\/product\/577727","targetHints":{"allow":["GET"]}}],"collection":[{"href":"https:\/\/staging.nbg.eu\/pl\/wp-json\/wp\/v2\/product"}],"about":[{"href":"https:\/\/staging.nbg.eu\/pl\/wp-json\/wp\/v2\/types\/product"}],"wp:featuredmedia":[{"embeddable":true,"href":"https:\/\/staging.nbg.eu\/pl\/wp-json\/wp\/v2\/media\/577803"}],"wp:attachment":[{"href":"https:\/\/staging.nbg.eu\/pl\/wp-json\/wp\/v2\/media?parent=577727"}],"wp:term":[{"taxonomy":"product_brand","embeddable":true,"href":"https:\/\/staging.nbg.eu\/pl\/wp-json\/wp\/v2\/product_brand?post=577727"},{"taxonomy":"product_cat","embeddable":true,"href":"https:\/\/staging.nbg.eu\/pl\/wp-json\/wp\/v2\/product_cat?post=577727"},{"taxonomy":"product_tag","embeddable":true,"href":"https:\/\/staging.nbg.eu\/pl\/wp-json\/wp\/v2\/product_tag?post=577727"}],"curies":[{"name":"wp","href":"https:\/\/api.w.org\/{rel}","templated":true}]}}