{"id":577607,"date":"2025-10-10T16:06:59","date_gmt":"2025-10-10T13:06:59","guid":{"rendered":"https:\/\/staging.nbg.eu\/product\/polymer-magazine-556x45-mm-for-akm-rifles-10-rounds\/"},"modified":"2025-10-15T12:30:29","modified_gmt":"2025-10-15T09:30:29","slug":"magazynek-polimerowy-556x45-mm-do-karabinkow-akm-10-naboi","status":"publish","type":"product","link":"https:\/\/staging.nbg.eu\/pl\/produkt\/magazynek-polimerowy-556x45-mm-do-karabinkow-akm-10-naboi\/","title":{"rendered":"Magazynek polimerowy 5,56&#215;45 mm do karabink\u00f3w AKM 10 naboi"},"content":{"rendered":"<h2>Magazynek polimerowy do AK 5,56&#215;45 mm \/ .223 Rem &#8211; 10 naboi<\/h2>\n<p>Magazynek polimerowy od WBP Rog\u00f3w do karabin\u00f3w AK. Przeznaczony do amunicji kalibru 5,56&#215;45 mm \/ .223 Rem, ten 10-nabojowy magazynek jest kompatybilny z karabinkami Jack, Mini Jack, Beryl i Mini Beryl.<\/p>\n<h2>G\u0142\u00f3wne cechy:<\/h2>\n<ul>\n<li>Konstrukcja z polimeru<\/li>\n<li>Lekka konstrukcja<\/li>\n<li>P\u00f3\u0142przezroczyste cia\u0142o do szybkiej kontroli amunicji<\/li>\n<li>Stalowa podstawa<\/li>\n<\/ul>\n<h2>Specyfikacja techniczna:<\/h2>\n<ul>\n<li>Korpus: Polimer<\/li>\n<li>Dono\u015bnik: Stal<\/li>\n<li>Kaliber: 5,56&#215;45 mm \/ .223 Rem<\/li>\n<li>Pojemno\u015b\u0107: 10 naboi<\/li>\n<li>Waga: 103 g<\/li>\n<li>Kolor: Przezroczysty<\/li>\n<\/ul>\n<p>Magazynek do karabinu AK.<\/p>\n","protected":false},"excerpt":{"rendered":"<p>Polimerowy magazynek AK, 10 naboi, 5,56&#215;45\/.223, p\u00f3\u0142przezroczysty, WBP Rog\u00f3w<\/p>\n","protected":false},"featured_media":577676,"template":"","meta":{"_acf_changed":false},"product_brand":[],"product_cat":[12623,12606],"product_tag":[],"class_list":{"0":"post-577607","1":"product","2":"type-product","3":"status-publish","4":"has-post-thumbnail","6":"product_cat-karabin","7":"product_cat-magazynki-karabinowe","9":"first","10":"outofstock","11":"taxable","12":"shipping-taxable","13":"product-type-simple"},"acf":[],"_links":{"self":[{"href":"https:\/\/staging.nbg.eu\/pl\/wp-json\/wp\/v2\/product\/577607","targetHints":{"allow":["GET"]}}],"collection":[{"href":"https:\/\/staging.nbg.eu\/pl\/wp-json\/wp\/v2\/product"}],"about":[{"href":"https:\/\/staging.nbg.eu\/pl\/wp-json\/wp\/v2\/types\/product"}],"wp:featuredmedia":[{"embeddable":true,"href":"https:\/\/staging.nbg.eu\/pl\/wp-json\/wp\/v2\/media\/577676"}],"wp:attachment":[{"href":"https:\/\/staging.nbg.eu\/pl\/wp-json\/wp\/v2\/media?parent=577607"}],"wp:term":[{"taxonomy":"product_brand","embeddable":true,"href":"https:\/\/staging.nbg.eu\/pl\/wp-json\/wp\/v2\/product_brand?post=577607"},{"taxonomy":"product_cat","embeddable":true,"href":"https:\/\/staging.nbg.eu\/pl\/wp-json\/wp\/v2\/product_cat?post=577607"},{"taxonomy":"product_tag","embeddable":true,"href":"https:\/\/staging.nbg.eu\/pl\/wp-json\/wp\/v2\/product_tag?post=577607"}],"curies":[{"name":"wp","href":"https:\/\/api.w.org\/{rel}","templated":true}]}}