{"id":577325,"date":"2025-10-10T16:06:55","date_gmt":"2025-10-10T13:06:55","guid":{"rendered":"https:\/\/staging.nbg.eu\/product\/polymer-magazine-762x39-mm-for-akm-rifle-30-rounds\/"},"modified":"2025-10-15T12:27:19","modified_gmt":"2025-10-15T09:27:19","slug":"magazynek-polimerowy-762x39-mm-do-karabinka-akm-30-naboi","status":"publish","type":"product","link":"https:\/\/staging.nbg.eu\/pl\/produkt\/magazynek-polimerowy-762x39-mm-do-karabinka-akm-30-naboi\/","title":{"rendered":"Magazynek polimerowy 7,62&#215;39 mm do karabinka AKM 30 naboi"},"content":{"rendered":"<div class=\"product-description\">\n<h2>Magazynek polimerowy WBP\u00ae do karabin\u00f3w AK\/AKM &#8211; 7,62&#215;39 mm, 30 naboi<\/h2>\n<p>Magazynek 30-nabojowy do karabin\u00f3w AK\/AKM od WBP\u00ae. Wyprodukowany w Polsce, posiada nast\u0119puj\u0105ce cechy:<\/p>\n<ul>\n<li>Przezroczysta, odporna na uderzenia obudowa polimerowa do szybkiej kontroli amunicji<\/li>\n<li>Lekka konstrukcja ze wzmocnion\u0105 stalow\u0105 podstaw\u0105<\/li>\n<li>Kompatybilny z wi\u0119kszo\u015bci\u0105 karabin\u00f3w platformy AK-47 w kalibrze 7,62\u00d739 mm<\/li>\n<li>Polska produkcja, testowana przez si\u0142y specjalne<\/li>\n<\/ul>\n<p>Magazynek polimerowy WBP \u0142\u0105czy niezawodno\u015b\u0107 z innowacj\u0105. Przeznaczony dla u\u017cytkownik\u00f3w karabin\u00f3w AK.<\/p>\n<p><strong>Specyfikacja:<\/strong> Kaliber: 7,62&#215;39 mm | Pojemno\u015b\u0107: 30 naboi | Materia\u0142: Polimer z stalow\u0105 podstaw\u0105<\/p>\n<\/div>\n","protected":false},"excerpt":{"rendered":"<p>Przezroczysty magazynek 30-nabojowy do AK\/AKM. Trwa\u0142y polimer, stalowa podstawa. Kaliber 7,62x39mm.<\/p>\n","protected":false},"featured_media":577351,"template":"","meta":{"_acf_changed":false},"product_brand":[],"product_cat":[12623,12606],"product_tag":[],"class_list":{"0":"post-577325","1":"product","2":"type-product","3":"status-publish","4":"has-post-thumbnail","6":"product_cat-karabin","7":"product_cat-magazynki-karabinowe","9":"first","10":"outofstock","11":"taxable","12":"shipping-taxable","13":"product-type-simple"},"acf":[],"_links":{"self":[{"href":"https:\/\/staging.nbg.eu\/pl\/wp-json\/wp\/v2\/product\/577325","targetHints":{"allow":["GET"]}}],"collection":[{"href":"https:\/\/staging.nbg.eu\/pl\/wp-json\/wp\/v2\/product"}],"about":[{"href":"https:\/\/staging.nbg.eu\/pl\/wp-json\/wp\/v2\/types\/product"}],"wp:featuredmedia":[{"embeddable":true,"href":"https:\/\/staging.nbg.eu\/pl\/wp-json\/wp\/v2\/media\/577351"}],"wp:attachment":[{"href":"https:\/\/staging.nbg.eu\/pl\/wp-json\/wp\/v2\/media?parent=577325"}],"wp:term":[{"taxonomy":"product_brand","embeddable":true,"href":"https:\/\/staging.nbg.eu\/pl\/wp-json\/wp\/v2\/product_brand?post=577325"},{"taxonomy":"product_cat","embeddable":true,"href":"https:\/\/staging.nbg.eu\/pl\/wp-json\/wp\/v2\/product_cat?post=577325"},{"taxonomy":"product_tag","embeddable":true,"href":"https:\/\/staging.nbg.eu\/pl\/wp-json\/wp\/v2\/product_tag?post=577325"}],"curies":[{"name":"wp","href":"https:\/\/api.w.org\/{rel}","templated":true}]}}