{"id":576844,"date":"2025-10-10T16:06:53","date_gmt":"2025-10-10T13:06:53","guid":{"rendered":"https:\/\/staging.nbg.eu\/product\/polymer-magazine-545x39-mm-fo-akm-rifles-30-rounds\/"},"modified":"2025-10-15T12:16:07","modified_gmt":"2025-10-15T09:16:07","slug":"magazynek-polimerowy-545x39-mm-do-karabinkow-akm-30-naboi","status":"publish","type":"product","link":"https:\/\/staging.nbg.eu\/pl\/produkt\/magazynek-polimerowy-545x39-mm-do-karabinkow-akm-30-naboi\/","title":{"rendered":"Magazynek polimerowy 5,45&#215;39 mm do karabink\u00f3w AKM 30 naboi"},"content":{"rendered":"<div class=\"product-description\">\n<h2>Magazynek polimerowy do AK 5,45&#215;39 mm &#8211; 30 naboi<\/h2>\n<h2>Magazynek p\u00f3\u0142przezroczysty WBP Rog\u00f3w<\/h2>\n<p>Magazynek polimerowy do karabin\u00f3w AK-74 lub Tantal od WBP Rog\u00f3w. Przeznaczony do amunicji kalibru 5,45&#215;39 mm, mie\u015bci 30 naboi.<\/p>\n<h3>G\u0142\u00f3wne cechy:<\/h3>\n<ul>\n<li>Konstrukcja z wytrzyma\u0142ego polimeru<\/li>\n<li>P\u00f3\u0142przezroczysta obudowa do sprawdzania stanu amunicji<\/li>\n<li>Stalowa p\u0142ytka spodnia<\/li>\n<li>Waga 153 gramy<\/li>\n<li>Kompatybilny z karabinami AK-74 i Tantal<\/li>\n<\/ul>\n<h3>Specyfikacja techniczna:<\/h3>\n<ul>\n<li>Kaliber: 5,45&#215;39 mm<\/li>\n<li>Pojemno\u015b\u0107: 30 naboi<\/li>\n<li>Materia\u0142 korpusu i dono\u015bnika: Polimer<\/li>\n<li>Materia\u0142 p\u0142ytki spodniej: Stal<\/li>\n<li>Kolor: P\u00f3\u0142przezroczysty<\/li>\n<\/ul>\n<p>Magazynek polimerowy WBP Rog\u00f3w do karabin\u00f3w platformy AK.<\/p>\n<\/div>\n","protected":false},"excerpt":{"rendered":"<p>P\u00f3\u0142przezroczysty 30-nabojowy magazynek do AK, kaliber 5,45x39mm, produkcji WBP Rog\u00f3w<\/p>\n","protected":false},"featured_media":576890,"template":"","meta":{"_acf_changed":false},"product_brand":[],"product_cat":[12623,12606],"product_tag":[],"class_list":{"0":"post-576844","1":"product","2":"type-product","3":"status-publish","4":"has-post-thumbnail","6":"product_cat-karabin","7":"product_cat-magazynki-karabinowe","9":"first","10":"outofstock","11":"taxable","12":"shipping-taxable","13":"product-type-simple"},"acf":[],"_links":{"self":[{"href":"https:\/\/staging.nbg.eu\/pl\/wp-json\/wp\/v2\/product\/576844","targetHints":{"allow":["GET"]}}],"collection":[{"href":"https:\/\/staging.nbg.eu\/pl\/wp-json\/wp\/v2\/product"}],"about":[{"href":"https:\/\/staging.nbg.eu\/pl\/wp-json\/wp\/v2\/types\/product"}],"wp:featuredmedia":[{"embeddable":true,"href":"https:\/\/staging.nbg.eu\/pl\/wp-json\/wp\/v2\/media\/576890"}],"wp:attachment":[{"href":"https:\/\/staging.nbg.eu\/pl\/wp-json\/wp\/v2\/media?parent=576844"}],"wp:term":[{"taxonomy":"product_brand","embeddable":true,"href":"https:\/\/staging.nbg.eu\/pl\/wp-json\/wp\/v2\/product_brand?post=576844"},{"taxonomy":"product_cat","embeddable":true,"href":"https:\/\/staging.nbg.eu\/pl\/wp-json\/wp\/v2\/product_cat?post=576844"},{"taxonomy":"product_tag","embeddable":true,"href":"https:\/\/staging.nbg.eu\/pl\/wp-json\/wp\/v2\/product_tag?post=576844"}],"curies":[{"name":"wp","href":"https:\/\/api.w.org\/{rel}","templated":true}]}}