{"id":57625,"date":"2024-02-20T19:53:48","date_gmt":"2024-09-13T14:33:20","guid":{"rendered":"https:\/\/staging.nbg.eu\/product\/geissele-ar15-super-precision-30mm-extended\/"},"modified":"2024-09-13T14:34:20","modified_gmt":"2024-09-13T14:34:20","slug":"geissele-ar15-super-precision-30mm-extended","status":"publish","type":"product","link":"https:\/\/staging.nbg.eu\/pl\/produkt\/geissele-ar15-super-precision-30mm-extended\/","title":{"rendered":"Geissele  AR15 Super Precision\u00ae 30mm, Extended"},"content":{"rendered":"<div class=\"product-description\">\n<h2>Geissele AR15 Super Precision\u00ae 30mm, Przed\u0142u\u017cony<\/h2>\n<p>Zaprojektowany do u\u017cytku z g\u00f3rami AR-15\/M4, uchwyt Geissele Super Precision\u00ae 30mm Przed\u0142u\u017cony oferuje stabilno\u015b\u0107 i precyzj\u0119. G\u0142\u00f3wne cechy to:<\/p>\n<ul>\n<li>7-sekcyjna szyna picatinny z 4 wypustkami do bezpiecznego monta\u017cu<\/li>\n<li>System zaciskowy nakr\u0119tki i \u015bruby zapewniaj\u0105cy si\u0142\u0119 1400 funt\u00f3w na zestaw<\/li>\n<li>Wykonany z jednocz\u0119\u015bciowego bloku aluminium 7075-T6<\/li>\n<li>Zwi\u0119kszona wytrzyma\u0142o\u015b\u0107 dzi\u0119ki strategicznym wg\u0142\u0119bieniom i \u017cebrowaniu<\/li>\n<li>Precyzyjnie wiercone nak\u0142adki dla lepszego dopasowania i ochrony celownika<\/li>\n<li>R\u00f3\u017cne lokalizacje nak\u0142adek do r\u00f3\u017cnych projekt\u00f3w celownik\u00f3w<\/li>\n<\/ul>\n<p>Ten uchwyt celownika zapewnia dok\u0142adno\u015b\u0107 powrotu do zera i trwa\u0142o\u015b\u0107, i jest zaprojektowany do pracy w trudnych warunkach.<\/p>\n<\/div>\n","protected":false},"excerpt":{"rendered":"<p>Precyzyjne mocowanie lunety 30mm do AR-15. Bezpieczne, trwa\u0142e, wykonane z aluminium 7075-T6.<\/p>\n","protected":false},"featured_media":57626,"template":"","meta":{"_acf_changed":false},"product_brand":[11392],"product_cat":[12623,12561],"product_tag":[],"class_list":{"0":"post-57625","1":"product","2":"type-product","3":"status-publish","4":"has-post-thumbnail","6":"product_brand-geissele","7":"product_cat-karabin","8":"product_cat-montaze","10":"first","11":"instock","12":"taxable","13":"shipping-taxable","14":"product-type-variable","15":"wvs-archive-product-wrapper"},"acf":[],"_links":{"self":[{"href":"https:\/\/staging.nbg.eu\/pl\/wp-json\/wp\/v2\/product\/57625","targetHints":{"allow":["GET"]}}],"collection":[{"href":"https:\/\/staging.nbg.eu\/pl\/wp-json\/wp\/v2\/product"}],"about":[{"href":"https:\/\/staging.nbg.eu\/pl\/wp-json\/wp\/v2\/types\/product"}],"wp:featuredmedia":[{"embeddable":true,"href":"https:\/\/staging.nbg.eu\/pl\/wp-json\/wp\/v2\/media\/57626"}],"wp:attachment":[{"href":"https:\/\/staging.nbg.eu\/pl\/wp-json\/wp\/v2\/media?parent=57625"}],"wp:term":[{"taxonomy":"product_brand","embeddable":true,"href":"https:\/\/staging.nbg.eu\/pl\/wp-json\/wp\/v2\/product_brand?post=57625"},{"taxonomy":"product_cat","embeddable":true,"href":"https:\/\/staging.nbg.eu\/pl\/wp-json\/wp\/v2\/product_cat?post=57625"},{"taxonomy":"product_tag","embeddable":true,"href":"https:\/\/staging.nbg.eu\/pl\/wp-json\/wp\/v2\/product_tag?post=57625"}],"curies":[{"name":"wp","href":"https:\/\/api.w.org\/{rel}","templated":true}]}}