{"id":575275,"date":"2025-10-10T12:34:57","date_gmt":"2025-10-10T09:34:57","guid":{"rendered":"https:\/\/staging.nbg.eu\/product\/grips-kmr-l-waves-titan\/"},"modified":"2025-10-15T11:34:24","modified_gmt":"2025-10-15T08:34:24","slug":"chwyt-kmr-l-fale-tytan","status":"publish","type":"product","link":"https:\/\/staging.nbg.eu\/pl\/produkt\/chwyt-kmr-l-fale-tytan\/","title":{"rendered":"CHWYT KMR L FALE TYTAN"},"content":{"rendered":"<div class=\"product-description\">\n<h2>CHWYTY KMR L WAVES TITAN<\/h2>\n<p>GRIPS KMR L WAVES TITAN (Nr ref.: 0611-05001-0107) od KMR Precision Arms. Zaprojektowane dla kontroli i precyzji, te pe\u0142nowymiarowe chwyty posiadaj\u0105 tekstur\u0119 WAVES.<\/p>\n<h2>G\u0142\u00f3wne cechy:<\/h2>\n<ul>\n<li>Kompatybilne z modelami KMR L-02 SPECTRA i UMBRA<\/li>\n<li>Pe\u0142nowymiarowy chwyt bez gniazda magazynka<\/li>\n<li>Tekstura WAVES dla lepszego chwytu<\/li>\n<li>Kolor tytanowy<\/li>\n<\/ul>\n<p>GRIPS KMR L WAVES TITAN oferuj\u0105 precyzj\u0119 i komfort.<\/p>\n<\/div>\n","protected":false},"excerpt":{"rendered":"<p>CHWYTY KMR L WAVES TITAN: Popraw kontrol\u0119 i precyzj\u0119 w kolorze tytanu.<\/p>\n","protected":false},"featured_media":575305,"template":"","meta":{"_acf_changed":false},"product_brand":[],"product_cat":[12575],"product_tag":[],"class_list":{"0":"post-575275","1":"product","2":"type-product","3":"status-publish","4":"has-post-thumbnail","6":"product_cat-czesci-kmr","8":"first","9":"instock","10":"taxable","11":"shipping-taxable","12":"purchasable","13":"product-type-simple"},"acf":[],"_links":{"self":[{"href":"https:\/\/staging.nbg.eu\/pl\/wp-json\/wp\/v2\/product\/575275","targetHints":{"allow":["GET"]}}],"collection":[{"href":"https:\/\/staging.nbg.eu\/pl\/wp-json\/wp\/v2\/product"}],"about":[{"href":"https:\/\/staging.nbg.eu\/pl\/wp-json\/wp\/v2\/types\/product"}],"wp:featuredmedia":[{"embeddable":true,"href":"https:\/\/staging.nbg.eu\/pl\/wp-json\/wp\/v2\/media\/575305"}],"wp:attachment":[{"href":"https:\/\/staging.nbg.eu\/pl\/wp-json\/wp\/v2\/media?parent=575275"}],"wp:term":[{"taxonomy":"product_brand","embeddable":true,"href":"https:\/\/staging.nbg.eu\/pl\/wp-json\/wp\/v2\/product_brand?post=575275"},{"taxonomy":"product_cat","embeddable":true,"href":"https:\/\/staging.nbg.eu\/pl\/wp-json\/wp\/v2\/product_cat?post=575275"},{"taxonomy":"product_tag","embeddable":true,"href":"https:\/\/staging.nbg.eu\/pl\/wp-json\/wp\/v2\/product_tag?post=575275"}],"curies":[{"name":"wp","href":"https:\/\/api.w.org\/{rel}","templated":true}]}}