{"id":574720,"date":"2025-10-10T12:34:45","date_gmt":"2025-10-10T09:34:45","guid":{"rendered":"https:\/\/staging.nbg.eu\/product\/trigger-kmr-sa-da-straight-from-2024\/"},"modified":"2025-10-15T11:10:40","modified_gmt":"2025-10-15T08:10:40","slug":"spust-kmr-sada-prosty-od-2024","status":"publish","type":"product","link":"https:\/\/staging.nbg.eu\/pl\/produkt\/spust-kmr-sada-prosty-od-2024\/","title":{"rendered":"SPUST KMR SA\/DA PROSTY (od 2024)"},"content":{"rendered":"<h2>SPUST KMR SA\/DA PROSTY (od 2024)<\/h2>\n<h2>Numer referencyjny: 0861-02301-0900<\/h2>\n<h3>Marka: KMR Precision Arms<\/h3>\n<p>SPUST KMR SA\/DA PROSTY jest przeznaczony do pistolet\u00f3w KMR produkowanych od 2024 roku. Ten zamiennik jest kompatybilny z modelami z ram\u0105 aluminiow\u0105 i stalow\u0105.<\/p>\n<ul>\n<li>Prosty kszta\u0142t spustu<\/li>\n<li>Kompatybilny z 3 mm sworzniem spustu<\/li>\n<li>Wsp\u00f3\u0142pracuje z d\u017awigni\u0105 spustow\u0105 L SA\/DA lub W SA\/DA<\/li>\n<li>Konstrukcja ze stali<\/li>\n<li>Pasuje do modeli KMR: L-02 SPECTRA, L-02 UMBRA, S-01 LANCE (OR), S-02 i W-02 UMBRA<\/li>\n<\/ul>\n<p>Ten prosty spust jest przeznaczony do u\u017cytku w trybie pojedynczego i podw\u00f3jnego dzia\u0142ania w pistoletach KMR.<\/p>\n","protected":false},"excerpt":{"rendered":"<p>Prosty stalowy spust SA\/DA do pistolet\u00f3w KMR od 2024 roku. Kompatybilny z 3mm trzpieniem.<\/p>\n","protected":false},"featured_media":574752,"template":"","meta":{"_acf_changed":false},"product_brand":[],"product_cat":[12575],"product_tag":[],"class_list":{"0":"post-574720","1":"product","2":"type-product","3":"status-publish","4":"has-post-thumbnail","6":"product_cat-czesci-kmr","8":"first","9":"instock","10":"taxable","11":"shipping-taxable","12":"purchasable","13":"product-type-simple"},"acf":[],"_links":{"self":[{"href":"https:\/\/staging.nbg.eu\/pl\/wp-json\/wp\/v2\/product\/574720","targetHints":{"allow":["GET"]}}],"collection":[{"href":"https:\/\/staging.nbg.eu\/pl\/wp-json\/wp\/v2\/product"}],"about":[{"href":"https:\/\/staging.nbg.eu\/pl\/wp-json\/wp\/v2\/types\/product"}],"wp:featuredmedia":[{"embeddable":true,"href":"https:\/\/staging.nbg.eu\/pl\/wp-json\/wp\/v2\/media\/574752"}],"wp:attachment":[{"href":"https:\/\/staging.nbg.eu\/pl\/wp-json\/wp\/v2\/media?parent=574720"}],"wp:term":[{"taxonomy":"product_brand","embeddable":true,"href":"https:\/\/staging.nbg.eu\/pl\/wp-json\/wp\/v2\/product_brand?post=574720"},{"taxonomy":"product_cat","embeddable":true,"href":"https:\/\/staging.nbg.eu\/pl\/wp-json\/wp\/v2\/product_cat?post=574720"},{"taxonomy":"product_tag","embeddable":true,"href":"https:\/\/staging.nbg.eu\/pl\/wp-json\/wp\/v2\/product_tag?post=574720"}],"curies":[{"name":"wp","href":"https:\/\/api.w.org\/{rel}","templated":true}]}}