{"id":572757,"date":"2025-10-10T23:44:24","date_gmt":"2025-10-10T20:44:24","guid":{"rendered":"https:\/\/staging.nbg.eu\/product\/e-arthur-brown-company-inc-knob-s-lever-for-harris-type-bipods\/"},"modified":"2025-10-15T00:50:02","modified_gmt":"2025-10-14T21:50:02","slug":"e-arthur-brown-company-inc-pokretlo-dzwigni-s-do-dwunogow-typu-harris","status":"publish","type":"product","link":"https:\/\/staging.nbg.eu\/pl\/produkt\/e-arthur-brown-company-inc-pokretlo-dzwigni-s-do-dwunogow-typu-harris\/","title":{"rendered":"E. ARTHUR BROWN COMPANY, INC. POKR\u0118T\u0141O D\u0179WIGNI S DO DWUNOG\u00d3W TYPU HARRIS"},"content":{"rendered":"<h2>E. Arthur Brown Company S-Lever\u00ae Napinacz<\/h2>\n<p>Ulepszenie do dw\u00f3jnogu typu Harris lub Caldwell XLA. Ten zamiennik standardowego pokr\u0119t\u0142a tarciowego oferuje:<\/p>\n<ul>\n<li>Kontrol\u0119 i d\u017awigni\u0119 do regulacji nachylenia<\/li>\n<li>Mo\u017cliwo\u015b\u0107 precyzyjnego ustawienia<\/li>\n<li>Konstrukcj\u0119 z nylonu wzmocnionego w\u0142\u00f3knem<\/li>\n<li>Konstrukcj\u0119, kt\u00f3ra ugina si\u0119 lub \u0142amie pod ekstremalnym obci\u0105\u017ceniem<\/li>\n<li>Prost\u0105 instalacj\u0119 z do\u0142\u0105czon\u0105 instrukcj\u0105<\/li>\n<li>Produkcj\u0119 w USA<\/li>\n<\/ul>\n<p>Przeznaczony do dw\u00f3jnog\u00f3w S-Type Harris i Caldwell XLA, ten czarny aluminiowy napinacz umo\u017cliwia regulacj\u0119 dw\u00f3jnogu. S-Lever\u00ae Napinacz firmy E. Arthur Brown Company.<\/p>\n","protected":false},"excerpt":{"rendered":"<p>Ergonomiczna d\u017awignia S u\u0142atwiaj\u0105ca regulacj\u0119 nachylenia dw\u00f3jnogu w dw\u00f3jnogach typu Harris.<\/p>\n","protected":false},"featured_media":572787,"template":"","meta":{"_acf_changed":false},"product_brand":[],"product_cat":[12616],"product_tag":[],"class_list":{"0":"post-572757","1":"product","2":"type-product","3":"status-publish","4":"has-post-thumbnail","6":"product_cat-dwojnogi","8":"first","9":"instock","10":"taxable","11":"shipping-taxable","12":"purchasable","13":"product-type-simple"},"acf":[],"_links":{"self":[{"href":"https:\/\/staging.nbg.eu\/pl\/wp-json\/wp\/v2\/product\/572757","targetHints":{"allow":["GET"]}}],"collection":[{"href":"https:\/\/staging.nbg.eu\/pl\/wp-json\/wp\/v2\/product"}],"about":[{"href":"https:\/\/staging.nbg.eu\/pl\/wp-json\/wp\/v2\/types\/product"}],"wp:featuredmedia":[{"embeddable":true,"href":"https:\/\/staging.nbg.eu\/pl\/wp-json\/wp\/v2\/media\/572787"}],"wp:attachment":[{"href":"https:\/\/staging.nbg.eu\/pl\/wp-json\/wp\/v2\/media?parent=572757"}],"wp:term":[{"taxonomy":"product_brand","embeddable":true,"href":"https:\/\/staging.nbg.eu\/pl\/wp-json\/wp\/v2\/product_brand?post=572757"},{"taxonomy":"product_cat","embeddable":true,"href":"https:\/\/staging.nbg.eu\/pl\/wp-json\/wp\/v2\/product_cat?post=572757"},{"taxonomy":"product_tag","embeddable":true,"href":"https:\/\/staging.nbg.eu\/pl\/wp-json\/wp\/v2\/product_tag?post=572757"}],"curies":[{"name":"wp","href":"https:\/\/api.w.org\/{rel}","templated":true}]}}