{"id":57159,"date":"2024-02-20T20:01:55","date_gmt":"2024-09-13T14:29:35","guid":{"rendered":"https:\/\/staging.nbg.eu\/product\/geissele-ar15-super-precision-34mm-extended\/"},"modified":"2024-09-13T14:30:52","modified_gmt":"2024-09-13T14:30:52","slug":"geissele-ar15-super-precision-34mm-extended","status":"publish","type":"product","link":"https:\/\/staging.nbg.eu\/pl\/produkt\/geissele-ar15-super-precision-34mm-extended\/","title":{"rendered":"Geissele  AR15 Super Precision\u00ae 34mm, Extended"},"content":{"rendered":"<div class=\"product-description\">\n<h2>Geissele AR15 Super Precision\u00ae 34mm, Przed\u0142u\u017cony<\/h2>\n<p>Uchwyt na lunet\u0119 Geissele Super Precision\u00ae 34mm Przed\u0142u\u017cony do AR-15\/M4. Cechy uchwytu:<\/p>\n<ul>\n<li>7 sekcji picatinny z 4 wyst\u0119pami stabilizuj\u0105cymi<\/li>\n<li>System mocowania nakr\u0119tk\u0105 i \u015brub\u0105, zapewniaj\u0105cy 1400 funt\u00f3w si\u0142y na par\u0119<\/li>\n<li>Wykonany z jednego kawa\u0142ka aluminium 7075-T6<\/li>\n<li>Zwi\u0119kszona sztywno\u015b\u0107 dzi\u0119ki odpowiedniemu profilowaniu<\/li>\n<li>Precyzyjnie wiercone obejmy dla dok\u0142adnego dopasowania lunety<\/li>\n<li>Numerowane obejmy dla gwarantowanego ustawienia<\/li>\n<li>Uniwersalna konstrukcja pasuj\u0105ca do r\u00f3\u017cnych typ\u00f3w lunet<\/li>\n<\/ul>\n<p>Uchwyt zapewnia dok\u0142adny powr\u00f3t do zera i trwa\u0142o\u015b\u0107.<\/p>\n<\/div>\n","protected":false},"excerpt":{"rendered":"<p>Precyzyjnie skonstruowany uchwyt do lunety AR-15 o \u015brednicy 34 mm zapewniaj\u0105cy niezr\u00f3wnan\u0105 stabilno\u015b\u0107.<\/p>\n","protected":false},"featured_media":57161,"template":"","meta":{"_acf_changed":false},"product_brand":[11392],"product_cat":[12623,12561],"product_tag":[],"class_list":{"0":"post-57159","1":"product","2":"type-product","3":"status-publish","4":"has-post-thumbnail","6":"product_brand-geissele","7":"product_cat-karabin","8":"product_cat-montaze","10":"first","11":"instock","12":"taxable","13":"shipping-taxable","14":"product-type-variable","15":"wvs-archive-product-wrapper"},"acf":[],"_links":{"self":[{"href":"https:\/\/staging.nbg.eu\/pl\/wp-json\/wp\/v2\/product\/57159","targetHints":{"allow":["GET"]}}],"collection":[{"href":"https:\/\/staging.nbg.eu\/pl\/wp-json\/wp\/v2\/product"}],"about":[{"href":"https:\/\/staging.nbg.eu\/pl\/wp-json\/wp\/v2\/types\/product"}],"wp:featuredmedia":[{"embeddable":true,"href":"https:\/\/staging.nbg.eu\/pl\/wp-json\/wp\/v2\/media\/57161"}],"wp:attachment":[{"href":"https:\/\/staging.nbg.eu\/pl\/wp-json\/wp\/v2\/media?parent=57159"}],"wp:term":[{"taxonomy":"product_brand","embeddable":true,"href":"https:\/\/staging.nbg.eu\/pl\/wp-json\/wp\/v2\/product_brand?post=57159"},{"taxonomy":"product_cat","embeddable":true,"href":"https:\/\/staging.nbg.eu\/pl\/wp-json\/wp\/v2\/product_cat?post=57159"},{"taxonomy":"product_tag","embeddable":true,"href":"https:\/\/staging.nbg.eu\/pl\/wp-json\/wp\/v2\/product_tag?post=57159"}],"curies":[{"name":"wp","href":"https:\/\/api.w.org\/{rel}","templated":true}]}}