{"id":56756,"date":"2024-02-20T20:12:58","date_gmt":"2024-09-13T13:32:26","guid":{"rendered":"https:\/\/staging.nbg.eu\/product\/geissele-super-precision-scope-mount-30mm-for-ar-15-vortex-1-6\/"},"modified":"2024-09-13T13:33:24","modified_gmt":"2024-09-13T13:33:24","slug":"geissele-super-precision-scope-mount-30mm-for-ar-15-vortex-1-6","status":"publish","type":"product","link":"https:\/\/staging.nbg.eu\/pl\/produkt\/geissele-super-precision-scope-mount-30mm-for-ar-15-vortex-1-6\/","title":{"rendered":"Geissele Super Precision Scope Mount 30mm, for AR-15 (Vortex 1-6)"},"content":{"rendered":"<div class=\"description-text\">\n<div class=\"exerpt\">\n<p>Ten uchwyt do lunety AR-15 jest cz\u0119\u015bci\u0105 serii Geissele SOPMOD. Zawiera produkty Geissele u\u017cywane przez elitarne jednostki wojskowe i antyterrorystyczne w ramach Dow\u00f3dztwa Operacji Specjalnych USA (USSOCOM). SOPMOD to program USSOCOM pozwalaj\u0105cy personelowi operacji specjalnych konfigurowa\u0107 bro\u0144 wed\u0142ug indywidualnych preferencji i wymaga\u0144 misji. Program obejmuje zatwierdzony system akcesori\u00f3w dla karabinka M4A1, FN SCAR Mk 16\/17 i innej broni u\u017cywanej przez USSOCOM. Ka\u017cdy element Geissele w serii SOPMOD przeszed\u0142 rygorystyczne testy rz\u0105dowe USA i certyfikacj\u0119 USSOCOM. Te uchwyty optyczne s\u0105 wykonane z pojedynczego bloku aluminium lotniczego 7075-T6 o wadze 2 kg.<\/p>\n<p>Indywidualnie numerowane pier\u015bcienie lunety s\u0105 wiercone w linii z korpusem i tworzone w jednej operacji, zapewniaj\u0105c najlepsze mo\u017cliwe dopasowanie do korpusu optyki. Uchwyty Geissele s\u0105 mocowane za pomoc\u0105 klasycznego, sprawdzonego systemu nakr\u0119tki i zacisku, zapewniaj\u0105cego 635 kg si\u0142y zaciskaj\u0105cej na nakr\u0119tk\u0119. System ten zapewnia do 3 razy wi\u0119ksz\u0105 si\u0142\u0119 zacisku ni\u017c jakikolwiek system d\u017awigniowy, podczas gdy precyzyjnie obrobione wyst\u0119py \u015bcinaj\u0105ce pomagaj\u0105 zablokowa\u0107 optyk\u0119 na miejscu na odbiorniku podczas odrzutu. Powierzchnia monta\u017cowa obejmuje 8 sekcji szyny Picatinny.<\/p>\n<h2 style=\"text-align: center\"><strong>&#8212; SPECYFIKACJA &#8212;<\/strong><\/h2>\n<table border=\"1\">\n<tbody>\n<tr>\n<td><strong>MATERIA\u0141: <\/strong><\/td>\n<td> 7075-T6<\/td>\n<\/tr>\n<tr>\n<td><strong>KOLOR: <\/strong><\/td>\n<td> Czarny<\/td>\n<\/tr>\n<tr>\n<td><strong>WYKO\u0143CZENIE: <\/strong><\/td>\n<td> Anodowanie twarde typu 3<\/td>\n<\/tr>\n<tr>\n<td><strong>WAGA: <\/strong><\/td>\n<td> 201 g<\/td>\n<\/tr>\n<tr>\n<td><strong>ROZMIAR PIER\u015aCIENIA: <\/strong><\/td>\n<td> 30mm<\/td>\n<\/tr>\n<\/tbody>\n<\/table>\n<\/div>\n<\/div>\n","protected":false},"excerpt":{"rendered":"<p><strong>Cz\u0119\u015b\u0107 serii Geissele SOPMOD Certified<\/strong><\/p>\n","protected":false},"featured_media":56757,"template":"","meta":{"_acf_changed":false},"product_brand":[11392],"product_cat":[12623,12561],"product_tag":[],"class_list":{"0":"post-56756","1":"product","2":"type-product","3":"status-publish","4":"has-post-thumbnail","6":"product_brand-geissele","7":"product_cat-karabin","8":"product_cat-montaze","10":"first","11":"instock","12":"taxable","13":"shipping-taxable","14":"product-type-variable","15":"wvs-archive-product-wrapper"},"acf":[],"_links":{"self":[{"href":"https:\/\/staging.nbg.eu\/pl\/wp-json\/wp\/v2\/product\/56756","targetHints":{"allow":["GET"]}}],"collection":[{"href":"https:\/\/staging.nbg.eu\/pl\/wp-json\/wp\/v2\/product"}],"about":[{"href":"https:\/\/staging.nbg.eu\/pl\/wp-json\/wp\/v2\/types\/product"}],"wp:featuredmedia":[{"embeddable":true,"href":"https:\/\/staging.nbg.eu\/pl\/wp-json\/wp\/v2\/media\/56757"}],"wp:attachment":[{"href":"https:\/\/staging.nbg.eu\/pl\/wp-json\/wp\/v2\/media?parent=56756"}],"wp:term":[{"taxonomy":"product_brand","embeddable":true,"href":"https:\/\/staging.nbg.eu\/pl\/wp-json\/wp\/v2\/product_brand?post=56756"},{"taxonomy":"product_cat","embeddable":true,"href":"https:\/\/staging.nbg.eu\/pl\/wp-json\/wp\/v2\/product_cat?post=56756"},{"taxonomy":"product_tag","embeddable":true,"href":"https:\/\/staging.nbg.eu\/pl\/wp-json\/wp\/v2\/product_tag?post=56756"}],"curies":[{"name":"wp","href":"https:\/\/api.w.org\/{rel}","templated":true}]}}