{"id":56533,"date":"2024-02-20T20:21:46","date_gmt":"2024-09-13T13:26:56","guid":{"rendered":"https:\/\/staging.nbg.eu\/product\/geissele-super-precision-zero-compromise-scope-mount-36mm-black\/"},"modified":"2024-09-13T13:27:53","modified_gmt":"2024-09-13T13:27:53","slug":"geissele-super-precision-zero-compromise-scope-mount-36mm-black","status":"publish","type":"product","link":"https:\/\/staging.nbg.eu\/pl\/produkt\/geissele-super-precision-zero-compromise-scope-mount-36mm-black\/","title":{"rendered":"Geissele  Super Precision\u00ae &#8211; Zero Compromise Scope Mount, 36mm &#8211; Black"},"content":{"rendered":"<div class=\"product-description\">\n<h2>Geissele Super Precision\u00ae &#8211; Mocowanie lunety Zero Compromise, 36mm &#8211; Czarne<\/h2>\n<p>Zaprojektowane dla serii optyki Zero Compromise ZC420, to mocowanie jest przeznaczone dla strzelc\u00f3w na dalekie dystanse. Cechy:<\/p>\n<ul>\n<li>Wbudowane nachylenie 20 MOA (5,7 MIL) dla zwi\u0119kszonego zakresu podniesienia<\/li>\n<li>Wysuni\u0119ty wspornik 2,5&#8243; dla optymalnej odleg\u0142o\u015bci oka<\/li>\n<li>Precyzyjnie obrobione wyst\u0119py \u015bcinaj\u0105ce dla stabilno\u015bci<\/li>\n<li>1400 funt\u00f3w si\u0142y zaciskowej z u\u017cyciem zaktualizowanego systemu nakr\u0119tek i \u015brub Geissele<\/li>\n<li>Szybka instalacja i demonta\u017c przy u\u017cyciu standardowych narz\u0119dzi<\/li>\n<li>Mo\u017cliwo\u015b\u0107 powrotu do punktu zerowego<\/li>\n<li>Kompaktowa konstrukcja<\/li>\n<\/ul>\n<p>Mocowanie lunety Geissele Super Precision\u00ae Zero Compromise.<\/p>\n<\/div>\n","protected":false},"excerpt":{"rendered":"<p>Wytrzyma\u0142y uchwyt do lunety o \u015brednicy 36 mm do ekstremalnie dalekiego strzelania precyzyjnego.<\/p>\n","protected":false},"featured_media":56534,"template":"","meta":{"_acf_changed":false},"product_brand":[11392],"product_cat":[12623,12561],"product_tag":[],"class_list":{"0":"post-56533","1":"product","2":"type-product","3":"status-publish","4":"has-post-thumbnail","6":"product_brand-geissele","7":"product_cat-karabin","8":"product_cat-montaze","10":"first","11":"instock","12":"taxable","13":"shipping-taxable","14":"product-type-simple"},"acf":[],"_links":{"self":[{"href":"https:\/\/staging.nbg.eu\/pl\/wp-json\/wp\/v2\/product\/56533","targetHints":{"allow":["GET"]}}],"collection":[{"href":"https:\/\/staging.nbg.eu\/pl\/wp-json\/wp\/v2\/product"}],"about":[{"href":"https:\/\/staging.nbg.eu\/pl\/wp-json\/wp\/v2\/types\/product"}],"wp:featuredmedia":[{"embeddable":true,"href":"https:\/\/staging.nbg.eu\/pl\/wp-json\/wp\/v2\/media\/56534"}],"wp:attachment":[{"href":"https:\/\/staging.nbg.eu\/pl\/wp-json\/wp\/v2\/media?parent=56533"}],"wp:term":[{"taxonomy":"product_brand","embeddable":true,"href":"https:\/\/staging.nbg.eu\/pl\/wp-json\/wp\/v2\/product_brand?post=56533"},{"taxonomy":"product_cat","embeddable":true,"href":"https:\/\/staging.nbg.eu\/pl\/wp-json\/wp\/v2\/product_cat?post=56533"},{"taxonomy":"product_tag","embeddable":true,"href":"https:\/\/staging.nbg.eu\/pl\/wp-json\/wp\/v2\/product_tag?post=56533"}],"curies":[{"name":"wp","href":"https:\/\/api.w.org\/{rel}","templated":true}]}}