{"id":56431,"date":"2024-02-23T19:02:45","date_gmt":"2024-09-13T13:22:48","guid":{"rendered":"https:\/\/staging.nbg.eu\/product\/fox-classic-hunter-5-6-mm-505560-gr\/"},"modified":"2024-09-13T13:23:47","modified_gmt":"2024-09-13T13:23:47","slug":"fox-classic-hunter-5-6-mm-505560-gr","status":"publish","type":"product","link":"https:\/\/staging.nbg.eu\/pl\/produkt\/fox-classic-hunter-5-6-mm-505560-gr\/","title":{"rendered":"Fox Classic Hunter 5.6 mm (50,55,60 gr)"},"content":{"rendered":"<div class=\"product-description\">\n<h2>Fox Classic Hunter<\/h2>\n<p>Fox Classic Hunter to bezo\u0142owiowy pocisk przeznaczony dla europejskich my\u015bliwych. Nadaje si\u0119 do polowa\u0144 na dziki oraz kozice w g\u00f3rach. Pocisk wykonany jest ze stopu miedzi i cynku.<\/p>\n<ul>\n<li>Bezo\u0142owiowa kompozycja<\/li>\n<li>Deformacja przy ni\u017cszych pr\u0119dko\u015bciach uderzenia (500 m\/s)<\/li>\n<li>Rowkowana konstrukcja zmniejszaj\u0105ca ci\u015bnienie w lufie i zwi\u0119kszaj\u0105ca pr\u0119dko\u015b\u0107<\/li>\n<li>Plastikowa ko\u0144c\u00f3wka odporna na wysokie temperatury poprawia balistyk\u0119 i efekt ko\u0144cowy<\/li>\n<li>Kontrolowana ekspansja dla optymalnego transferu energii<\/li>\n<li>Deformacja w kszta\u0142cie grzyba do dwukrotno\u015bci \u015brednicy kalibru<\/li>\n<li>Skuteczne zatrzymanie z minimalnym uszkodzeniem mi\u0119sa<\/li>\n<\/ul>\n<p>Fox Classic Hunter to wyb\u00f3r dla etycznego i skutecznego polowania w Europie.<\/p>\n<\/div>\n","protected":false},"excerpt":{"rendered":"<p>Bezo\u0142ywiowy pocisk miedziowo-cynkowy do wszechstronnego polowania. Szybka ekspansja, wysoka celno\u015b\u0107.<\/p>\n","protected":false},"featured_media":56432,"template":"","meta":{"_acf_changed":false},"product_brand":[11346],"product_cat":[12619],"product_tag":[],"class_list":{"0":"post-56431","1":"product","2":"type-product","3":"status-publish","4":"has-post-thumbnail","6":"product_brand-fox-bullets","7":"product_cat-przeladowywanie","9":"first","10":"instock","11":"taxable","12":"shipping-taxable","13":"purchasable","14":"product-type-variable","15":"wvs-archive-product-wrapper"},"acf":[],"_links":{"self":[{"href":"https:\/\/staging.nbg.eu\/pl\/wp-json\/wp\/v2\/product\/56431","targetHints":{"allow":["GET"]}}],"collection":[{"href":"https:\/\/staging.nbg.eu\/pl\/wp-json\/wp\/v2\/product"}],"about":[{"href":"https:\/\/staging.nbg.eu\/pl\/wp-json\/wp\/v2\/types\/product"}],"wp:featuredmedia":[{"embeddable":true,"href":"https:\/\/staging.nbg.eu\/pl\/wp-json\/wp\/v2\/media\/56432"}],"wp:attachment":[{"href":"https:\/\/staging.nbg.eu\/pl\/wp-json\/wp\/v2\/media?parent=56431"}],"wp:term":[{"taxonomy":"product_brand","embeddable":true,"href":"https:\/\/staging.nbg.eu\/pl\/wp-json\/wp\/v2\/product_brand?post=56431"},{"taxonomy":"product_cat","embeddable":true,"href":"https:\/\/staging.nbg.eu\/pl\/wp-json\/wp\/v2\/product_cat?post=56431"},{"taxonomy":"product_tag","embeddable":true,"href":"https:\/\/staging.nbg.eu\/pl\/wp-json\/wp\/v2\/product_tag?post=56431"}],"curies":[{"name":"wp","href":"https:\/\/api.w.org\/{rel}","templated":true}]}}