{"id":56217,"date":"2024-02-24T19:52:23","date_gmt":"2024-09-13T13:20:16","guid":{"rendered":"https:\/\/staging.nbg.eu\/product\/fox-classic-hunter-65-mm-139-gr\/"},"modified":"2024-09-13T13:21:18","modified_gmt":"2024-09-13T13:21:18","slug":"fox-classic-hunter-65-mm-139-gr","status":"publish","type":"product","link":"https:\/\/staging.nbg.eu\/pl\/produkt\/fox-classic-hunter-65-mm-139-gr\/","title":{"rendered":"Fox Classic Hunter 6,5 mm (139 gr)"},"content":{"rendered":"<div class=\"product-description\">\n<h2>Fox Classic Hunter<\/h2>\n<p>Fox Classic Hunter to pocisk bezo\u0142owiowy przeznaczony dla europejskich my\u015bliwych. Nadaje si\u0119 do polowa\u0144 na dziki i kozice g\u00f3rskie. Pocisk wykonany jest ze stopu miedzi i cynku.<\/p>\n<ul>\n<li>Sk\u0142ad bezo\u0142owiowy<\/li>\n<li>Deformacja przy ni\u017cszych pr\u0119dko\u015bciach uderzenia (500 m\/s)<\/li>\n<li>Rowkowana konstrukcja zmniejszaj\u0105ca ci\u015bnienie w lufie i zwi\u0119kszaj\u0105ca pr\u0119dko\u015b\u0107<\/li>\n<li>Plastikowa ko\u0144c\u00f3wka odporna na temperatur\u0119 poprawiaj\u0105ca balistyk\u0119 i efekt ko\u0144cowy<\/li>\n<li>Kontrolowana ekspansja dla optymalnego transferu energii<\/li>\n<li>Deformacja w kszta\u0142cie grzyba do dwukrotno\u015bci \u015brednicy kalibru<\/li>\n<li>Wysoka si\u0142a zatrzymuj\u0105ca przy minimalnym uszkodzeniu mi\u0119sa<\/li>\n<\/ul>\n<p>Fox Classic Hunter jest przeznaczony do polowa\u0144 w Europie.<\/p>\n<\/div>\n","protected":false},"excerpt":{"rendered":"<p>Bezo\u0142owiowy pocisk miedziowo-cynkowy do wszechstronnego polowania. Szybka ekspansja, wysoka celno\u015b\u0107.<\/p>\n","protected":false},"featured_media":56218,"template":"","meta":{"_acf_changed":false},"product_brand":[11346],"product_cat":[12619],"product_tag":[],"class_list":{"0":"post-56217","1":"product","2":"type-product","3":"status-publish","4":"has-post-thumbnail","6":"product_brand-fox-bullets","7":"product_cat-przeladowywanie","9":"first","10":"instock","11":"taxable","12":"shipping-taxable","13":"purchasable","14":"product-type-variable","15":"wvs-archive-product-wrapper"},"acf":[],"_links":{"self":[{"href":"https:\/\/staging.nbg.eu\/pl\/wp-json\/wp\/v2\/product\/56217","targetHints":{"allow":["GET"]}}],"collection":[{"href":"https:\/\/staging.nbg.eu\/pl\/wp-json\/wp\/v2\/product"}],"about":[{"href":"https:\/\/staging.nbg.eu\/pl\/wp-json\/wp\/v2\/types\/product"}],"wp:featuredmedia":[{"embeddable":true,"href":"https:\/\/staging.nbg.eu\/pl\/wp-json\/wp\/v2\/media\/56218"}],"wp:attachment":[{"href":"https:\/\/staging.nbg.eu\/pl\/wp-json\/wp\/v2\/media?parent=56217"}],"wp:term":[{"taxonomy":"product_brand","embeddable":true,"href":"https:\/\/staging.nbg.eu\/pl\/wp-json\/wp\/v2\/product_brand?post=56217"},{"taxonomy":"product_cat","embeddable":true,"href":"https:\/\/staging.nbg.eu\/pl\/wp-json\/wp\/v2\/product_cat?post=56217"},{"taxonomy":"product_tag","embeddable":true,"href":"https:\/\/staging.nbg.eu\/pl\/wp-json\/wp\/v2\/product_tag?post=56217"}],"curies":[{"name":"wp","href":"https:\/\/api.w.org\/{rel}","templated":true}]}}