{"id":555074,"date":"2025-09-06T16:22:33","date_gmt":"2025-09-06T13:22:33","guid":{"rendered":"https:\/\/staging.nbg.eu\/product\/magnetospeed-llc-barrel-cooler\/"},"modified":"2025-10-01T16:53:05","modified_gmt":"2025-10-01T13:53:05","slug":"magnetospeed-llc-chlodnica-lufy","status":"publish","type":"product","link":"https:\/\/staging.nbg.eu\/pl\/produkt\/magnetospeed-llc-chlodnica-lufy\/","title":{"rendered":"MAGNETOSPEED LLC Ch\u0142odnica Lufy"},"content":{"rendered":"<div class=\"product-description\">\n<h2>MAGNETOSPEED LLC Ch\u0142odnica lufy<\/h2>\n<p>Utrzymuj luf\u0119 broni w ch\u0142odzie i wyd\u0142u\u017caj sesje strzeleckie za pomoc\u0105 ch\u0142odnicy lufy MAGNETOSPEED LLC. To urz\u0105dzenie mocuje si\u0119 do lufy, zapewniaj\u0105c szybkie odprowadzanie ciep\u0142a dla poprawy celno\u015bci i trwa\u0142o\u015bci.<\/p>\n<ul>\n<li>Kompatybilna z wi\u0119kszo\u015bci\u0105 luf karabin\u00f3w i pistolet\u00f3w<\/li>\n<li>Wykonana z trwa\u0142ego aluminium<\/li>\n<li>\u0141atwy w u\u017cyciu magnetyczny system mocowania<\/li>\n<li>Obni\u017ca temperatur\u0119 lufy do 50%<\/li>\n<li>Kompaktowa i lekka konstrukcja u\u0142atwiaj\u0105ca przenoszenie<\/li>\n<\/ul>\n<p>Niezale\u017cnie od tego, czy jeste\u015b na strzelnicy czy na zawodach, ch\u0142odnica lufy MAGNETOSPEED LLC zapewnia utrzymanie optymalnej wydajno\u015bci broni. Ch\u0142odnica lufy zapobiega przegrzewaniu si\u0119 broni podczas strzelania.<\/p>\n<\/div>\n","protected":false},"excerpt":{"rendered":"<p>Urz\u0105dzenie do szybkiego ch\u0142odzenia lufy broni palnej. Zwi\u0119ksza celno\u015b\u0107 i \u017cywotno\u015b\u0107.<\/p>\n","protected":false},"featured_media":499611,"template":"","meta":{"_acf_changed":false},"product_brand":[],"product_cat":[12623,12572],"product_tag":[],"class_list":{"0":"post-555074","1":"product","2":"type-product","3":"status-publish","4":"has-post-thumbnail","6":"product_cat-karabin","7":"product_cat-tuning-karabinowy","9":"first","10":"instock","11":"taxable","12":"shipping-taxable","13":"purchasable","14":"product-type-simple"},"acf":[],"_links":{"self":[{"href":"https:\/\/staging.nbg.eu\/pl\/wp-json\/wp\/v2\/product\/555074","targetHints":{"allow":["GET"]}}],"collection":[{"href":"https:\/\/staging.nbg.eu\/pl\/wp-json\/wp\/v2\/product"}],"about":[{"href":"https:\/\/staging.nbg.eu\/pl\/wp-json\/wp\/v2\/types\/product"}],"wp:featuredmedia":[{"embeddable":true,"href":"https:\/\/staging.nbg.eu\/pl\/wp-json\/wp\/v2\/media\/499611"}],"wp:attachment":[{"href":"https:\/\/staging.nbg.eu\/pl\/wp-json\/wp\/v2\/media?parent=555074"}],"wp:term":[{"taxonomy":"product_brand","embeddable":true,"href":"https:\/\/staging.nbg.eu\/pl\/wp-json\/wp\/v2\/product_brand?post=555074"},{"taxonomy":"product_cat","embeddable":true,"href":"https:\/\/staging.nbg.eu\/pl\/wp-json\/wp\/v2\/product_cat?post=555074"},{"taxonomy":"product_tag","embeddable":true,"href":"https:\/\/staging.nbg.eu\/pl\/wp-json\/wp\/v2\/product_tag?post=555074"}],"curies":[{"name":"wp","href":"https:\/\/api.w.org\/{rel}","templated":true}]}}