{"id":55479,"date":"2024-02-28T08:15:21","date_gmt":"2024-09-13T13:12:24","guid":{"rendered":"https:\/\/staging.nbg.eu\/product\/fox-ammunition-65x55se-123-gr\/"},"modified":"2024-09-13T13:13:27","modified_gmt":"2024-09-13T13:13:27","slug":"amunicja-fox-65x55se-123-gr","status":"publish","type":"product","link":"https:\/\/staging.nbg.eu\/pl\/produkt\/amunicja-fox-65x55se-123-gr\/","title":{"rendered":"Amunicja Fox 6,5x55SE (123 gr)"},"content":{"rendered":"<div class=\"product-description\">\n<h2>Amunicja Fox Classic Hunter<\/h2>\n<p>Pociski Fox Classic Hunter s\u0105 bezo\u0142owiowe, przeznaczone do wszystkich europejskich scenariuszy \u0142owieckich. Wykonane ze stopu miedzi i cynku, oferuj\u0105:<\/p>\n<ul>\n<li>Skuteczno\u015b\u0107 od polowa\u0144 na dziki z bliskiej odleg\u0142o\u015bci po strza\u0142y g\u00f3rskie na du\u017c\u0105 odleg\u0142o\u015b\u0107<\/li>\n<li>Deformacj\u0119 przy ni\u017cszych pr\u0119dko\u015bciach uderzenia (500 m\/s)<\/li>\n<li>Rowkowan\u0105 konstrukcj\u0119 dla zmniejszenia ci\u015bnienia w lufie i zwi\u0119kszenia pr\u0119dko\u015bci<\/li>\n<li>Termostabiln\u0105 plastikow\u0105 ko\u0144c\u00f3wk\u0119 dla poprawy balistyki i efektu ko\u0144cowego<\/li>\n<li>Kontrolowan\u0105 ekspansj\u0119 dla efektywnego transferu energii i si\u0142y obalaj\u0105cej<\/li>\n<li>Deformacj\u0119 grzybkow\u0105 do dwukrotno\u015bci \u015brednicy kalibru<\/li>\n<li>Ponad 95% retencji masy w normalnych warunkach penetracji<\/li>\n<li>Dobre zachowanie jako\u015bci mi\u0119sa<\/li>\n<\/ul>\n<p>Fox Classic Hunter to amunicja o wysokiej wydajno\u015bci do etycznego polowania.<\/p>\n<\/div>\n","protected":false},"excerpt":{"rendered":"<p>Amunicja bezo\u0142owiowa do wszechstronnego polowania w Europie. Precyzyjna i skuteczna.<\/p>\n","protected":false},"featured_media":55487,"template":"","meta":{"_acf_changed":false},"product_brand":[11346],"product_cat":[12598,12635],"product_tag":[],"class_list":{"0":"post-55479","1":"product","2":"type-product","3":"status-publish","4":"has-post-thumbnail","6":"product_brand-fox-bullets","7":"product_cat-amunicja","8":"product_cat-amunicja-karabinowa","10":"first","11":"instock","12":"taxable","13":"shipping-taxable","14":"purchasable","15":"product-type-simple"},"acf":[],"_links":{"self":[{"href":"https:\/\/staging.nbg.eu\/pl\/wp-json\/wp\/v2\/product\/55479","targetHints":{"allow":["GET"]}}],"collection":[{"href":"https:\/\/staging.nbg.eu\/pl\/wp-json\/wp\/v2\/product"}],"about":[{"href":"https:\/\/staging.nbg.eu\/pl\/wp-json\/wp\/v2\/types\/product"}],"wp:featuredmedia":[{"embeddable":true,"href":"https:\/\/staging.nbg.eu\/pl\/wp-json\/wp\/v2\/media\/55487"}],"wp:attachment":[{"href":"https:\/\/staging.nbg.eu\/pl\/wp-json\/wp\/v2\/media?parent=55479"}],"wp:term":[{"taxonomy":"product_brand","embeddable":true,"href":"https:\/\/staging.nbg.eu\/pl\/wp-json\/wp\/v2\/product_brand?post=55479"},{"taxonomy":"product_cat","embeddable":true,"href":"https:\/\/staging.nbg.eu\/pl\/wp-json\/wp\/v2\/product_cat?post=55479"},{"taxonomy":"product_tag","embeddable":true,"href":"https:\/\/staging.nbg.eu\/pl\/wp-json\/wp\/v2\/product_tag?post=55479"}],"curies":[{"name":"wp","href":"https:\/\/api.w.org\/{rel}","templated":true}]}}