{"id":554497,"date":"2025-09-05T18:19:19","date_gmt":"2025-09-05T15:19:19","guid":{"rendered":"https:\/\/staging.nbg.eu\/product\/magpul-enhanced-ejection-port-cover-for-ar-15\/"},"modified":"2025-10-01T16:38:03","modified_gmt":"2025-10-01T13:38:03","slug":"magpul-ulepszona-pokrywa-komory-wyrzutowej-do-ar-15","status":"publish","type":"product","link":"https:\/\/staging.nbg.eu\/pl\/produkt\/magpul-ulepszona-pokrywa-komory-wyrzutowej-do-ar-15\/","title":{"rendered":"MAGPUL ULEPSZONA POKRYWA KOMORY WYRZUTOWEJ DO AR-15"},"content":{"rendered":"<div class=\"product-description\">\n<h2>Magpul Ulepszona Os\u0142ona Okna Wyrzutowego dla AR-15<\/h2>\n<p>Magpul Ulepszona Os\u0142ona Okna Wyrzutowego to element zaprojektowany dla AR-15. Os\u0142ona ta posiada nast\u0119puj\u0105ce cechy:<\/p>\n<ul>\n<li>Konstrukcja z polimeru odpornego na korozj\u0119 i uderzenia<\/li>\n<li>Prosta instalacja bez konieczno\u015bci usuwania os\u0142ony lufy, nakr\u0119tki lufy, klips\u00f3w C lub spr\u0119\u017cyn<\/li>\n<li>Kompatybilno\u015b\u0107 z platformami AR-15 kalibru .223 Remington\/5.56<\/li>\n<li>Czarne wyko\u0144czenie<\/li>\n<\/ul>\n<p>Os\u0142ona Magpul oferuje \u0142atw\u0105 instalacj\u0119 i konserwacj\u0119. Jest to akcesorium do AR-15.<\/p>\n<\/div>\n","protected":false},"excerpt":{"rendered":"<p>Zatrzaskowa, odporna na korozj\u0119 os\u0142ona przeciwpy\u0142owa do AR-15. \u0141atwa w instalacji.<\/p>\n","protected":false},"featured_media":499452,"template":"","meta":{"_acf_changed":false},"product_brand":[],"product_cat":[12623,12584,12572],"product_tag":[],"class_list":{"0":"post-554497","1":"product","2":"type-product","3":"status-publish","4":"has-post-thumbnail","6":"product_cat-karabin","7":"product_cat-tuning-ar","8":"product_cat-tuning-karabinowy","10":"first","11":"instock","12":"taxable","13":"shipping-taxable","14":"purchasable","15":"product-type-simple"},"acf":[],"_links":{"self":[{"href":"https:\/\/staging.nbg.eu\/pl\/wp-json\/wp\/v2\/product\/554497","targetHints":{"allow":["GET"]}}],"collection":[{"href":"https:\/\/staging.nbg.eu\/pl\/wp-json\/wp\/v2\/product"}],"about":[{"href":"https:\/\/staging.nbg.eu\/pl\/wp-json\/wp\/v2\/types\/product"}],"wp:featuredmedia":[{"embeddable":true,"href":"https:\/\/staging.nbg.eu\/pl\/wp-json\/wp\/v2\/media\/499452"}],"wp:attachment":[{"href":"https:\/\/staging.nbg.eu\/pl\/wp-json\/wp\/v2\/media?parent=554497"}],"wp:term":[{"taxonomy":"product_brand","embeddable":true,"href":"https:\/\/staging.nbg.eu\/pl\/wp-json\/wp\/v2\/product_brand?post=554497"},{"taxonomy":"product_cat","embeddable":true,"href":"https:\/\/staging.nbg.eu\/pl\/wp-json\/wp\/v2\/product_cat?post=554497"},{"taxonomy":"product_tag","embeddable":true,"href":"https:\/\/staging.nbg.eu\/pl\/wp-json\/wp\/v2\/product_tag?post=554497"}],"curies":[{"name":"wp","href":"https:\/\/api.w.org\/{rel}","templated":true}]}}