{"id":554288,"date":"2025-09-06T16:21:27","date_gmt":"2025-09-06T13:21:27","guid":{"rendered":"https:\/\/staging.nbg.eu\/product\/armazone-q-r-viper-30mm\/"},"modified":"2025-10-01T16:26:32","modified_gmt":"2025-10-01T13:26:32","slug":"szkielet-q-r-viper-30mm","status":"publish","type":"product","link":"https:\/\/staging.nbg.eu\/pl\/produkt\/szkielet-q-r-viper-30mm\/","title":{"rendered":"Szkielet Q-R Viper 30mm"},"content":{"rendered":"<h2>Armazone Q-R Viper 30mm<\/h2>\n<p>Armazone Q-R Viper 30mm to adapter QR przeznaczony do urz\u0105dze\u0144 z gwintem M33.5\u00d70.75. Ten jednocz\u0119\u015bciowy adapter zaciskowy umo\u017cliwia integracj\u0119 urz\u0105dze\u0144 noktowizyjnych lub termowizyjnych z r\u00f3\u017cnymi celownikami dziennymi.<\/p>\n<h2>G\u0142\u00f3wne cechy:<\/h2>\n<ul>\n<li>D\u017awignia szybkiego mocowania do \u0142atwego monta\u017cu i demonta\u017cu<\/li>\n<li>Regulacja i instalacja bez u\u017cycia narz\u0119dzi<\/li>\n<li>Specjalna ta\u015bma ArmaZone do redukcji ha\u0142asu podczas monta\u017cu i strzelania<\/li>\n<li>Kompatybilny z urz\u0105dzeniami termowizyjnymi Nitehog<\/li>\n<li>Kompensuje do 1mm ugi\u0119cia w d\u00f3\u0142<\/li>\n<\/ul>\n<p>Armazone Q-R Viper 30mm to rozwi\u0105zanie dla strzelc\u00f3w i my\u015bliwych poszukuj\u0105cych zwi\u0119kszonych mo\u017cliwo\u015bci nocnych.<\/p>\n","protected":false},"excerpt":{"rendered":"<p>Adapter szybkoz\u0142\u0105czny do urz\u0105dze\u0144 termowizyjnych na celownikach Nitehog. Bez u\u017cycia narz\u0119dzi.<\/p>\n","protected":false},"featured_media":499541,"template":"","meta":{"_acf_changed":false},"product_brand":[],"product_cat":[12556,12599,12554],"product_tag":[],"class_list":{"0":"post-554288","1":"product","2":"type-product","3":"status-publish","4":"has-post-thumbnail","6":"product_cat-akcesoria-celownicze","7":"product_cat-celownictwo","8":"product_cat-termowizja","10":"first","11":"instock","12":"taxable","13":"shipping-taxable","14":"purchasable","15":"product-type-simple"},"acf":[],"_links":{"self":[{"href":"https:\/\/staging.nbg.eu\/pl\/wp-json\/wp\/v2\/product\/554288","targetHints":{"allow":["GET"]}}],"collection":[{"href":"https:\/\/staging.nbg.eu\/pl\/wp-json\/wp\/v2\/product"}],"about":[{"href":"https:\/\/staging.nbg.eu\/pl\/wp-json\/wp\/v2\/types\/product"}],"wp:featuredmedia":[{"embeddable":true,"href":"https:\/\/staging.nbg.eu\/pl\/wp-json\/wp\/v2\/media\/499541"}],"wp:attachment":[{"href":"https:\/\/staging.nbg.eu\/pl\/wp-json\/wp\/v2\/media?parent=554288"}],"wp:term":[{"taxonomy":"product_brand","embeddable":true,"href":"https:\/\/staging.nbg.eu\/pl\/wp-json\/wp\/v2\/product_brand?post=554288"},{"taxonomy":"product_cat","embeddable":true,"href":"https:\/\/staging.nbg.eu\/pl\/wp-json\/wp\/v2\/product_cat?post=554288"},{"taxonomy":"product_tag","embeddable":true,"href":"https:\/\/staging.nbg.eu\/pl\/wp-json\/wp\/v2\/product_tag?post=554288"}],"curies":[{"name":"wp","href":"https:\/\/api.w.org\/{rel}","templated":true}]}}