{"id":545566,"date":"2025-09-05T18:15:43","date_gmt":"2025-09-05T15:15:43","guid":{"rendered":"https:\/\/staging.nbg.eu\/product\/kmr-baseball-cap\/"},"modified":"2025-10-01T10:41:10","modified_gmt":"2025-10-01T07:41:10","slug":"czapka-z-daszkiem-kmr","status":"publish","type":"product","link":"https:\/\/staging.nbg.eu\/pl\/produkt\/czapka-z-daszkiem-kmr\/","title":{"rendered":"Czapka z daszkiem KMR"},"content":{"rendered":"<h2>Czapka bejsbolowa KMR<\/h2>\n<h2>Numer referencyjny: 0380-00501-0000<\/h2>\n<p>Czapka bejsbolowa marki KMR Precision Arms. Ta czapka jest przeznaczona do u\u017cytku na strzelnicy lub w terenie. Posiada logo KMR i jest odpowiednia dla strzelc\u00f3w sportowych i entuzjast\u00f3w broni palnej. Ma regulowany pasek, kt\u00f3ry zapewnia odpowiednie dopasowanie, oraz przewiewny materia\u0142. Jest to akcesorium marki KMR.<\/p>\n","protected":false},"excerpt":{"rendered":"<p>Czapka baseballowa KMR: Eleganckie nakrycie g\u0142owy dla strzelc\u00f3w precyzyjnych podczas zawod\u00f3w.<\/p>\n","protected":false},"featured_media":499073,"template":"","meta":{"_acf_changed":false},"product_brand":[],"product_cat":[12639],"product_tag":[],"class_list":{"0":"post-545566","1":"product","2":"type-product","3":"status-publish","4":"has-post-thumbnail","6":"product_cat-bez-kategorii","8":"first","9":"instock","10":"taxable","11":"shipping-taxable","12":"purchasable","13":"product-type-simple"},"acf":[],"_links":{"self":[{"href":"https:\/\/staging.nbg.eu\/pl\/wp-json\/wp\/v2\/product\/545566","targetHints":{"allow":["GET"]}}],"collection":[{"href":"https:\/\/staging.nbg.eu\/pl\/wp-json\/wp\/v2\/product"}],"about":[{"href":"https:\/\/staging.nbg.eu\/pl\/wp-json\/wp\/v2\/types\/product"}],"wp:featuredmedia":[{"embeddable":true,"href":"https:\/\/staging.nbg.eu\/pl\/wp-json\/wp\/v2\/media\/499073"}],"wp:attachment":[{"href":"https:\/\/staging.nbg.eu\/pl\/wp-json\/wp\/v2\/media?parent=545566"}],"wp:term":[{"taxonomy":"product_brand","embeddable":true,"href":"https:\/\/staging.nbg.eu\/pl\/wp-json\/wp\/v2\/product_brand?post=545566"},{"taxonomy":"product_cat","embeddable":true,"href":"https:\/\/staging.nbg.eu\/pl\/wp-json\/wp\/v2\/product_cat?post=545566"},{"taxonomy":"product_tag","embeddable":true,"href":"https:\/\/staging.nbg.eu\/pl\/wp-json\/wp\/v2\/product_tag?post=545566"}],"curies":[{"name":"wp","href":"https:\/\/api.w.org\/{rel}","templated":true}]}}