{"id":545382,"date":"2025-09-05T18:15:06","date_gmt":"2025-09-05T15:15:06","guid":{"rendered":"https:\/\/staging.nbg.eu\/product\/surefire-csp-09-weaponlight-switch\/"},"modified":"2025-10-01T10:33:16","modified_gmt":"2025-10-01T07:33:16","slug":"przelacznik-latarki-surefire-csp-09-weaponlight","status":"publish","type":"product","link":"https:\/\/staging.nbg.eu\/pl\/produkt\/przelacznik-latarki-surefire-csp-09-weaponlight\/","title":{"rendered":"Prze\u0142\u0105cznik latarki Surefire CSP-09 WeaponLight"},"content":{"rendered":"<div class=\"product-description\">\n<h2>Prze\u0142\u0105cznik Surefire CSP-09 WeaponLight<\/h2>\n<h2>Prze\u0142\u0105cznik zdalny na szyn\u0119 Picatinny dla o\u015bwietlenia broni<\/h2>\n<p>Prze\u0142\u0105cznik zdalny Surefire CSP-09 WeaponLight jest przeznaczony do aktywacji o\u015bwietlenia SureFire WeaponLight wyposa\u017conego w gniazdo prze\u0142\u0105cznika.<\/p>\n<h3>G\u0142\u00f3wne cechy:<\/h3>\n<ul>\n<li>Prze\u0142\u0105cznik dwufunkcyjny do pracy chwilowej i ci\u0105g\u0142ej<\/li>\n<li>Mocowanie zaciskowe na szyn\u0119 Picatinny<\/li>\n<li>Kompaktowa konstrukcja<\/li>\n<li>Wykonany z wytrzyma\u0142ego polimeru<\/li>\n<li>Kabel o d\u0142ugo\u015bci 9 cali odpowiedni do wi\u0119kszo\u015bci karabin\u00f3w\/karabink\u00f3w<\/li>\n<\/ul>\n<p>CSP-09 umo\u017cliwia lekkie naci\u015bni\u0119cie dla aktywacji chwilowej lub klikni\u0119cie dla trybu ci\u0105g\u0142ego. Instalacja nie wymaga narz\u0119dzi, a mocowanie do szyny Picatinny zapewnia stabilno\u015b\u0107.<\/p>\n<p>Prze\u0142\u0105cznik Surefire CSP-09 WeaponLight jest kompatybilny ze wszystkimi o\u015bwietleniami SureFire WeaponLight wyposa\u017conymi w gniazdo prze\u0142\u0105cznika.<\/p>\n<\/div>\n","protected":false},"excerpt":{"rendered":"<p>Kompaktowy prze\u0142\u0105cznik zdalny do latarek broni SureFire. \u0141atwy monta\u017c na szyn\u0119 Picatinny.<\/p>\n","protected":false},"featured_media":499050,"template":"","meta":{"_acf_changed":false},"product_brand":[],"product_cat":[12638,12614,12574],"product_tag":[],"class_list":{"0":"post-545382","1":"product","2":"type-product","3":"status-publish","4":"has-post-thumbnail","6":"product_cat-akcesoria-do-latarek","7":"product_cat-latarki","8":"product_cat-latarki-karabinowe","10":"first","11":"instock","12":"taxable","13":"shipping-taxable","14":"purchasable","15":"product-type-simple"},"acf":[],"_links":{"self":[{"href":"https:\/\/staging.nbg.eu\/pl\/wp-json\/wp\/v2\/product\/545382","targetHints":{"allow":["GET"]}}],"collection":[{"href":"https:\/\/staging.nbg.eu\/pl\/wp-json\/wp\/v2\/product"}],"about":[{"href":"https:\/\/staging.nbg.eu\/pl\/wp-json\/wp\/v2\/types\/product"}],"wp:featuredmedia":[{"embeddable":true,"href":"https:\/\/staging.nbg.eu\/pl\/wp-json\/wp\/v2\/media\/499050"}],"wp:attachment":[{"href":"https:\/\/staging.nbg.eu\/pl\/wp-json\/wp\/v2\/media?parent=545382"}],"wp:term":[{"taxonomy":"product_brand","embeddable":true,"href":"https:\/\/staging.nbg.eu\/pl\/wp-json\/wp\/v2\/product_brand?post=545382"},{"taxonomy":"product_cat","embeddable":true,"href":"https:\/\/staging.nbg.eu\/pl\/wp-json\/wp\/v2\/product_cat?post=545382"},{"taxonomy":"product_tag","embeddable":true,"href":"https:\/\/staging.nbg.eu\/pl\/wp-json\/wp\/v2\/product_tag?post=545382"}],"curies":[{"name":"wp","href":"https:\/\/api.w.org\/{rel}","templated":true}]}}