{"id":544909,"date":"2025-09-05T18:09:58","date_gmt":"2025-09-05T15:09:58","guid":{"rendered":"https:\/\/staging.nbg.eu\/product\/magpul-rubber-butt-pad-0-70\/"},"modified":"2025-10-01T10:16:07","modified_gmt":"2025-10-01T07:16:07","slug":"magpul-gumowa-nakladka-kolby-070","status":"publish","type":"product","link":"https:\/\/staging.nbg.eu\/pl\/produkt\/magpul-gumowa-nakladka-kolby-070\/","title":{"rendered":"Magpul &#8211; Gumowa nak\u0142adka kolby &#8211; 0.70&#8243;"},"content":{"rendered":"<div class=\"product-description\">\n<h2>Magpul Gumowa Stopka &#8211; 0,70&#8243;<\/h2>\n<p>Gumowa stopka Magpul o grubo\u015bci 0,70&#8243; jest kompatybilna z r\u00f3\u017cnymi kolbami Magpul, w tym CTR\u00ae, MOE\u00ae Carbine Mil-Spec, UBR\u00ae, STR\u00ae, ACS-L\u2122 i ACS.<\/p>\n<ul>\n<li>Lepsza podpora na ramieniu i redukcja odrzutu<\/li>\n<li>Grubsza, wentylowana konstrukcja<\/li>\n<li>Zawiera wszystkie elementy monta\u017cowe<\/li>\n<li>Wymiary: 13 x 4 x 1,6 cm (w przybli\u017ceniu)<\/li>\n<li>Waga: 62 g (w przybli\u017ceniu)<\/li>\n<li>Wyprodukowano w USA<\/li>\n<\/ul>\n<p><strong>Uwaga:<\/strong> Niekompatybilna z MOE\u00ae Fixed Carbine Stock. Mo\u017ce ogranicza\u0107 pe\u0142ne z\u0142o\u017cenie w przypadku komercyjnych kolb MOE\u00ae\/CTR\u00ae ze wzgl\u0119du na wyd\u0142u\u017cony, \u015bci\u0119ty ty\u0142.<\/p>\n<\/div>\n","protected":false},"excerpt":{"rendered":"<p>Ulepszona gumowa stopka o grubo\u015bci 0,70 cala do kolb Magpul. Zapewnia lepsze podparcie.<\/p>\n","protected":false},"featured_media":498956,"template":"","meta":{"_acf_changed":false},"product_brand":[11554],"product_cat":[12590],"product_tag":[],"class_list":{"0":"post-544909","1":"product","2":"type-product","3":"status-publish","4":"has-post-thumbnail","6":"product_brand-magpul","7":"product_cat-sprzet","9":"first","10":"instock","11":"taxable","12":"shipping-taxable","13":"purchasable","14":"product-type-simple"},"acf":[],"_links":{"self":[{"href":"https:\/\/staging.nbg.eu\/pl\/wp-json\/wp\/v2\/product\/544909","targetHints":{"allow":["GET"]}}],"collection":[{"href":"https:\/\/staging.nbg.eu\/pl\/wp-json\/wp\/v2\/product"}],"about":[{"href":"https:\/\/staging.nbg.eu\/pl\/wp-json\/wp\/v2\/types\/product"}],"wp:featuredmedia":[{"embeddable":true,"href":"https:\/\/staging.nbg.eu\/pl\/wp-json\/wp\/v2\/media\/498956"}],"wp:attachment":[{"href":"https:\/\/staging.nbg.eu\/pl\/wp-json\/wp\/v2\/media?parent=544909"}],"wp:term":[{"taxonomy":"product_brand","embeddable":true,"href":"https:\/\/staging.nbg.eu\/pl\/wp-json\/wp\/v2\/product_brand?post=544909"},{"taxonomy":"product_cat","embeddable":true,"href":"https:\/\/staging.nbg.eu\/pl\/wp-json\/wp\/v2\/product_cat?post=544909"},{"taxonomy":"product_tag","embeddable":true,"href":"https:\/\/staging.nbg.eu\/pl\/wp-json\/wp\/v2\/product_tag?post=544909"}],"curies":[{"name":"wp","href":"https:\/\/api.w.org\/{rel}","templated":true}]}}