{"id":54444,"date":"2024-03-02T07:29:43","date_gmt":"2024-09-13T13:02:20","guid":{"rendered":"https:\/\/staging.nbg.eu\/product\/bore-tech-proof-positive-rifle-jag-multiple-calibers\/"},"modified":"2024-09-13T13:03:26","modified_gmt":"2024-09-13T13:03:26","slug":"bore-tech-proof-positive-jag-do-karabinu-wiele-kalibrow","status":"publish","type":"product","link":"https:\/\/staging.nbg.eu\/pl\/produkt\/bore-tech-proof-positive-jag-do-karabinu-wiele-kalibrow\/","title":{"rendered":"Bore Tech Proof-Positive Jag do Karabinu (Wiele Kalibr\u00f3w)"},"content":{"rendered":"<div class=\"product-description\">\n<h2>Bore Tech Proof-Positive Wycior do Karabinu (R\u00f3\u017cne Kalibry)<\/h2>\n<p>Wycior do \u0142atek karabinowych Bore Tech Proof-Positive eliminuje fa\u0142szywe wskazania zanieczyszczenia miedzi\u0105. Wykonany ze stopu niezawieraj\u0105cego mosi\u0105dzu, jest bezpieczny dla lufy i charakteryzuje si\u0119 wysok\u0105 wytrzyma\u0142o\u015bci\u0105 na rozci\u0105ganie. Cechy obejmuj\u0105:<\/p>\n<ul>\n<li>Podw\u00f3jny zestaw 4 pier\u015bcieni kontaktowych dla lepszego czyszczenia<\/li>\n<li>Precyzyjnie wykonany dla r\u00f3wnomiernego nacisku<\/li>\n<li>Konstrukcja o odwr\u00f3conym zw\u0119\u017ceniu chroni\u0105ca wylot lufy<\/li>\n<\/ul>\n<p>Zapewnia dok\u0142adne czyszczenie luf przy mniejszym zu\u017cyciu materia\u0142\u00f3w.<\/p>\n<\/div>\n","protected":false},"excerpt":{"rendered":"<p>Innowacyjny wycior do karabinu eliminuje fa\u0142szywe wskazania zanieczyszczenia miedzi\u0105.<\/p>\n","protected":false},"featured_media":54445,"template":"","meta":{"_acf_changed":false},"product_brand":[11165],"product_cat":[12604,12629,12631],"product_tag":[],"class_list":{"0":"post-54444","1":"product","2":"type-product","3":"status-publish","4":"has-post-thumbnail","6":"product_brand-boretech","7":"product_cat-czyszczenie-broni","8":"product_cat-przepychacze","9":"product_cat-szczotki","11":"first","12":"instock","13":"taxable","14":"shipping-taxable","15":"purchasable","16":"product-type-variable","17":"wvs-archive-product-wrapper"},"acf":[],"_links":{"self":[{"href":"https:\/\/staging.nbg.eu\/pl\/wp-json\/wp\/v2\/product\/54444","targetHints":{"allow":["GET"]}}],"collection":[{"href":"https:\/\/staging.nbg.eu\/pl\/wp-json\/wp\/v2\/product"}],"about":[{"href":"https:\/\/staging.nbg.eu\/pl\/wp-json\/wp\/v2\/types\/product"}],"wp:featuredmedia":[{"embeddable":true,"href":"https:\/\/staging.nbg.eu\/pl\/wp-json\/wp\/v2\/media\/54445"}],"wp:attachment":[{"href":"https:\/\/staging.nbg.eu\/pl\/wp-json\/wp\/v2\/media?parent=54444"}],"wp:term":[{"taxonomy":"product_brand","embeddable":true,"href":"https:\/\/staging.nbg.eu\/pl\/wp-json\/wp\/v2\/product_brand?post=54444"},{"taxonomy":"product_cat","embeddable":true,"href":"https:\/\/staging.nbg.eu\/pl\/wp-json\/wp\/v2\/product_cat?post=54444"},{"taxonomy":"product_tag","embeddable":true,"href":"https:\/\/staging.nbg.eu\/pl\/wp-json\/wp\/v2\/product_tag?post=54444"}],"curies":[{"name":"wp","href":"https:\/\/api.w.org\/{rel}","templated":true}]}}