{"id":541240,"date":"2025-09-05T18:09:57","date_gmt":"2025-09-05T15:09:57","guid":{"rendered":"https:\/\/staging.nbg.eu\/product\/ase-utra-borelock-30-338-muzzle-brake-5-8x24-unef\/"},"modified":"2025-09-30T17:55:38","modified_gmt":"2025-09-30T14:55:38","slug":"hamulec-wylotowy-ase-utra-borelock-30338-58x24-unef","status":"publish","type":"product","link":"https:\/\/staging.nbg.eu\/pl\/produkt\/hamulec-wylotowy-ase-utra-borelock-30338-58x24-unef\/","title":{"rendered":"Hamulec wylotowy ASE UTRA BoreLock .30\/.338 5\/8&#8243;x24 UNEF"},"content":{"rendered":"<h2>Hamulec wylotowy ASE UTRA BoreLock .30\/.338 5\/8&#8243;x24 UNEF<\/h2>\n<p>Hamulec wylotowy ASE UTRA BoreLock .30\/.338 (Kod: 365P-AU761). Dwucz\u0119\u015bciowa konstrukcja umo\u017cliwia instalacj\u0119 bez podk\u0142adek lub przek\u0142adek, zapewniaj\u0105c precyzyjne ustawienie.<\/p>\n<h2>G\u0142\u00f3wne cechy:<\/h2>\n<ul>\n<li>Kompatybilny z karabinami kalibru .30 i .338<\/li>\n<li>Gwint 5\/8&#8243;x24 UNEF<\/li>\n<li>Dwucz\u0119\u015bciowa konstrukcja BoreLock u\u0142atwiaj\u0105ca instalacj\u0119<\/li>\n<li>Nie wymaga podk\u0142adek ani przek\u0142adek<\/li>\n<li>Precyzyjne ustawienie<\/li>\n<li>Zmniejsza odrzut i unoszenie lufy<\/li>\n<\/ul>\n<p>Hamulec wylotowy ASE UTRA BoreLock zosta\u0142 zaprojektowany dla wydajno\u015bci i \u0142atwo\u015bci u\u017cytkowania.<\/p>\n","protected":false},"excerpt":{"rendered":"<p>Hamulec wylotowy ASE UTRA BoreLock .30\/.338: Szybki, pewny monta\u017c, bez konieczno\u015bci stosowania podk\u0142adek.<\/p>\n","protected":false},"featured_media":498926,"template":"","meta":{"_acf_changed":false},"product_brand":[],"product_cat":[12595,12623,12576,12572],"product_tag":[],"class_list":{"0":"post-541240","1":"product","2":"type-product","3":"status-publish","4":"has-post-thumbnail","6":"product_cat-akcesoria-do-tlumikow","7":"product_cat-karabin","8":"product_cat-tlumiki-karabinowe","9":"product_cat-tuning-karabinowy","11":"first","12":"instock","13":"taxable","14":"shipping-taxable","15":"purchasable","16":"product-type-simple"},"acf":[],"_links":{"self":[{"href":"https:\/\/staging.nbg.eu\/pl\/wp-json\/wp\/v2\/product\/541240","targetHints":{"allow":["GET"]}}],"collection":[{"href":"https:\/\/staging.nbg.eu\/pl\/wp-json\/wp\/v2\/product"}],"about":[{"href":"https:\/\/staging.nbg.eu\/pl\/wp-json\/wp\/v2\/types\/product"}],"wp:featuredmedia":[{"embeddable":true,"href":"https:\/\/staging.nbg.eu\/pl\/wp-json\/wp\/v2\/media\/498926"}],"wp:attachment":[{"href":"https:\/\/staging.nbg.eu\/pl\/wp-json\/wp\/v2\/media?parent=541240"}],"wp:term":[{"taxonomy":"product_brand","embeddable":true,"href":"https:\/\/staging.nbg.eu\/pl\/wp-json\/wp\/v2\/product_brand?post=541240"},{"taxonomy":"product_cat","embeddable":true,"href":"https:\/\/staging.nbg.eu\/pl\/wp-json\/wp\/v2\/product_cat?post=541240"},{"taxonomy":"product_tag","embeddable":true,"href":"https:\/\/staging.nbg.eu\/pl\/wp-json\/wp\/v2\/product_tag?post=541240"}],"curies":[{"name":"wp","href":"https:\/\/api.w.org\/{rel}","templated":true}]}}