{"id":540843,"date":"2025-09-05T18:09:45","date_gmt":"2025-09-05T15:09:45","guid":{"rendered":"https:\/\/staging.nbg.eu\/product\/bullet-berger-cal-6-5-creedmoor-elite-hunter-140gr-100pcs\/"},"modified":"2025-09-30T17:22:42","modified_gmt":"2025-09-30T14:22:42","slug":"pocisk-berger-kal-65-creedmoor-elite-hunter-140gr100szt","status":"publish","type":"product","link":"https:\/\/staging.nbg.eu\/pl\/produkt\/pocisk-berger-kal-65-creedmoor-elite-hunter-140gr100szt\/","title":{"rendered":"Pocisk Berger kal. 6.5 Creedmoor Elite Hunter 140gr.\/100szt."},"content":{"rendered":"<h2>Pocisk Berger kal. 6.5 Creedmoor Elite Hunter 140gr.\/100szt.<\/h2>\n<p>Berger 6.5 Creedmoor 140 Grain Elite Hunter amunicja karabinowa. Przeznaczona do polowa\u0144 na \u015bredni\u0105 zwierzyn\u0119, ten pocisk oferuje:<\/p>\n<ul>\n<li><strong>Sp\u00f3jno\u015b\u0107:<\/strong> Wykorzystuje \u0142uski precyzyjne J4 z ca\u0142kowitym wskazaniem bicia (TIR) +\/-.0003&#8243;<\/li>\n<li><strong>Ogive hybrydowy:<\/strong> \u0141\u0105czy kszta\u0142ty nosa stycznego i siecznego dla \u0142atwego dostrajania i p\u0142askiej trajektorii<\/li>\n<li><strong>Sp\u00f3jny rdze\u0144:<\/strong> Eliminuje potrzeb\u0119 sortowania wagi, zapewniaj\u0105c niezawodny spadek i sp\u00f3jny wsp\u00f3\u0142czynnik balistyczny<\/li>\n<li><strong>Konstrukcja \u0142odzi:<\/strong> Zapewnia przewag\u0119 aerodynamiczn\u0105 na d\u0142u\u017cszych dystansach<\/li>\n<li><strong>\u0141uska my\u015bliwska J4:<\/strong> Pozwala na penetracj\u0119 2-3&#8243; przed szybk\u0105 ekspansj\u0105, tworz\u0105c wstrz\u0105s hydrostatyczny<\/li>\n<\/ul>\n<p>Nadaje si\u0119 do strzelectwa sportowego i \u0142owiectwa, 6.5 Creedmoor Elite Hunter oferuje zewn\u0119trzn\u0105 balistyk\u0119, wydajno\u015b\u0107 terminaln\u0105 i optymalny odrzut. Z G1 BC 0.606 i pr\u0119dko\u015bci\u0105 wylotow\u0105 2750 fps, ta amunicja zapewnia celno\u015b\u0107 i niezawodno\u015b\u0107 na du\u017cych odleg\u0142o\u015bciach.<\/p>\n<p>Specyfikacje:<\/p>\n<ul>\n<li>Waga: 140 Grain<\/li>\n<li>G7 BC: 0.31<\/li>\n<li>Minimalny skr\u0119t: 1:8&#8243; lub szybszy<\/li>\n<li>Maksymalna d\u0142ugo\u015b\u0107 ca\u0142kowita: 2.825&#8243;<\/li>\n<li>Energia wylotowa: 2351 ft-lb<\/li>\n<\/ul>\n<p>Wybierz Berger Elite Hunter na swoje nast\u0119pne polowanie lub zawody strzeleckie.<\/p>\n","protected":false},"excerpt":{"rendered":"<p>Elite Hunter 6.5 Creedmoor: Dok\u0142adny, niezawodny pocisk o wadze 140 gran\u00f3w do polowa\u0144 na \u015bredni\u0105 zwierzyn\u0119.<\/p>\n","protected":false},"featured_media":498856,"template":"","meta":{"_acf_changed":false},"product_brand":[],"product_cat":[12598,12619],"product_tag":[],"class_list":{"0":"post-540843","1":"product","2":"type-product","3":"status-publish","4":"has-post-thumbnail","6":"product_cat-amunicja","7":"product_cat-przeladowywanie","9":"first","10":"instock","11":"taxable","12":"shipping-taxable","13":"product-type-simple"},"acf":[],"_links":{"self":[{"href":"https:\/\/staging.nbg.eu\/pl\/wp-json\/wp\/v2\/product\/540843","targetHints":{"allow":["GET"]}}],"collection":[{"href":"https:\/\/staging.nbg.eu\/pl\/wp-json\/wp\/v2\/product"}],"about":[{"href":"https:\/\/staging.nbg.eu\/pl\/wp-json\/wp\/v2\/types\/product"}],"wp:featuredmedia":[{"embeddable":true,"href":"https:\/\/staging.nbg.eu\/pl\/wp-json\/wp\/v2\/media\/498856"}],"wp:attachment":[{"href":"https:\/\/staging.nbg.eu\/pl\/wp-json\/wp\/v2\/media?parent=540843"}],"wp:term":[{"taxonomy":"product_brand","embeddable":true,"href":"https:\/\/staging.nbg.eu\/pl\/wp-json\/wp\/v2\/product_brand?post=540843"},{"taxonomy":"product_cat","embeddable":true,"href":"https:\/\/staging.nbg.eu\/pl\/wp-json\/wp\/v2\/product_cat?post=540843"},{"taxonomy":"product_tag","embeddable":true,"href":"https:\/\/staging.nbg.eu\/pl\/wp-json\/wp\/v2\/product_tag?post=540843"}],"curies":[{"name":"wp","href":"https:\/\/api.w.org\/{rel}","templated":true}]}}