{"id":54076,"date":"2024-03-02T10:05:47","date_gmt":"2024-09-13T12:58:14","guid":{"rendered":"https:\/\/staging.nbg.eu\/product\/bore-tech-proof-positive-shotgun-jag-12-16-20-ga\/"},"modified":"2024-09-13T12:59:12","modified_gmt":"2024-09-13T12:59:12","slug":"bore-tech-proof-positive-jag-do-strzelby-121620-ga","status":"publish","type":"product","link":"https:\/\/staging.nbg.eu\/pl\/produkt\/bore-tech-proof-positive-jag-do-strzelby-121620-ga\/","title":{"rendered":"Bore Tech Proof-Positive Jag do Strzelby (12\/16\/20 GA)"},"content":{"rendered":"<div class=\"product-description\">\n<h2>Bore Tech Ko\u0144c\u00f3wka do czyszczenia strzelb (kal. 12\/16\/20)<\/h2>\n<p>Ko\u0144c\u00f3wka do czyszczenia strzelb firmy Bore Tech. Cechy:<\/p>\n<ul>\n<li>4 elastyczne p\u0142atki dopasowuj\u0105ce si\u0119 do lufy<\/li>\n<li>Wykonana z wytrzyma\u0142ego nylonu<\/li>\n<li>Kompresuje si\u0119, aby przej\u015b\u0107 przez czoki<\/li>\n<li>Pasuje do standardowych pr\u0119t\u00f3w z gwintem 5\/16-27<\/li>\n<\/ul>\n<p>U\u0142atwia konserwacj\u0119 strzelby. Przydatna dla u\u017cytkownik\u00f3w strzelb.<\/p>\n<p><strong>Cena: 14,99 $<\/strong><\/p>\n<\/div>\n","protected":false},"excerpt":{"rendered":"<p>Elastyczny 4-p\u0142atkowy skrobak do efektywnego czyszczenia strzelby. Bezpieczny dla czoka.<\/p>\n","protected":false},"featured_media":54077,"template":"","meta":{"_acf_changed":false},"product_brand":[11165],"product_cat":[12604,12629,12631],"product_tag":[],"class_list":{"0":"post-54076","1":"product","2":"type-product","3":"status-publish","4":"has-post-thumbnail","6":"product_brand-boretech","7":"product_cat-czyszczenie-broni","8":"product_cat-przepychacze","9":"product_cat-szczotki","11":"first","12":"instock","13":"taxable","14":"shipping-taxable","15":"purchasable","16":"product-type-variable","17":"wvs-archive-product-wrapper"},"acf":[],"_links":{"self":[{"href":"https:\/\/staging.nbg.eu\/pl\/wp-json\/wp\/v2\/product\/54076","targetHints":{"allow":["GET"]}}],"collection":[{"href":"https:\/\/staging.nbg.eu\/pl\/wp-json\/wp\/v2\/product"}],"about":[{"href":"https:\/\/staging.nbg.eu\/pl\/wp-json\/wp\/v2\/types\/product"}],"wp:featuredmedia":[{"embeddable":true,"href":"https:\/\/staging.nbg.eu\/pl\/wp-json\/wp\/v2\/media\/54077"}],"wp:attachment":[{"href":"https:\/\/staging.nbg.eu\/pl\/wp-json\/wp\/v2\/media?parent=54076"}],"wp:term":[{"taxonomy":"product_brand","embeddable":true,"href":"https:\/\/staging.nbg.eu\/pl\/wp-json\/wp\/v2\/product_brand?post=54076"},{"taxonomy":"product_cat","embeddable":true,"href":"https:\/\/staging.nbg.eu\/pl\/wp-json\/wp\/v2\/product_cat?post=54076"},{"taxonomy":"product_tag","embeddable":true,"href":"https:\/\/staging.nbg.eu\/pl\/wp-json\/wp\/v2\/product_tag?post=54076"}],"curies":[{"name":"wp","href":"https:\/\/api.w.org\/{rel}","templated":true}]}}