{"id":539573,"date":"2025-09-05T17:38:18","date_gmt":"2025-09-05T14:38:18","guid":{"rendered":"https:\/\/staging.nbg.eu\/product\/or-leupold-delta-point-mounting-kit-for-l-02-w-02-steel-black\/"},"modified":"2025-09-30T14:24:29","modified_gmt":"2025-09-30T11:24:29","slug":"zestaw-montazowy-or-leupold-delta-point-do-l-02-w-02-stal-czarna","status":"publish","type":"product","link":"https:\/\/staging.nbg.eu\/pl\/produkt\/zestaw-montazowy-or-leupold-delta-point-do-l-02-w-02-stal-czarna\/","title":{"rendered":"Zestaw monta\u017cowy OR LEUPOLD DELTA POINT do L-02, W-02, STAL CZARNA"},"content":{"rendered":"<div class=\"product-description\">\n<h2>ZESTAW MONTA\u017bOWY OR LEUPOLD DELTA POINT PRO LW64<\/h2>\n<p><strong>Numer referencyjny:<\/strong> 0091-01207-0001<\/p>\n<p><strong>Marka:<\/strong> KMR Precision Arms<\/p>\n<h2>Opis<\/h2>\n<p>Zestaw monta\u017cowy OR LEUPOLD DELTA POINT PRO LW64 dla pistoletu KMR L-02 lub W-02. Ta p\u0142ytka bazowa jest przeznaczona dla modeli pistolet\u00f3w KMR L-02 i W-02 przystosowanych do optyki (OR), kompatybilna z optyk\u0105 o standardzie monta\u017cowym Leupold DeltaPoint Pro.<\/p>\n<h2>Szczeg\u00f3\u0142y produktu<\/h2>\n<ul>\n<li>Materia\u0142: Stal<\/li>\n<li>Kolor: Czarny<\/li>\n<li>Zawiera dwie \u015bruby monta\u017cowe M4<\/li>\n<\/ul>\n<h2>Instalacja<\/h2>\n<ol>\n<li>Odkr\u0119\u0107 oryginaln\u0105 p\u0142ytk\u0119 bazow\u0105 z pistoletu<\/li>\n<li>Dok\u0142adnie oczy\u015b\u0107 obszar monta\u017cowy p\u0142ytki<\/li>\n<li>Zainstaluj now\u0105 p\u0142ytk\u0119 bazow\u0105<\/li>\n<li>Dokr\u0119\u0107 dwie do\u0142\u0105czone \u015bruby M4 u\u017cywaj\u0105c kleju do gwint\u00f3w<\/li>\n<\/ol>\n<p><strong>Wa\u017cne:<\/strong> NIE U\u017bYWAJ CZERWONEGO LOCTITE!<\/p>\n<h2>Kompatybilne celowniki kolimatorowe<\/h2>\n<p>Ten zestaw monta\u017cowy jest kompatybilny z r\u00f3\u017cnymi celownikami kolimatorowymi, kt\u00f3re u\u017cywaj\u0105 standardu monta\u017cowego Leupold DeltaPoint Pro, w tym:<\/p>\n<ul>\n<li>Leupold DeltaPoint Pro<\/li>\n<li>Vortex Defender XL<\/li>\n<li>Eotech Eflx<\/li>\n<li>Holosun SCS 320<\/li>\n<li>I wiele innych<\/li>\n<\/ul>\n<p>Ten zestaw monta\u017cowy umo\u017cliwia zamontowanie wybranego celownika kolimatorowego do pistoletu KMR L-02 lub W-02.<\/p>\n<\/div>\n","protected":false},"excerpt":{"rendered":"<p>Stalowa p\u0142yta bazowa do pistolet\u00f3w KMR L-02\/W-02, pasuje do optyki DeltaPoint Pro<\/p>\n","protected":false},"featured_media":497555,"template":"","meta":{"_acf_changed":false},"product_brand":[11510],"product_cat":[12575],"product_tag":[],"class_list":{"0":"post-539573","1":"product","2":"type-product","3":"status-publish","4":"has-post-thumbnail","6":"product_brand-kmr-precision","7":"product_cat-czesci-kmr","9":"first","10":"instock","11":"taxable","12":"shipping-taxable","13":"purchasable","14":"product-type-simple"},"acf":[],"_links":{"self":[{"href":"https:\/\/staging.nbg.eu\/pl\/wp-json\/wp\/v2\/product\/539573","targetHints":{"allow":["GET"]}}],"collection":[{"href":"https:\/\/staging.nbg.eu\/pl\/wp-json\/wp\/v2\/product"}],"about":[{"href":"https:\/\/staging.nbg.eu\/pl\/wp-json\/wp\/v2\/types\/product"}],"wp:featuredmedia":[{"embeddable":true,"href":"https:\/\/staging.nbg.eu\/pl\/wp-json\/wp\/v2\/media\/497555"}],"wp:attachment":[{"href":"https:\/\/staging.nbg.eu\/pl\/wp-json\/wp\/v2\/media?parent=539573"}],"wp:term":[{"taxonomy":"product_brand","embeddable":true,"href":"https:\/\/staging.nbg.eu\/pl\/wp-json\/wp\/v2\/product_brand?post=539573"},{"taxonomy":"product_cat","embeddable":true,"href":"https:\/\/staging.nbg.eu\/pl\/wp-json\/wp\/v2\/product_cat?post=539573"},{"taxonomy":"product_tag","embeddable":true,"href":"https:\/\/staging.nbg.eu\/pl\/wp-json\/wp\/v2\/product_tag?post=539573"}],"curies":[{"name":"wp","href":"https:\/\/api.w.org\/{rel}","templated":true}]}}