{"id":538953,"date":"2025-09-05T17:38:05","date_gmt":"2025-09-05T14:38:05","guid":{"rendered":"https:\/\/staging.nbg.eu\/product\/ar-15-bolt-catch-roll-pin\/"},"modified":"2025-09-30T13:40:10","modified_gmt":"2025-09-30T10:40:10","slug":"sworzen-sprezysty-zatrzasku-zamka-ar-15","status":"publish","type":"product","link":"https:\/\/staging.nbg.eu\/pl\/produkt\/sworzen-sprezysty-zatrzasku-zamka-ar-15\/","title":{"rendered":"Sworze\u0144 spr\u0119\u017cysty zatrzasku zamka AR-15"},"content":{"rendered":"<div class=\"product-description\">\n<h2>Sworze\u0144 rolkowy zatrzasku zamka AR-15<\/h2>\n<p>Sworze\u0144 rolkowy do zatrzasku zamka AR-15. Wyprodukowany w USA, ten element zapewnia niezawodne dzia\u0142anie broni.<\/p>\n<ul>\n<li><strong>Numer Brownells:<\/strong> 100044599<\/li>\n<li><strong>Numer producenta:<\/strong> 55CA547<\/li>\n<li><strong>UPC:<\/strong> 810046231234<\/li>\n<li><strong>Pasuje do modelu:<\/strong> Uniwersalny AR-15<\/li>\n<\/ul>\n<p>Ten sworze\u0144 rolkowy jest przeznaczony do uniwersalnego zastosowania w platformach AR-15, co czyni go odpowiednim dla r\u00f3\u017cnych modeli. Zapewnia bezpieczne i trwa\u0142e po\u0142\u0105czenie dla zespo\u0142u zatrzasku zamka.<\/p>\n<\/div>\n","protected":false},"excerpt":{"rendered":"<p>Sworze\u0144 rolkowy do zaczepu zamka AR-15, produkowany w USA. Niezb\u0119dny do instalacji zaczepu zamka.<\/p>\n","protected":false},"featured_media":497325,"template":"","meta":{"_acf_changed":false},"product_brand":[],"product_cat":[12623,12572],"product_tag":[],"class_list":{"0":"post-538953","1":"product","2":"type-product","3":"status-publish","4":"has-post-thumbnail","6":"product_cat-karabin","7":"product_cat-tuning-karabinowy","9":"first","10":"instock","11":"taxable","12":"shipping-taxable","13":"purchasable","14":"product-type-simple"},"acf":[],"_links":{"self":[{"href":"https:\/\/staging.nbg.eu\/pl\/wp-json\/wp\/v2\/product\/538953","targetHints":{"allow":["GET"]}}],"collection":[{"href":"https:\/\/staging.nbg.eu\/pl\/wp-json\/wp\/v2\/product"}],"about":[{"href":"https:\/\/staging.nbg.eu\/pl\/wp-json\/wp\/v2\/types\/product"}],"wp:featuredmedia":[{"embeddable":true,"href":"https:\/\/staging.nbg.eu\/pl\/wp-json\/wp\/v2\/media\/497325"}],"wp:attachment":[{"href":"https:\/\/staging.nbg.eu\/pl\/wp-json\/wp\/v2\/media?parent=538953"}],"wp:term":[{"taxonomy":"product_brand","embeddable":true,"href":"https:\/\/staging.nbg.eu\/pl\/wp-json\/wp\/v2\/product_brand?post=538953"},{"taxonomy":"product_cat","embeddable":true,"href":"https:\/\/staging.nbg.eu\/pl\/wp-json\/wp\/v2\/product_cat?post=538953"},{"taxonomy":"product_tag","embeddable":true,"href":"https:\/\/staging.nbg.eu\/pl\/wp-json\/wp\/v2\/product_tag?post=538953"}],"curies":[{"name":"wp","href":"https:\/\/api.w.org\/{rel}","templated":true}]}}