{"id":538325,"date":"2025-09-05T17:34:38","date_gmt":"2025-09-05T14:34:38","guid":{"rendered":"https:\/\/staging.nbg.eu\/product\/pistol-cz-shadow-2-orange-cal-9h19\/"},"modified":"2025-09-30T12:41:37","modified_gmt":"2025-09-30T09:41:37","slug":"pistolet-cz-shadow-2-orange-kal9x19","status":"publish","type":"product","link":"https:\/\/staging.nbg.eu\/pl\/produkt\/pistolet-cz-shadow-2-orange-kal9x19\/","title":{"rendered":"Pistolet CZ Shadow 2 Orange kal.9&#215;19"},"content":{"rendered":"<div class=\"product-description\">\n<h2>CZ Shadow 2 Orange<\/h2>\n<p>CZ Shadow 2 Orange to pistolet zaprojektowany dla strzelc\u00f3w sportowych i entuzjast\u00f3w.<\/p>\n<h2>Precyzja<\/h2>\n<ul>\n<li>Tulejka lufy dopasowana fabrycznie<\/li>\n<li>Spust regulowany fabrycznie<\/li>\n<li>R\u0119cznie dopasowany zamek i szkielet<\/li>\n<\/ul>\n<h2>Projekt<\/h2>\n<ul>\n<li>Charakterystyczne chwyty i podstawki magazynk\u00f3w<\/li>\n<li>Du\u017cy przycisk zwalniania magazynka<\/li>\n<li>Wymienny, regulowany zwalniacz magazynka z trzema ustawieniami<\/li>\n<\/ul>\n<h2>Trwa\u0142o\u015b\u0107<\/h2>\n<ul>\n<li>Wyko\u0144czenie azotowane<\/li>\n<li>Dodatkowa pow\u0142oka polimerowa na stalowej ramie<\/li>\n<li>Cienkie aluminiowe chwyty z tekstur\u0105<\/li>\n<\/ul>\n<h2>System celowniczy<\/h2>\n<ul>\n<li>\u015awiat\u0142owodowa muszka<\/li>\n<li>Regulowana szczerbinka HAJO<\/li>\n<\/ul>\n<h2>Specyfikacje<\/h2>\n<ul>\n<li>Kaliber: 9mm Luger<\/li>\n<li>Pojemno\u015b\u0107 magazynka: 17+1 naboi<\/li>\n<li>Materia\u0142 szkieletu: Stal<\/li>\n<li>Mechanizm spustowy: SA\/DA<\/li>\n<li>Lufa: Kuta na zimno, 124 mm<\/li>\n<li>Waga: 1318 g<\/li>\n<li>D\u0142ugo\u015b\u0107 ca\u0142kowita: 217 mm<\/li>\n<\/ul>\n<p>CZ Shadow 2 Orange to pistolet sportowy o zwi\u0119kszonej celno\u015bci, z mo\u017cliwo\u015bci\u0105 dostosowania i solidn\u0105 konstrukcj\u0105.<\/p>\n<\/div>\n","protected":false},"excerpt":{"rendered":"<p>Precyzyjnie skonstruowany pistolet 9mm dla strzelc\u00f3w wyczynowych. Elitarna wydajno\u015b\u0107.<\/p>\n","protected":false},"featured_media":497141,"template":"","meta":{"_acf_changed":false},"product_brand":[],"product_cat":[12580,12570],"product_tag":[],"class_list":{"0":"post-538325","1":"product","2":"type-product","3":"status-publish","4":"has-post-thumbnail","6":"product_cat-pistolet","7":"product_cat-pistolety","9":"first","10":"instock","11":"taxable","12":"shipping-taxable","13":"purchasable","14":"product-type-simple"},"acf":[],"_links":{"self":[{"href":"https:\/\/staging.nbg.eu\/pl\/wp-json\/wp\/v2\/product\/538325","targetHints":{"allow":["GET"]}}],"collection":[{"href":"https:\/\/staging.nbg.eu\/pl\/wp-json\/wp\/v2\/product"}],"about":[{"href":"https:\/\/staging.nbg.eu\/pl\/wp-json\/wp\/v2\/types\/product"}],"wp:featuredmedia":[{"embeddable":true,"href":"https:\/\/staging.nbg.eu\/pl\/wp-json\/wp\/v2\/media\/497141"}],"wp:attachment":[{"href":"https:\/\/staging.nbg.eu\/pl\/wp-json\/wp\/v2\/media?parent=538325"}],"wp:term":[{"taxonomy":"product_brand","embeddable":true,"href":"https:\/\/staging.nbg.eu\/pl\/wp-json\/wp\/v2\/product_brand?post=538325"},{"taxonomy":"product_cat","embeddable":true,"href":"https:\/\/staging.nbg.eu\/pl\/wp-json\/wp\/v2\/product_cat?post=538325"},{"taxonomy":"product_tag","embeddable":true,"href":"https:\/\/staging.nbg.eu\/pl\/wp-json\/wp\/v2\/product_tag?post=538325"}],"curies":[{"name":"wp","href":"https:\/\/api.w.org\/{rel}","templated":true}]}}