{"id":537891,"date":"2025-09-05T17:25:45","date_gmt":"2025-09-05T14:25:45","guid":{"rendered":"https:\/\/staging.nbg.eu\/product\/sons-of-liberty-gun-works-ar-15-bolt-catch-spring\/"},"modified":"2025-09-30T12:11:28","modified_gmt":"2025-09-30T09:11:28","slug":"sprezyna-zatrzasku-zamka-ar-15-sons-of-liberty-gun-works","status":"publish","type":"product","link":"https:\/\/staging.nbg.eu\/pl\/produkt\/sprezyna-zatrzasku-zamka-ar-15-sons-of-liberty-gun-works\/","title":{"rendered":"Spr\u0119\u017cyna zatrzasku zamka AR-15 SONS OF LIBERTY GUN WORKS"},"content":{"rendered":"<div class=\"product-description\">\n<h2>SONS OF LIBERTY GUN WORKS Spr\u0119\u017cyna zatrzasku zamka AR-15 (10 sztuk)<\/h2>\n<p>Spr\u0119\u017cyna zatrzasku zamka do AR-15. Wyprodukowana w USA, zapewnia dzia\u0142anie mechanizmu zatrzasku zamka.<\/p>\n<h2>G\u0142\u00f3wne cechy:<\/h2>\n<ul>\n<li>Przeznaczona do platform AR-15<\/li>\n<li>Trwa\u0142a konstrukcja<\/li>\n<li>Zapewnia funkcjonalno\u015b\u0107 zatrzasku zamka<\/li>\n<li>Wyprodukowana w USA<\/li>\n<li>Sprzedawana w opakowaniu 10 sztuk<\/li>\n<\/ul>\n<p>Szczeg\u00f3\u0142y produktu:<\/p>\n<ul>\n<li>Waga: 0,01 funta<\/li>\n<\/ul>\n<p>Spr\u0119\u017cyna zatrzasku zamka do AR-15 produkcji ameryka\u0144skiej.<\/p>\n<\/div>\n","protected":false},"excerpt":{"rendered":"<p>Spr\u0119\u017cyna zatrzasku zamka AR-15 wyprodukowana w USA. Niezb\u0119dna, trwa\u0142a cz\u0119\u015b\u0107 zamienna.<\/p>\n","protected":false},"featured_media":496940,"template":"","meta":{"_acf_changed":false},"product_brand":[],"product_cat":[12572],"product_tag":[],"class_list":{"0":"post-537891","1":"product","2":"type-product","3":"status-publish","4":"has-post-thumbnail","6":"product_cat-tuning-karabinowy","8":"first","9":"instock","10":"taxable","11":"shipping-taxable","12":"purchasable","13":"product-type-simple"},"acf":[],"_links":{"self":[{"href":"https:\/\/staging.nbg.eu\/pl\/wp-json\/wp\/v2\/product\/537891","targetHints":{"allow":["GET"]}}],"collection":[{"href":"https:\/\/staging.nbg.eu\/pl\/wp-json\/wp\/v2\/product"}],"about":[{"href":"https:\/\/staging.nbg.eu\/pl\/wp-json\/wp\/v2\/types\/product"}],"wp:featuredmedia":[{"embeddable":true,"href":"https:\/\/staging.nbg.eu\/pl\/wp-json\/wp\/v2\/media\/496940"}],"wp:attachment":[{"href":"https:\/\/staging.nbg.eu\/pl\/wp-json\/wp\/v2\/media?parent=537891"}],"wp:term":[{"taxonomy":"product_brand","embeddable":true,"href":"https:\/\/staging.nbg.eu\/pl\/wp-json\/wp\/v2\/product_brand?post=537891"},{"taxonomy":"product_cat","embeddable":true,"href":"https:\/\/staging.nbg.eu\/pl\/wp-json\/wp\/v2\/product_cat?post=537891"},{"taxonomy":"product_tag","embeddable":true,"href":"https:\/\/staging.nbg.eu\/pl\/wp-json\/wp\/v2\/product_tag?post=537891"}],"curies":[{"name":"wp","href":"https:\/\/api.w.org\/{rel}","templated":true}]}}