{"id":536172,"date":"2025-09-05T00:03:26","date_gmt":"2025-09-04T21:03:26","guid":{"rendered":"https:\/\/staging.nbg.eu\/product\/utg-pro-mp5-monolithic-m-lok-handguard\/"},"modified":"2025-09-29T17:06:44","modified_gmt":"2025-09-29T14:06:44","slug":"utg-pro-oslona-reki-monolityczna-mp5-m-lok","status":"publish","type":"product","link":"https:\/\/staging.nbg.eu\/pl\/produkt\/utg-pro-oslona-reki-monolityczna-mp5-m-lok\/","title":{"rendered":"UTG PRO\u00ae Os\u0142ona R\u0119ki Monolityczna MP5 M-LOK"},"content":{"rendered":"<h2>UTG PRO\u00ae MP5 Monolityczna Os\u0142ona \u0141o\u017ca M-LOK<\/h2>\n<p>Os\u0142ona \u0142o\u017ca UTG PRO\u00ae do MP5. Wykonana z aluminium, oferuje trwa\u0142o\u015b\u0107 i funkcjonalno\u015b\u0107 dla broni.<\/p>\n<ul>\n<li>Wyprodukowano w USA<\/li>\n<li>Szyna Picatinny na ca\u0142ej d\u0142ugo\u015bci<\/li>\n<li>Sloty M-LOK na pozycjach 3, 6 i 9 godziny<\/li>\n<li>Niskoprofilowa konstrukcja<\/li>\n<li>\u0141atwa instalacja z do\u0142\u0105czonym sprz\u0119tem<\/li>\n<li>Kompatybilna z wi\u0119kszo\u015bci\u0105 modeli MP5 i klon\u00f3w<\/li>\n<li>Dost\u0119pna w czarnym wyko\u0144czeniu<\/li>\n<\/ul>\n<p>Os\u0142ona \u0142o\u017ca do MP5 z dodatkowymi funkcjami. Dla strzelc\u00f3w sportowych i taktycznych.<\/p>\n","protected":false},"excerpt":{"rendered":"<p>Os\u0142ona lufy UTG PRO\u00ae MP5 M-LOK: Trwa\u0142a, lekka, modu\u0142owa modernizacja.<\/p>\n","protected":false},"featured_media":0,"template":"","meta":{"_acf_changed":false},"product_brand":[],"product_cat":[12623,12571,12572],"product_tag":[],"class_list":{"0":"post-536172","1":"product","2":"type-product","3":"status-publish","5":"product_cat-karabin","6":"product_cat-szyny","7":"product_cat-tuning-karabinowy","9":"first","10":"instock","11":"taxable","12":"shipping-taxable","13":"purchasable","14":"product-type-simple"},"acf":[],"_links":{"self":[{"href":"https:\/\/staging.nbg.eu\/pl\/wp-json\/wp\/v2\/product\/536172","targetHints":{"allow":["GET"]}}],"collection":[{"href":"https:\/\/staging.nbg.eu\/pl\/wp-json\/wp\/v2\/product"}],"about":[{"href":"https:\/\/staging.nbg.eu\/pl\/wp-json\/wp\/v2\/types\/product"}],"wp:attachment":[{"href":"https:\/\/staging.nbg.eu\/pl\/wp-json\/wp\/v2\/media?parent=536172"}],"wp:term":[{"taxonomy":"product_brand","embeddable":true,"href":"https:\/\/staging.nbg.eu\/pl\/wp-json\/wp\/v2\/product_brand?post=536172"},{"taxonomy":"product_cat","embeddable":true,"href":"https:\/\/staging.nbg.eu\/pl\/wp-json\/wp\/v2\/product_cat?post=536172"},{"taxonomy":"product_tag","embeddable":true,"href":"https:\/\/staging.nbg.eu\/pl\/wp-json\/wp\/v2\/product_tag?post=536172"}],"curies":[{"name":"wp","href":"https:\/\/api.w.org\/{rel}","templated":true}]}}