{"id":535629,"date":"2025-09-05T00:01:46","date_gmt":"2025-09-04T21:01:46","guid":{"rendered":"https:\/\/staging.nbg.eu\/product\/rh-502-speedloops-45-mm\/"},"modified":"2025-09-29T16:11:59","modified_gmt":"2025-09-29T13:11:59","slug":"rh-502-speedloops-45-mm","status":"publish","type":"product","link":"https:\/\/staging.nbg.eu\/pl\/produkt\/rh-502-speedloops-45-mm\/","title":{"rendered":"RH .502 Speedloops 45 mm"},"content":{"rendered":"<h2>RH .502 Speedloops 45 mm<\/h2>\n<p>RH .502 Speedloops 45 mm to stalowe p\u0119tle zaprojektowane do pokrowc\u00f3w cydex i produkt\u00f3w RH Holster.<\/p>\n<h3>G\u0142\u00f3wne cechy:<\/h3>\n<ul>\n<li>\u0141atwe w u\u017cyciu: Nie wymagaj\u0105 przewlekania przez pasek<\/li>\n<li>Wykonane z litej stali z czarnym lakierowym wyko\u0144czeniem<\/li>\n<li>Kompatybilne z paskami o grubo\u015bci do 7 mm<\/li>\n<li>Rozmiar 45 mm<\/li>\n<\/ul>\n<p>SpeedLoops RH Holsters umo\u017cliwiaj\u0105 szybkie mocowanie pokrowca cydex do paska. Wystarczy nasun\u0105\u0107 p\u0119tl\u0119 na lekko poluzowany pasek.<\/p>\n<h3>Zalety:<\/h3>\n<ul>\n<li>Zaprojektowane do pokrowc\u00f3w cydex<\/li>\n<li>Kompatybilne z pokrowcami RH Holster<\/li>\n<li>Eliminuj\u0105 konieczno\u015b\u0107 przewlekania paska<\/li>\n<\/ul>\n<p><strong>Kolor:<\/strong> Czarny<\/p>\n<p><strong>Rozmiar:<\/strong> 45 mm<\/p>\n<p>RH .502 Speedloops 45 mm zapewniaj\u0105 wygod\u0119 i funkcjonalno\u015b\u0107.<\/p>\n","protected":false},"excerpt":{"rendered":"<p>P\u0119tle RH .502 Speedloops: Szybko mocowane stalowe p\u0119tle do futera\u0142\u00f3w Cydex, 45mm.<\/p>\n","protected":false},"featured_media":496154,"template":"","meta":{"_acf_changed":false},"product_brand":[11641],"product_cat":[12610],"product_tag":[],"class_list":{"0":"post-535629","1":"product","2":"type-product","3":"status-publish","4":"has-post-thumbnail","6":"product_brand-rh-holsters","7":"product_cat-akcesoria-do-kabur","9":"first","10":"outofstock","11":"taxable","12":"shipping-taxable","13":"purchasable","14":"product-type-simple"},"acf":[],"_links":{"self":[{"href":"https:\/\/staging.nbg.eu\/pl\/wp-json\/wp\/v2\/product\/535629","targetHints":{"allow":["GET"]}}],"collection":[{"href":"https:\/\/staging.nbg.eu\/pl\/wp-json\/wp\/v2\/product"}],"about":[{"href":"https:\/\/staging.nbg.eu\/pl\/wp-json\/wp\/v2\/types\/product"}],"wp:featuredmedia":[{"embeddable":true,"href":"https:\/\/staging.nbg.eu\/pl\/wp-json\/wp\/v2\/media\/496154"}],"wp:attachment":[{"href":"https:\/\/staging.nbg.eu\/pl\/wp-json\/wp\/v2\/media?parent=535629"}],"wp:term":[{"taxonomy":"product_brand","embeddable":true,"href":"https:\/\/staging.nbg.eu\/pl\/wp-json\/wp\/v2\/product_brand?post=535629"},{"taxonomy":"product_cat","embeddable":true,"href":"https:\/\/staging.nbg.eu\/pl\/wp-json\/wp\/v2\/product_cat?post=535629"},{"taxonomy":"product_tag","embeddable":true,"href":"https:\/\/staging.nbg.eu\/pl\/wp-json\/wp\/v2\/product_tag?post=535629"}],"curies":[{"name":"wp","href":"https:\/\/api.w.org\/{rel}","templated":true}]}}