{"id":535420,"date":"2025-09-04T23:53:51","date_gmt":"2025-09-04T20:53:51","guid":{"rendered":"https:\/\/staging.nbg.eu\/product\/law-tactical-llc-ar-15-m16-gen3-m-folding-stock-adapter-99312\/"},"modified":"2025-09-29T15:52:00","modified_gmt":"2025-09-29T12:52:00","slug":"law-tactical-llc-adapter-kolby-skladanej-ar-15m16-gen3-m-99312","status":"publish","type":"product","link":"https:\/\/staging.nbg.eu\/pl\/produkt\/law-tactical-llc-adapter-kolby-skladanej-ar-15m16-gen3-m-99312\/","title":{"rendered":"LAW TACTICAL LLC Adapter Kolby Sk\u0142adanej AR-15\/M16 Gen3-M (99312)"},"content":{"rendered":"<h2>LAW TACTICAL LLC Adapter Sk\u0142adanej Kolby AR-15\/M16 Gen3-M (99312)<\/h2>\n<p>Adapter sk\u0142adanej kolby kompatybilny z karabinami AR. Dzia\u0142a z systemami bezpo\u015bredniego impingementu i z t\u0142okiem gazowym, pasuje do rurek buforowych i kolb A2, karabinowych, mil-spec lub komercyjnych.<\/p>\n<ul>\n<li>Kompatybilny ze standardowymi zespo\u0142ami zamka (pe\u0142ny automat, p\u00f3\u0142automat, od 5,56 do .308)<\/li>\n<li>Przeznaczony do transportu o niskim profilu<\/li>\n<li>Sk\u0142adanie za pomoc\u0105 jednego przycisku<\/li>\n<li>Automatyczne blokowanie po roz\u0142o\u017ceniu<\/li>\n<li>Wykonany z stali 4140 metod\u0105 CNC<\/li>\n<li>Zaprojektowany i wyprodukowany w USA<\/li>\n<li>Zintegrowane mocowanie do zawieszenia jednopunktowego<\/li>\n<\/ul>\n<p>Zwi\u0119ksza wszechstronno\u015b\u0107 karabinu AR. Umo\u017cliwia bardziej kompaktowe przechowywanie broni.<\/p>\n","protected":false},"excerpt":{"rendered":"<p>Kompaktowy adapter sk\u0142adanej kolby do AR-15\/M16 umo\u017cliwiaj\u0105cy transport o niskim profilu.<\/p>\n","protected":false},"featured_media":496059,"template":"","meta":{"_acf_changed":false},"product_brand":[],"product_cat":[12623,12583,12572],"product_tag":[],"class_list":{"0":"post-535420","1":"product","2":"type-product","3":"status-publish","4":"has-post-thumbnail","6":"product_cat-karabin","7":"product_cat-kolby-karabinowe","8":"product_cat-tuning-karabinowy","10":"first","11":"instock","12":"taxable","13":"shipping-taxable","14":"purchasable","15":"product-type-simple"},"acf":[],"_links":{"self":[{"href":"https:\/\/staging.nbg.eu\/pl\/wp-json\/wp\/v2\/product\/535420","targetHints":{"allow":["GET"]}}],"collection":[{"href":"https:\/\/staging.nbg.eu\/pl\/wp-json\/wp\/v2\/product"}],"about":[{"href":"https:\/\/staging.nbg.eu\/pl\/wp-json\/wp\/v2\/types\/product"}],"wp:featuredmedia":[{"embeddable":true,"href":"https:\/\/staging.nbg.eu\/pl\/wp-json\/wp\/v2\/media\/496059"}],"wp:attachment":[{"href":"https:\/\/staging.nbg.eu\/pl\/wp-json\/wp\/v2\/media?parent=535420"}],"wp:term":[{"taxonomy":"product_brand","embeddable":true,"href":"https:\/\/staging.nbg.eu\/pl\/wp-json\/wp\/v2\/product_brand?post=535420"},{"taxonomy":"product_cat","embeddable":true,"href":"https:\/\/staging.nbg.eu\/pl\/wp-json\/wp\/v2\/product_cat?post=535420"},{"taxonomy":"product_tag","embeddable":true,"href":"https:\/\/staging.nbg.eu\/pl\/wp-json\/wp\/v2\/product_tag?post=535420"}],"curies":[{"name":"wp","href":"https:\/\/api.w.org\/{rel}","templated":true}]}}