{"id":535310,"date":"2025-09-04T23:53:23","date_gmt":"2025-09-04T20:53:23","guid":{"rendered":"https:\/\/staging.nbg.eu\/product\/bravo-company-bcmgunfighter-quick-detach-sling-swivel-heavy-duty-design-bcm-qdss-2\/"},"modified":"2025-09-29T15:43:01","modified_gmt":"2025-09-29T12:43:01","slug":"bravo-company-bcmgunfighter-szybkozlacze-paska-wzmocniona-konstrukcja-bcm-qdss-2","status":"publish","type":"product","link":"https:\/\/staging.nbg.eu\/pl\/produkt\/bravo-company-bcmgunfighter-szybkozlacze-paska-wzmocniona-konstrukcja-bcm-qdss-2\/","title":{"rendered":"BRAVO COMPANY BCMGUNFIGHTER Szybkoz\u0142\u0105cze Paska Wzmocniona Konstrukcja (BCM-QDSs-2)"},"content":{"rendered":"<h2>Odpinany zaczep do paska BCMGUNFIGHTER\u2122 (Wzmocniona konstrukcja)<\/h2>\n<p>BCMGUNFIGHTER\u2122 Odpinany zaczep do paska (BCM-QDSs-2). Wzmocniona konstrukcja do pask\u00f3w o szeroko\u015bci 1-1\/4&#8243;.<\/p>\n<ul>\n<li>P\u0142aski przycisk zapobiega przypadkowemu odpi\u0119ciu<\/li>\n<li>Wyg\u0142adzony i piaskowany przed powlekaniem<\/li>\n<li>Wykonany ze stali w\u0119glowej z fosforanow\u0105 pow\u0142ok\u0105 manganow\u0105<\/li>\n<li>Kompatybilny z paskami o szeroko\u015bci 1-1\/4&#8243;<\/li>\n<\/ul>\n<p>Produkt wyprodukowany w USA.<\/p>\n","protected":false},"excerpt":{"rendered":"<p>Wytrzyma\u0142y karabi\u0144czyk do pas\u00f3w o szeroko\u015bci 1,25 cala, wyprodukowany w USA. Bezpieczny i trwa\u0142y.<\/p>\n","protected":false},"featured_media":495898,"template":"","meta":{"_acf_changed":false},"product_brand":[11074],"product_cat":[12586,12623,12572],"product_tag":[],"class_list":{"0":"post-535310","1":"product","2":"type-product","3":"status-publish","4":"has-post-thumbnail","6":"product_brand-bcm","7":"product_cat-chusty","8":"product_cat-karabin","9":"product_cat-tuning-karabinowy","11":"first","12":"outofstock","13":"taxable","14":"shipping-taxable","15":"purchasable","16":"product-type-simple"},"acf":[],"_links":{"self":[{"href":"https:\/\/staging.nbg.eu\/pl\/wp-json\/wp\/v2\/product\/535310","targetHints":{"allow":["GET"]}}],"collection":[{"href":"https:\/\/staging.nbg.eu\/pl\/wp-json\/wp\/v2\/product"}],"about":[{"href":"https:\/\/staging.nbg.eu\/pl\/wp-json\/wp\/v2\/types\/product"}],"wp:featuredmedia":[{"embeddable":true,"href":"https:\/\/staging.nbg.eu\/pl\/wp-json\/wp\/v2\/media\/495898"}],"wp:attachment":[{"href":"https:\/\/staging.nbg.eu\/pl\/wp-json\/wp\/v2\/media?parent=535310"}],"wp:term":[{"taxonomy":"product_brand","embeddable":true,"href":"https:\/\/staging.nbg.eu\/pl\/wp-json\/wp\/v2\/product_brand?post=535310"},{"taxonomy":"product_cat","embeddable":true,"href":"https:\/\/staging.nbg.eu\/pl\/wp-json\/wp\/v2\/product_cat?post=535310"},{"taxonomy":"product_tag","embeddable":true,"href":"https:\/\/staging.nbg.eu\/pl\/wp-json\/wp\/v2\/product_tag?post=535310"}],"curies":[{"name":"wp","href":"https:\/\/api.w.org\/{rel}","templated":true}]}}