{"id":535090,"date":"2025-09-04T20:17:18","date_gmt":"2025-09-04T17:17:18","guid":{"rendered":"https:\/\/staging.nbg.eu\/product\/sprinco-usa-308-m4-extension-tube-cs-xp-buffer-spring-in-hard-tube-25762-orange\/"},"modified":"2025-09-29T15:16:43","modified_gmt":"2025-09-29T12:16:43","slug":"sprinco-usa-308-m4-sprezyna-buforowa-xp-cs-do-rurki-przedluzajacej-w-twardym-tubie-25762-pomaranczowa","status":"publish","type":"product","link":"https:\/\/staging.nbg.eu\/pl\/produkt\/sprinco-usa-308-m4-sprezyna-buforowa-xp-cs-do-rurki-przedluzajacej-w-twardym-tubie-25762-pomaranczowa\/","title":{"rendered":"SPRINCO USA 308 M4 Spr\u0119\u017cyna Buforowa XP CS do Rurki Przed\u0142u\u017caj\u0105cej w Twardym Tubie (25762) Pomara\u0144czowa"},"content":{"rendered":"<div class=\"product-description\">\n<h2>SPRINCO USA 308 M4 Spr\u0119\u017cyna bufora do rury przed\u0142u\u017caj\u0105cej CS XP w twardej tubie (25762) Pomara\u0144czowa<\/h2>\n<p>Spr\u0119\u017cyna bufora do du\u017cych karabink\u00f3w, zaprojektowana do u\u017cytku w r\u00f3\u017cnych konfiguracjach:<\/p>\n<ul>\n<li>DPMS Pattern .308 \/ 6.5 CM ze standardow\u0105 7-calow\u0105 rur\u0105 bufora M4 i 2,5-calowym kr\u00f3tkim buforem<\/li>\n<li>SR-25 \/ Armalite Pattern karabinki \u015bredniej d\u0142ugo\u015bci z buforami 3,25 cala<\/li>\n<li>Standardowe 7-calowe rury M4 w karabinkach z nadmiernym odprowadzaniem gaz\u00f3w (5.56, 6.8 SPC, 6.5 Grendel, itp.)<\/li>\n<\/ul>\n<p>Spr\u0119\u017cyna bufora do r\u00f3\u017cnych typ\u00f3w broni palnej. Pakowana w twardej tubie dla ochrony podczas transportu i przechowywania.<\/p>\n<\/div>\n","protected":false},"excerpt":{"rendered":"<p>Uniwersalna spr\u0119\u017cyna buforowa do karabin\u00f3w .308\/6,5 CM i przegrzanych karabin\u00f3w.<\/p>\n","protected":false},"featured_media":495552,"template":"","meta":{"_acf_changed":false},"product_brand":[],"product_cat":[12623,12634,12572],"product_tag":[],"class_list":{"0":"post-535090","1":"product","2":"type-product","3":"status-publish","4":"has-post-thumbnail","6":"product_cat-karabin","7":"product_cat-sprezyny","8":"product_cat-tuning-karabinowy","10":"first","11":"instock","12":"taxable","13":"shipping-taxable","14":"purchasable","15":"product-type-simple"},"acf":[],"_links":{"self":[{"href":"https:\/\/staging.nbg.eu\/pl\/wp-json\/wp\/v2\/product\/535090","targetHints":{"allow":["GET"]}}],"collection":[{"href":"https:\/\/staging.nbg.eu\/pl\/wp-json\/wp\/v2\/product"}],"about":[{"href":"https:\/\/staging.nbg.eu\/pl\/wp-json\/wp\/v2\/types\/product"}],"wp:featuredmedia":[{"embeddable":true,"href":"https:\/\/staging.nbg.eu\/pl\/wp-json\/wp\/v2\/media\/495552"}],"wp:attachment":[{"href":"https:\/\/staging.nbg.eu\/pl\/wp-json\/wp\/v2\/media?parent=535090"}],"wp:term":[{"taxonomy":"product_brand","embeddable":true,"href":"https:\/\/staging.nbg.eu\/pl\/wp-json\/wp\/v2\/product_brand?post=535090"},{"taxonomy":"product_cat","embeddable":true,"href":"https:\/\/staging.nbg.eu\/pl\/wp-json\/wp\/v2\/product_cat?post=535090"},{"taxonomy":"product_tag","embeddable":true,"href":"https:\/\/staging.nbg.eu\/pl\/wp-json\/wp\/v2\/product_tag?post=535090"}],"curies":[{"name":"wp","href":"https:\/\/api.w.org\/{rel}","templated":true}]}}